{"id":12116,"date":"2024-12-27T11:30:58","date_gmt":"2024-12-27T08:30:58","guid":{"rendered":"https:\/\/ceoparts.com\/?post_type=product&#038;p=12116"},"modified":"2026-05-16T09:38:25","modified_gmt":"2026-05-16T06:38:25","slug":"25x15-mm-catal-mekanizma-burc","status":"publish","type":"product","link":"https:\/\/ceoparts.com\/fr\/urun\/25x15-mm-catal-mekanizma-burc\/","title":{"rendered":"25&#215;15 Douille du m\u00e9canisme de fourche"},"content":{"rendered":"<p>25&#215;15 Douille du m\u00e9canisme de fourche<\/p>","protected":false},"excerpt":{"rendered":"<p data-start=\"72\" data-end=\"460\"><br data-start=\"2754\" data-end=\"2757\" \/>La bague de m\u00e9canisme de fourche 25\u00d715 mm est une pi\u00e8ce robuste utilis\u00e9e dans les syst\u00e8mes de fourche des chariots \u00e9l\u00e9vateurs et gerbeurs pour soutenir les connexions d\u2019axe des pi\u00e8ces mobiles et pr\u00e9venir l\u2019usure. Fabriqu\u00e9e en acier haute r\u00e9sistance, elle est r\u00e9sistante aux frottements et aux chocs. Garantit un fonctionnement stable, silencieux et fiable du m\u00e9canisme de fourche.<\/p>\n<p data-start=\"3139\" data-end=\"3494\"><strong data-start=\"3139\" data-end=\"3161\">Caract\u00e9ristiques :<\/strong><br data-start=\"3161\" data-end=\"3164\" \/><strong data-start=\"3164\" data-end=\"3184\">Nom du produit :<\/strong> Bague de m\u00e9canisme de fourche 25\u00d715 mm<br data-start=\"3223\" data-end=\"3226\" \/><strong data-start=\"3226\" data-end=\"3242\">Code pi\u00e8ce :<\/strong> &#8211;<br data-start=\"3244\" data-end=\"3247\" \/><strong data-start=\"3247\" data-end=\"3261\">Mat\u00e9riau :<\/strong> Acier haute r\u00e9sistance<br data-start=\"3284\" data-end=\"3287\" \/><strong data-start=\"3287\" data-end=\"3313\">Domaine d\u2019utilisation:<\/strong> Connexions de m\u00e9canisme de fourche des chariots \u00e9l\u00e9vateurs et gerbeurs<br data-start=\"3384\" data-end=\"3387\" \/><strong data-start=\"3387\" data-end=\"3400\">Avantage:<\/strong> R\u00e9sistante \u00e0 l\u2019usure et aux chocs, longue dur\u00e9e de vie, fonctionnement silencieux et stable<\/p>\n<p data-start=\"3496\" data-end=\"3894\">\n","protected":false},"featured_media":12282,"template":"","meta":[],"product_brand":[],"product_cat":[441,464,465],"product_tag":[],"class_list":{"0":"post-12116","1":"product","2":"type-product","3":"status-publish","4":"has-post-thumbnail","6":"product_cat-yedek-parca","7":"product_cat-burc-ve-mill-grubu","8":"product_cat-catal-burclari","10":"first","11":"instock","12":"taxable","13":"shipping-taxable","14":"purchasable","15":"product-type-simple"},"_links":{"self":[{"href":"https:\/\/ceoparts.com\/fr\/wp-json\/wp\/v2\/product\/12116","targetHints":{"allow":["GET"]}}],"collection":[{"href":"https:\/\/ceoparts.com\/fr\/wp-json\/wp\/v2\/product"}],"about":[{"href":"https:\/\/ceoparts.com\/fr\/wp-json\/wp\/v2\/types\/product"}],"wp:featuredmedia":[{"embeddable":true,"href":"https:\/\/ceoparts.com\/fr\/wp-json\/wp\/v2\/media\/12282"}],"wp:attachment":[{"href":"https:\/\/ceoparts.com\/fr\/wp-json\/wp\/v2\/media?parent=12116"}],"wp:term":[{"taxonomy":"product_brand","embeddable":true,"href":"https:\/\/ceoparts.com\/fr\/wp-json\/wp\/v2\/product_brand?post=12116"},{"taxonomy":"product_cat","embeddable":true,"href":"https:\/\/ceoparts.com\/fr\/wp-json\/wp\/v2\/product_cat?post=12116"},{"taxonomy":"product_tag","embeddable":true,"href":"https:\/\/ceoparts.com\/fr\/wp-json\/wp\/v2\/product_tag?post=12116"}],"curies":[{"name":"wp","href":"https:\/\/api.w.org\/{rel}","templated":true}]}}