{"id":12128,"date":"2024-12-27T11:45:32","date_gmt":"2024-12-27T08:45:32","guid":{"rendered":"https:\/\/ceoparts.com\/?post_type=product&#038;p=12128"},"modified":"2026-05-16T15:08:35","modified_gmt":"2026-05-16T12:08:35","slug":"203x25x34-mm-ere-120-catal-mekanizma-burc","status":"publish","type":"product","link":"https:\/\/ceoparts.com\/fr\/urun\/203x25x34-mm-ere-120-catal-mekanizma-burc\/","title":{"rendered":"20,3x25x34 mm ERE 120 Douille du m\u00e9canisme de fourche &#8211; 5146411"},"content":{"rendered":"<p>20,3x25x34 mm ERE 120 Douille du m\u00e9canisme de fourche &#8211; 5146411<\/p>","protected":false},"excerpt":{"rendered":"<p data-start=\"0\" data-end=\"350\"><br data-start=\"2599\" data-end=\"2602\" \/>La bague de m\u00e9canisme de fourche 20,3\u00d725\u00d734 mm ERE 120 est une pi\u00e8ce robuste utilis\u00e9e dans les connexions du m\u00e9canisme de fourche des gerbeurs Jungheinrich ERE 120. Fabriqu\u00e9e en acier haute r\u00e9sistance avec traitement de surface, elle garantit un fonctionnement \u00e9quilibr\u00e9 et s\u00e9curis\u00e9 du syst\u00e8me de fourche.<\/p>\n<p data-start=\"2909\" data-end=\"3267\"><strong data-start=\"2909\" data-end=\"2931\">Caract\u00e9ristiques :<\/strong><br data-start=\"2931\" data-end=\"2934\" \/><strong data-start=\"2934\" data-end=\"2954\">Nom du produit :<\/strong> Bague de m\u00e9canisme de fourche 20,3\u00d725\u00d734 mm ERE 120<br data-start=\"3006\" data-end=\"3009\" \/><strong data-start=\"3009\" data-end=\"3025\">Code pi\u00e8ce :<\/strong> 5146411<br data-start=\"3033\" data-end=\"3036\" \/><strong data-start=\"3036\" data-end=\"3050\">Mat\u00e9riau :<\/strong> Acier haute r\u00e9sistance<br data-start=\"3073\" data-end=\"3076\" \/><strong data-start=\"3076\" data-end=\"3102\">Domaine d\u2019utilisation:<\/strong> Connexions de m\u00e9canisme de fourche des gerbeurs Jungheinrich ERE 120<br data-start=\"3171\" data-end=\"3174\" \/><strong data-start=\"3174\" data-end=\"3187\">Avantage:<\/strong> R\u00e9sistance \u00e0 l\u2019usure et aux chocs, longue dur\u00e9e de vie, fonctionnement stable<\/p>\n<p data-start=\"3269\" data-end=\"3620\">\n","protected":false},"featured_media":12295,"template":"","meta":[],"product_brand":[],"product_cat":[441,464,465],"product_tag":[],"class_list":{"0":"post-12128","1":"product","2":"type-product","3":"status-publish","4":"has-post-thumbnail","6":"product_cat-yedek-parca","7":"product_cat-burc-ve-mill-grubu","8":"product_cat-catal-burclari","10":"first","11":"instock","12":"taxable","13":"shipping-taxable","14":"purchasable","15":"product-type-simple"},"_links":{"self":[{"href":"https:\/\/ceoparts.com\/fr\/wp-json\/wp\/v2\/product\/12128","targetHints":{"allow":["GET"]}}],"collection":[{"href":"https:\/\/ceoparts.com\/fr\/wp-json\/wp\/v2\/product"}],"about":[{"href":"https:\/\/ceoparts.com\/fr\/wp-json\/wp\/v2\/types\/product"}],"wp:featuredmedia":[{"embeddable":true,"href":"https:\/\/ceoparts.com\/fr\/wp-json\/wp\/v2\/media\/12295"}],"wp:attachment":[{"href":"https:\/\/ceoparts.com\/fr\/wp-json\/wp\/v2\/media?parent=12128"}],"wp:term":[{"taxonomy":"product_brand","embeddable":true,"href":"https:\/\/ceoparts.com\/fr\/wp-json\/wp\/v2\/product_brand?post=12128"},{"taxonomy":"product_cat","embeddable":true,"href":"https:\/\/ceoparts.com\/fr\/wp-json\/wp\/v2\/product_cat?post=12128"},{"taxonomy":"product_tag","embeddable":true,"href":"https:\/\/ceoparts.com\/fr\/wp-json\/wp\/v2\/product_tag?post=12128"}],"curies":[{"name":"wp","href":"https:\/\/api.w.org\/{rel}","templated":true}]}}