{"id":12152,"date":"2024-12-27T14:19:08","date_gmt":"2024-12-27T11:19:08","guid":{"rendered":"https:\/\/ceoparts.com\/?post_type=product&#038;p=12152"},"modified":"2026-05-16T15:09:26","modified_gmt":"2026-05-16T12:09:26","slug":"m12-denge-teker-burcu","status":"publish","type":"product","link":"https:\/\/ceoparts.com\/fr\/urun\/m12-denge-teker-burcu\/","title":{"rendered":"M12 Douille de roue d&#8217;\u00e9quilibrage"},"content":{"rendered":"<p>M12 Douille de roue d&#8217;\u00e9quilibrage<\/p>","protected":false},"excerpt":{"rendered":"<p data-start=\"0\" data-end=\"322\"><br data-start=\"2285\" data-end=\"2288\" \/>La bague de roue d\u2019\u00e9quilibrage M12 est un composant robuste utilis\u00e9 pour soutenir la connexion de l\u2019axe des roues d\u2019\u00e9quilibrage dans les chariots \u00e9l\u00e9vateurs et gerbeurs. Fabriqu\u00e9e en acier haute r\u00e9sistance avec traitement de surface, elle assure un fonctionnement stable du syst\u00e8me d\u2019\u00e9quilibrage et prolonge la dur\u00e9e de vie de l\u2019\u00e9quipement.<\/p>\n<p data-start=\"2630\" data-end=\"2936\"><strong data-start=\"2630\" data-end=\"2652\">Caract\u00e9ristiques :<\/strong><br data-start=\"2652\" data-end=\"2655\" \/><strong data-start=\"2655\" data-end=\"2675\">Nom du produit :<\/strong> Bague de roue d\u2019\u00e9quilibrage M12<br data-start=\"2707\" data-end=\"2710\" \/><strong data-start=\"2710\" data-end=\"2726\">Code pi\u00e8ce :<\/strong> &#8211;<br data-start=\"2728\" data-end=\"2731\" \/><strong data-start=\"2731\" data-end=\"2745\">Mat\u00e9riau :<\/strong> Acier haute r\u00e9sistance<br data-start=\"2768\" data-end=\"2771\" \/><strong data-start=\"2771\" data-end=\"2797\">Domaine d\u2019utilisation:<\/strong> Roues d\u2019\u00e9quilibrage des chariots \u00e9l\u00e9vateurs et gerbeurs<br data-start=\"2853\" data-end=\"2856\" \/><strong data-start=\"2856\" data-end=\"2869\">Avantage:<\/strong> Structure r\u00e9sistante aux chocs et \u00e0 l\u2019usure, longue dur\u00e9e de vie<\/p>\n<p data-start=\"2938\" data-end=\"3309\">\n","protected":false},"featured_media":12304,"template":"","meta":[],"product_brand":[],"product_cat":[441,464,466],"product_tag":[],"class_list":{"0":"post-12152","1":"product","2":"type-product","3":"status-publish","4":"has-post-thumbnail","6":"product_cat-yedek-parca","7":"product_cat-burc-ve-mill-grubu","8":"product_cat-denge-teker-burcu","10":"first","11":"instock","12":"taxable","13":"shipping-taxable","14":"purchasable","15":"product-type-simple"},"_links":{"self":[{"href":"https:\/\/ceoparts.com\/fr\/wp-json\/wp\/v2\/product\/12152","targetHints":{"allow":["GET"]}}],"collection":[{"href":"https:\/\/ceoparts.com\/fr\/wp-json\/wp\/v2\/product"}],"about":[{"href":"https:\/\/ceoparts.com\/fr\/wp-json\/wp\/v2\/types\/product"}],"wp:featuredmedia":[{"embeddable":true,"href":"https:\/\/ceoparts.com\/fr\/wp-json\/wp\/v2\/media\/12304"}],"wp:attachment":[{"href":"https:\/\/ceoparts.com\/fr\/wp-json\/wp\/v2\/media?parent=12152"}],"wp:term":[{"taxonomy":"product_brand","embeddable":true,"href":"https:\/\/ceoparts.com\/fr\/wp-json\/wp\/v2\/product_brand?post=12152"},{"taxonomy":"product_cat","embeddable":true,"href":"https:\/\/ceoparts.com\/fr\/wp-json\/wp\/v2\/product_cat?post=12152"},{"taxonomy":"product_tag","embeddable":true,"href":"https:\/\/ceoparts.com\/fr\/wp-json\/wp\/v2\/product_tag?post=12152"}],"curies":[{"name":"wp","href":"https:\/\/api.w.org\/{rel}","templated":true}]}}