{"id":12169,"date":"2024-12-27T15:01:09","date_gmt":"2024-12-27T12:01:09","guid":{"rendered":"https:\/\/ceoparts.com\/?post_type=product&#038;p=12169"},"modified":"2026-05-16T18:40:42","modified_gmt":"2026-05-16T15:40:42","slug":"20x170-mm-jungheinrich-mil-51023795","status":"publish","type":"product","link":"https:\/\/ceoparts.com\/fr\/urun\/20x170-mm-jungheinrich-mil-51023795\/","title":{"rendered":"20&#215;170 mm Jungheinrich ERE 120 Arbre &#8211; 51023795"},"content":{"rendered":"<p>20&#215;170 mm Jungheinrich ERE 120 Arbre &#8211; 51023795<\/p>","protected":false},"excerpt":{"rendered":"<p data-start=\"0\" data-end=\"360\"><br data-start=\"2670\" data-end=\"2673\" \/>L\u2019arbre Jungheinrich 20\u00d7170 mm ERE 120 est un composant robuste utilis\u00e9 pour supporter les pi\u00e8ces rotatives et mobiles et transmettre la puissance dans les chariots \u00e9l\u00e9vateurs et gerbeurs. Con\u00e7u sp\u00e9cifiquement pour les mod\u00e8les Jungheinrich ERE 120, il est fabriqu\u00e9 en acier de haute qualit\u00e9 et r\u00e9siste \u00e0 l\u2019usure, garantissant un fonctionnement fluide de l\u2019\u00e9quipement.<\/p>\n<p data-start=\"3042\" data-end=\"3395\"><strong data-start=\"3042\" data-end=\"3064\">Caract\u00e9ristiques :<\/strong><br data-start=\"3064\" data-end=\"3067\" \/><strong data-start=\"3067\" data-end=\"3087\">Nom du produit :<\/strong> Arbre Jungheinrich 20\u00d7170 mm ERE 120<br data-start=\"3124\" data-end=\"3127\" \/><strong data-start=\"3127\" data-end=\"3143\">Code pi\u00e8ce :<\/strong> 51023795<br data-start=\"3152\" data-end=\"3155\" \/><strong data-start=\"3155\" data-end=\"3169\">Mat\u00e9riau :<\/strong> Acier haute r\u00e9sistance<br data-start=\"3192\" data-end=\"3195\" \/><strong data-start=\"3195\" data-end=\"3221\">Domaine d\u2019utilisation:<\/strong> Composants rotatifs des chariots \u00e9l\u00e9vateurs et gerbeurs Jungheinrich ERE 120<br data-start=\"3298\" data-end=\"3301\" \/><strong data-start=\"3301\" data-end=\"3314\">Avantage:<\/strong> Structure robuste, haute r\u00e9sistance, r\u00e9sistance \u00e0 l\u2019usure, longue dur\u00e9e de vie<\/p>\n<p data-start=\"3397\" data-end=\"3760\">\n","protected":false},"featured_media":12346,"template":"","meta":[],"product_brand":[],"product_cat":[236,441,464,467,522],"product_tag":[],"class_list":{"0":"post-12169","1":"product","2":"type-product","3":"status-publish","4":"has-post-thumbnail","6":"product_cat-jungheinrich","7":"product_cat-yedek-parca","8":"product_cat-burc-ve-mill-grubu","9":"product_cat-mil-grubu","10":"product_cat-yedek-parca-jungheinrich","12":"first","13":"instock","14":"taxable","15":"shipping-taxable","16":"purchasable","17":"product-type-simple"},"_links":{"self":[{"href":"https:\/\/ceoparts.com\/fr\/wp-json\/wp\/v2\/product\/12169","targetHints":{"allow":["GET"]}}],"collection":[{"href":"https:\/\/ceoparts.com\/fr\/wp-json\/wp\/v2\/product"}],"about":[{"href":"https:\/\/ceoparts.com\/fr\/wp-json\/wp\/v2\/types\/product"}],"wp:featuredmedia":[{"embeddable":true,"href":"https:\/\/ceoparts.com\/fr\/wp-json\/wp\/v2\/media\/12346"}],"wp:attachment":[{"href":"https:\/\/ceoparts.com\/fr\/wp-json\/wp\/v2\/media?parent=12169"}],"wp:term":[{"taxonomy":"product_brand","embeddable":true,"href":"https:\/\/ceoparts.com\/fr\/wp-json\/wp\/v2\/product_brand?post=12169"},{"taxonomy":"product_cat","embeddable":true,"href":"https:\/\/ceoparts.com\/fr\/wp-json\/wp\/v2\/product_cat?post=12169"},{"taxonomy":"product_tag","embeddable":true,"href":"https:\/\/ceoparts.com\/fr\/wp-json\/wp\/v2\/product_tag?post=12169"}],"curies":[{"name":"wp","href":"https:\/\/api.w.org\/{rel}","templated":true}]}}