{"id":12173,"date":"2024-12-27T15:13:54","date_gmt":"2024-12-27T12:13:54","guid":{"rendered":"https:\/\/ceoparts.com\/?post_type=product&#038;p=12173"},"modified":"2026-05-16T11:10:30","modified_gmt":"2026-05-16T08:10:30","slug":"20x278-mm-jungheinrich-mil-51058721","status":"publish","type":"product","link":"https:\/\/ceoparts.com\/fr\/urun\/20x278-mm-jungheinrich-mil-51058721\/","title":{"rendered":"20&#215;278 mm Jungheinrich Arbre &#8211; 51058721"},"content":{"rendered":"<p>20&#215;278 mm Jungheinrich Arbre &#8211; 51058721<\/p>","protected":false},"excerpt":{"rendered":"<p data-start=\"0\" data-end=\"311\"><br data-start=\"2449\" data-end=\"2452\" \/>L\u2019arbre Jungheinrich 20\u00d7278 mm est un composant robuste utilis\u00e9 pour supporter les pi\u00e8ces rotatives et mobiles et transmettre la puissance dans les chariots \u00e9l\u00e9vateurs et gerbeurs. Fabriqu\u00e9 en acier de haute qualit\u00e9, il r\u00e9siste \u00e0 l\u2019usure. Assure un fonctionnement efficace des syst\u00e8mes Jungheinrich.<\/p>\n<p data-start=\"2753\" data-end=\"3090\"><strong data-start=\"2753\" data-end=\"2775\">Caract\u00e9ristiques :<\/strong><br data-start=\"2775\" data-end=\"2778\" \/><strong data-start=\"2778\" data-end=\"2798\">Nom du produit :<\/strong> Arbre Jungheinrich 20\u00d7278 mm<br data-start=\"2827\" data-end=\"2830\" \/><strong data-start=\"2830\" data-end=\"2846\">Code pi\u00e8ce :<\/strong> 51058721<br data-start=\"2855\" data-end=\"2858\" \/><strong data-start=\"2858\" data-end=\"2872\">Mat\u00e9riau :<\/strong> Acier haute r\u00e9sistance<br data-start=\"2895\" data-end=\"2898\" \/><strong data-start=\"2898\" data-end=\"2924\">Domaine d\u2019utilisation:<\/strong> Composants rotatifs des chariots \u00e9l\u00e9vateurs et gerbeurs Jungheinrich<br data-start=\"2993\" data-end=\"2996\" \/><strong data-start=\"2996\" data-end=\"3009\">Avantage:<\/strong> Structure robuste, haute r\u00e9sistance, r\u00e9sistance \u00e0 l\u2019usure, longue dur\u00e9e de vie<\/p>\n<p data-start=\"3092\" data-end=\"3395\">\n","protected":false},"featured_media":12342,"template":"","meta":[],"product_brand":[],"product_cat":[236,441,464,467,522],"product_tag":[],"class_list":{"0":"post-12173","1":"product","2":"type-product","3":"status-publish","4":"has-post-thumbnail","6":"product_cat-jungheinrich","7":"product_cat-yedek-parca","8":"product_cat-burc-ve-mill-grubu","9":"product_cat-mil-grubu","10":"product_cat-yedek-parca-jungheinrich","12":"first","13":"instock","14":"taxable","15":"shipping-taxable","16":"purchasable","17":"product-type-simple"},"_links":{"self":[{"href":"https:\/\/ceoparts.com\/fr\/wp-json\/wp\/v2\/product\/12173","targetHints":{"allow":["GET"]}}],"collection":[{"href":"https:\/\/ceoparts.com\/fr\/wp-json\/wp\/v2\/product"}],"about":[{"href":"https:\/\/ceoparts.com\/fr\/wp-json\/wp\/v2\/types\/product"}],"wp:featuredmedia":[{"embeddable":true,"href":"https:\/\/ceoparts.com\/fr\/wp-json\/wp\/v2\/media\/12342"}],"wp:attachment":[{"href":"https:\/\/ceoparts.com\/fr\/wp-json\/wp\/v2\/media?parent=12173"}],"wp:term":[{"taxonomy":"product_brand","embeddable":true,"href":"https:\/\/ceoparts.com\/fr\/wp-json\/wp\/v2\/product_brand?post=12173"},{"taxonomy":"product_cat","embeddable":true,"href":"https:\/\/ceoparts.com\/fr\/wp-json\/wp\/v2\/product_cat?post=12173"},{"taxonomy":"product_tag","embeddable":true,"href":"https:\/\/ceoparts.com\/fr\/wp-json\/wp\/v2\/product_tag?post=12173"}],"curies":[{"name":"wp","href":"https:\/\/api.w.org\/{rel}","templated":true}]}}