{"id":12180,"date":"2024-12-27T15:37:03","date_gmt":"2024-12-27T12:37:03","guid":{"rendered":"https:\/\/ceoparts.com\/?post_type=product&#038;p=12180"},"modified":"2026-05-16T12:53:43","modified_gmt":"2026-05-16T09:53:43","slug":"24x46-allen-ve-disli-pim-jungheinrich-kilit-karsiligi","status":"publish","type":"product","link":"https:\/\/ceoparts.com\/fr\/urun\/24x46-allen-ve-disli-pim-jungheinrich-kilit-karsiligi\/","title":{"rendered":"24&#215;46 Poin\u00e7on Allen et pignon Jungheinrich (Contrepartie de verrouillage)"},"content":{"rendered":"<p>24&#215;46 Poin\u00e7on Allen et pignon Jungheinrich (Contrepartie de verrouillage)<\/p>","protected":false},"excerpt":{"rendered":"<p data-start=\"0\" data-end=\"234\"><br data-start=\"2133\" data-end=\"2136\" \/>Le goupille Allen et filet\u00e9e 24\u00d746 est une pi\u00e8ce de connexion robuste utilis\u00e9e comme contrepartie de verrouillage dans les chariots \u00e9l\u00e9vateurs Jungheinrich. Fabriqu\u00e9e en acier de haute qualit\u00e9, sa construction solide garantit un fonctionnement s\u00fbr et stable de l\u2019\u00e9quipement.<\/p>\n<p data-start=\"2412\" data-end=\"2741\"><strong data-start=\"2412\" data-end=\"2434\">Caract\u00e9ristiques :<\/strong><br data-start=\"2434\" data-end=\"2437\" \/><strong data-start=\"2437\" data-end=\"2457\">Nom du produit :<\/strong> Goupille Allen et filet\u00e9e 24\u00d746 (contrepartie de verrouillage)<br data-start=\"2520\" data-end=\"2523\" \/><strong data-start=\"2523\" data-end=\"2539\">Code pi\u00e8ce :<\/strong> &#8211;<br data-start=\"2541\" data-end=\"2544\" \/><strong data-start=\"2544\" data-end=\"2558\">Mat\u00e9riau :<\/strong> Acier haute r\u00e9sistance<br data-start=\"2581\" data-end=\"2584\" \/><strong data-start=\"2584\" data-end=\"2610\">Domaine d\u2019utilisation:<\/strong> M\u00e9canismes de verrouillage des chariots Jungheinrich<br data-start=\"2663\" data-end=\"2666\" \/><strong data-start=\"2666\" data-end=\"2679\">Avantage:<\/strong> Construction robuste, haute r\u00e9sistance, connexion s\u00e9curis\u00e9e<\/p>\n<p data-start=\"2743\" data-end=\"3033\">\n","protected":false},"featured_media":12332,"template":"","meta":[],"product_brand":[],"product_cat":[236,441,464,467,522],"product_tag":[],"class_list":{"0":"post-12180","1":"product","2":"type-product","3":"status-publish","4":"has-post-thumbnail","6":"product_cat-jungheinrich","7":"product_cat-yedek-parca","8":"product_cat-burc-ve-mill-grubu","9":"product_cat-mil-grubu","10":"product_cat-yedek-parca-jungheinrich","12":"first","13":"instock","14":"taxable","15":"shipping-taxable","16":"purchasable","17":"product-type-simple"},"_links":{"self":[{"href":"https:\/\/ceoparts.com\/fr\/wp-json\/wp\/v2\/product\/12180","targetHints":{"allow":["GET"]}}],"collection":[{"href":"https:\/\/ceoparts.com\/fr\/wp-json\/wp\/v2\/product"}],"about":[{"href":"https:\/\/ceoparts.com\/fr\/wp-json\/wp\/v2\/types\/product"}],"wp:featuredmedia":[{"embeddable":true,"href":"https:\/\/ceoparts.com\/fr\/wp-json\/wp\/v2\/media\/12332"}],"wp:attachment":[{"href":"https:\/\/ceoparts.com\/fr\/wp-json\/wp\/v2\/media?parent=12180"}],"wp:term":[{"taxonomy":"product_brand","embeddable":true,"href":"https:\/\/ceoparts.com\/fr\/wp-json\/wp\/v2\/product_brand?post=12180"},{"taxonomy":"product_cat","embeddable":true,"href":"https:\/\/ceoparts.com\/fr\/wp-json\/wp\/v2\/product_cat?post=12180"},{"taxonomy":"product_tag","embeddable":true,"href":"https:\/\/ceoparts.com\/fr\/wp-json\/wp\/v2\/product_tag?post=12180"}],"curies":[{"name":"wp","href":"https:\/\/api.w.org\/{rel}","templated":true}]}}