{"id":12365,"date":"2024-12-28T13:41:00","date_gmt":"2024-12-28T10:41:00","guid":{"rendered":"https:\/\/ceoparts.com\/?post_type=product&#038;p=12365"},"modified":"2026-05-16T10:46:20","modified_gmt":"2026-05-16T07:46:20","slug":"106x300-mm-yuk-teker-baglanti-mili","status":"publish","type":"product","link":"https:\/\/ceoparts.com\/fr\/urun\/106x300-mm-yuk-teker-baglanti-mili\/","title":{"rendered":"106&#215;300 mm Arbre de connexion de roue de charge"},"content":{"rendered":"<p>106&#215;300 mm Arbre de connexion de roue de charge<\/p>","protected":false},"excerpt":{"rendered":"<p data-start=\"70\" data-end=\"376\"><br data-start=\"2548\" data-end=\"2551\" \/>L\u2019arbre de connexion de roue de charge 106\u00d7300 mm est un composant robuste et durable qui relie les roues de charge dans les chariots \u00e9l\u00e9vateurs et gerbeurs. Fabriqu\u00e9 en acier haute r\u00e9sistance, il assure une connexion stable et s\u00e9curis\u00e9e m\u00eame sous de lourdes charges. Contribue \u00e0 la s\u00e9curit\u00e9 de fonctionnement du chariot \u00e9l\u00e9vateur.<\/p>\n<p data-start=\"2884\" data-end=\"3245\"><strong data-start=\"2884\" data-end=\"2906\">Caract\u00e9ristiques :<\/strong><br data-start=\"2906\" data-end=\"2909\" \/><strong data-start=\"2909\" data-end=\"2929\">Nom du produit :<\/strong> Arbre de connexion de roue de charge 106\u00d7300 mm<br data-start=\"2977\" data-end=\"2980\" \/><strong data-start=\"2980\" data-end=\"2996\">Code pi\u00e8ce :<\/strong> 50432868<br data-start=\"3005\" data-end=\"3008\" \/><strong data-start=\"3008\" data-end=\"3022\">Mat\u00e9riau :<\/strong> Acier haute r\u00e9sistance<br data-start=\"3045\" data-end=\"3048\" \/><strong data-start=\"3048\" data-end=\"3074\">Domaine d\u2019utilisation:<\/strong> Connexion des roues de charge des chariots \u00e9l\u00e9vateurs et gerbeurs<br data-start=\"3140\" data-end=\"3143\" \/><strong data-start=\"3143\" data-end=\"3156\">Avantage:<\/strong> Haute durabilit\u00e9, connexion stable, longue dur\u00e9e de vie, r\u00e9sistant aux charges lourdes<\/p>\n<p data-start=\"3247\" data-end=\"3587\">\n","protected":false},"featured_media":12380,"template":"","meta":[],"product_brand":[],"product_cat":[441,464,467],"product_tag":[],"class_list":{"0":"post-12365","1":"product","2":"type-product","3":"status-publish","4":"has-post-thumbnail","6":"product_cat-yedek-parca","7":"product_cat-burc-ve-mill-grubu","8":"product_cat-mil-grubu","10":"first","11":"instock","12":"taxable","13":"shipping-taxable","14":"purchasable","15":"product-type-simple"},"_links":{"self":[{"href":"https:\/\/ceoparts.com\/fr\/wp-json\/wp\/v2\/product\/12365","targetHints":{"allow":["GET"]}}],"collection":[{"href":"https:\/\/ceoparts.com\/fr\/wp-json\/wp\/v2\/product"}],"about":[{"href":"https:\/\/ceoparts.com\/fr\/wp-json\/wp\/v2\/types\/product"}],"wp:featuredmedia":[{"embeddable":true,"href":"https:\/\/ceoparts.com\/fr\/wp-json\/wp\/v2\/media\/12380"}],"wp:attachment":[{"href":"https:\/\/ceoparts.com\/fr\/wp-json\/wp\/v2\/media?parent=12365"}],"wp:term":[{"taxonomy":"product_brand","embeddable":true,"href":"https:\/\/ceoparts.com\/fr\/wp-json\/wp\/v2\/product_brand?post=12365"},{"taxonomy":"product_cat","embeddable":true,"href":"https:\/\/ceoparts.com\/fr\/wp-json\/wp\/v2\/product_cat?post=12365"},{"taxonomy":"product_tag","embeddable":true,"href":"https:\/\/ceoparts.com\/fr\/wp-json\/wp\/v2\/product_tag?post=12365"}],"curies":[{"name":"wp","href":"https:\/\/api.w.org\/{rel}","templated":true}]}}