{"id":12366,"date":"2024-12-28T13:11:20","date_gmt":"2024-12-28T10:11:20","guid":{"rendered":"https:\/\/ceoparts.com\/?post_type=product&#038;p=12366"},"modified":"2026-05-16T05:01:08","modified_gmt":"2026-05-16T02:01:08","slug":"17x127-mm-bt-lwe-mil-47133","status":"publish","type":"product","link":"https:\/\/ceoparts.com\/fr\/urun\/17x127-mm-bt-lwe-mil-47133\/","title":{"rendered":"17&#215;127 mm BT LWE Arbre &#8211; 47133"},"content":{"rendered":"<p>17&#215;127 mm BT LWE Arbre &#8211; 47133<\/p>","protected":false},"excerpt":{"rendered":"<p data-start=\"82\" data-end=\"374\"><br data-start=\"2399\" data-end=\"2402\" \/>L\u2019arbre BT LWE 17\u00d7127 mm est un composant robuste utilis\u00e9 pour supporter les pi\u00e8ces rotatives et mobiles et transmettre la puissance dans les chariots \u00e9l\u00e9vateurs et gerbeurs. Fabriqu\u00e9 en acier de haute qualit\u00e9, il r\u00e9siste \u00e0 l\u2019usure. Assure un fonctionnement efficace des syst\u00e8mes de chariots \u00e9l\u00e9vateurs.<\/p>\n<p data-start=\"2707\" data-end=\"3029\"><strong data-start=\"2707\" data-end=\"2729\">Caract\u00e9ristiques :<\/strong><br data-start=\"2729\" data-end=\"2732\" \/><strong data-start=\"2732\" data-end=\"2752\">Nom du produit :<\/strong> Arbre BT LWE 17\u00d7127 mm<br data-start=\"2775\" data-end=\"2778\" \/><strong data-start=\"2778\" data-end=\"2794\">Code pi\u00e8ce :<\/strong> 47133<br data-start=\"2800\" data-end=\"2803\" \/><strong data-start=\"2803\" data-end=\"2817\">Mat\u00e9riau :<\/strong> Acier haute r\u00e9sistance<br data-start=\"2840\" data-end=\"2843\" \/><strong data-start=\"2843\" data-end=\"2869\">Domaine d\u2019utilisation:<\/strong> Composants rotatifs des chariots \u00e9l\u00e9vateurs et gerbeurs BT LWE<br data-start=\"2932\" data-end=\"2935\" \/><strong data-start=\"2935\" data-end=\"2948\">Avantage:<\/strong> Structure robuste, haute r\u00e9sistance, r\u00e9sistance \u00e0 l\u2019usure, longue dur\u00e9e de vie<\/p>\n<p data-start=\"3031\" data-end=\"3337\">\n","protected":false},"featured_media":12368,"template":"","meta":[],"product_brand":[],"product_cat":[518,251,441,464,467],"product_tag":[],"class_list":{"0":"post-12366","1":"product","2":"type-product","3":"status-publish","4":"has-post-thumbnail","6":"product_cat-yedek-parca-bt","7":"product_cat-bt","8":"product_cat-yedek-parca","9":"product_cat-burc-ve-mill-grubu","10":"product_cat-mil-grubu","12":"first","13":"instock","14":"taxable","15":"shipping-taxable","16":"purchasable","17":"product-type-simple"},"_links":{"self":[{"href":"https:\/\/ceoparts.com\/fr\/wp-json\/wp\/v2\/product\/12366","targetHints":{"allow":["GET"]}}],"collection":[{"href":"https:\/\/ceoparts.com\/fr\/wp-json\/wp\/v2\/product"}],"about":[{"href":"https:\/\/ceoparts.com\/fr\/wp-json\/wp\/v2\/types\/product"}],"wp:featuredmedia":[{"embeddable":true,"href":"https:\/\/ceoparts.com\/fr\/wp-json\/wp\/v2\/media\/12368"}],"wp:attachment":[{"href":"https:\/\/ceoparts.com\/fr\/wp-json\/wp\/v2\/media?parent=12366"}],"wp:term":[{"taxonomy":"product_brand","embeddable":true,"href":"https:\/\/ceoparts.com\/fr\/wp-json\/wp\/v2\/product_brand?post=12366"},{"taxonomy":"product_cat","embeddable":true,"href":"https:\/\/ceoparts.com\/fr\/wp-json\/wp\/v2\/product_cat?post=12366"},{"taxonomy":"product_tag","embeddable":true,"href":"https:\/\/ceoparts.com\/fr\/wp-json\/wp\/v2\/product_tag?post=12366"}],"curies":[{"name":"wp","href":"https:\/\/api.w.org\/{rel}","templated":true}]}}