{"id":12371,"date":"2024-12-28T13:17:56","date_gmt":"2024-12-28T10:17:56","guid":{"rendered":"https:\/\/ceoparts.com\/?post_type=product&#038;p=12371"},"modified":"2026-05-16T14:03:06","modified_gmt":"2026-05-16T11:03:06","slug":"30x135-mm-mil-33168400","status":"publish","type":"product","link":"https:\/\/ceoparts.com\/fr\/urun\/30x135-mm-mil-33168400\/","title":{"rendered":"30&#215;135 mm Jungheinrich Arbre &#8211; 33168400"},"content":{"rendered":"<p>30&#215;135 mm Jungheinrich Arbre &#8211; 33168400<\/p>","protected":false},"excerpt":{"rendered":"<p data-start=\"80\" data-end=\"378\"><br data-start=\"2481\" data-end=\"2484\" \/>L\u2019arbre Jungheinrich 30\u00d7135 mm est un composant robuste utilis\u00e9 pour supporter les pi\u00e8ces rotatives et mobiles et transmettre la puissance dans les chariots \u00e9l\u00e9vateurs et gerbeurs. Fabriqu\u00e9 en acier de haute qualit\u00e9, il r\u00e9siste \u00e0 l\u2019usure. Assure un fonctionnement efficace des syst\u00e8mes de chariots \u00e9l\u00e9vateurs.<\/p>\n<p data-start=\"2795\" data-end=\"3132\"><strong data-start=\"2795\" data-end=\"2817\">Caract\u00e9ristiques :<\/strong><br data-start=\"2817\" data-end=\"2820\" \/><strong data-start=\"2820\" data-end=\"2840\">Nom du produit :<\/strong> Arbre Jungheinrich 30\u00d7135 mm<br data-start=\"2869\" data-end=\"2872\" \/><strong data-start=\"2872\" data-end=\"2888\">Code pi\u00e8ce :<\/strong> 33168400<br data-start=\"2897\" data-end=\"2900\" \/><strong data-start=\"2900\" data-end=\"2914\">Mat\u00e9riau :<\/strong> Acier haute r\u00e9sistance<br data-start=\"2937\" data-end=\"2940\" \/><strong data-start=\"2940\" data-end=\"2966\">Domaine d\u2019utilisation:<\/strong> Composants rotatifs des chariots \u00e9l\u00e9vateurs et gerbeurs Jungheinrich<br data-start=\"3035\" data-end=\"3038\" \/><strong data-start=\"3038\" data-end=\"3051\">Avantage:<\/strong> Structure robuste, haute r\u00e9sistance, r\u00e9sistance \u00e0 l\u2019usure, longue dur\u00e9e de vie<\/p>\n<p data-start=\"3134\" data-end=\"3446\">\n","protected":false},"featured_media":12373,"template":"","meta":[],"product_brand":[],"product_cat":[236,441,464,467,522],"product_tag":[],"class_list":{"0":"post-12371","1":"product","2":"type-product","3":"status-publish","4":"has-post-thumbnail","6":"product_cat-jungheinrich","7":"product_cat-yedek-parca","8":"product_cat-burc-ve-mill-grubu","9":"product_cat-mil-grubu","10":"product_cat-yedek-parca-jungheinrich","12":"first","13":"instock","14":"taxable","15":"shipping-taxable","16":"purchasable","17":"product-type-simple"},"_links":{"self":[{"href":"https:\/\/ceoparts.com\/fr\/wp-json\/wp\/v2\/product\/12371","targetHints":{"allow":["GET"]}}],"collection":[{"href":"https:\/\/ceoparts.com\/fr\/wp-json\/wp\/v2\/product"}],"about":[{"href":"https:\/\/ceoparts.com\/fr\/wp-json\/wp\/v2\/types\/product"}],"wp:featuredmedia":[{"embeddable":true,"href":"https:\/\/ceoparts.com\/fr\/wp-json\/wp\/v2\/media\/12373"}],"wp:attachment":[{"href":"https:\/\/ceoparts.com\/fr\/wp-json\/wp\/v2\/media?parent=12371"}],"wp:term":[{"taxonomy":"product_brand","embeddable":true,"href":"https:\/\/ceoparts.com\/fr\/wp-json\/wp\/v2\/product_brand?post=12371"},{"taxonomy":"product_cat","embeddable":true,"href":"https:\/\/ceoparts.com\/fr\/wp-json\/wp\/v2\/product_cat?post=12371"},{"taxonomy":"product_tag","embeddable":true,"href":"https:\/\/ceoparts.com\/fr\/wp-json\/wp\/v2\/product_tag?post=12371"}],"curies":[{"name":"wp","href":"https:\/\/api.w.org\/{rel}","templated":true}]}}