{"id":12375,"date":"2024-12-28T13:32:51","date_gmt":"2024-12-28T10:32:51","guid":{"rendered":"https:\/\/ceoparts.com\/?post_type=product&#038;p=12375"},"modified":"2026-05-16T06:17:18","modified_gmt":"2026-05-16T03:17:18","slug":"20x154-mm-mil","status":"publish","type":"product","link":"https:\/\/ceoparts.com\/fr\/urun\/20x154-mm-mil\/","title":{"rendered":"20&#215;154 mm Arbre"},"content":{"rendered":"<p>20&#215;154 mm Arbre<\/p>","protected":false},"excerpt":{"rendered":"<p data-start=\"80\" data-end=\"386\"><br data-start=\"2424\" data-end=\"2427\" \/>L\u2019arbre 20\u00d7154 mm est un composant robuste utilis\u00e9 pour supporter diverses pi\u00e8ces mobiles et rotatives et transmettre la puissance dans les chariots \u00e9l\u00e9vateurs et gerbeurs. Fabriqu\u00e9 en acier de haute qualit\u00e9, il r\u00e9siste \u00e0 l\u2019usure et aux contraintes m\u00e9caniques. Assure un fonctionnement efficace des syst\u00e8mes de chariots \u00e9l\u00e9vateurs.<\/p>\n<p data-start=\"2760\" data-end=\"3063\"><strong data-start=\"2760\" data-end=\"2782\">Caract\u00e9ristiques :<\/strong><br data-start=\"2782\" data-end=\"2785\" \/><strong data-start=\"2785\" data-end=\"2805\">Nom du produit :<\/strong> Arbre 20\u00d7154 mm<br data-start=\"2821\" data-end=\"2824\" \/><strong data-start=\"2824\" data-end=\"2840\">Code pi\u00e8ce :<\/strong> &#8211;<br data-start=\"2842\" data-end=\"2845\" \/><strong data-start=\"2845\" data-end=\"2859\">Mat\u00e9riau :<\/strong> Acier haute r\u00e9sistance<br data-start=\"2882\" data-end=\"2885\" \/><strong data-start=\"2885\" data-end=\"2911\">Domaine d\u2019utilisation:<\/strong> Composants mobiles des chariots \u00e9l\u00e9vateurs et gerbeurs<br data-start=\"2966\" data-end=\"2969\" \/><strong data-start=\"2969\" data-end=\"2982\">Avantage:<\/strong> Structure robuste, haute r\u00e9sistance, r\u00e9sistance \u00e0 l\u2019usure, longue dur\u00e9e de vie<\/p>\n<p data-start=\"3065\" data-end=\"3403\">\n","protected":false},"featured_media":12377,"template":"","meta":[],"product_brand":[],"product_cat":[441,464,467],"product_tag":[],"class_list":{"0":"post-12375","1":"product","2":"type-product","3":"status-publish","4":"has-post-thumbnail","6":"product_cat-yedek-parca","7":"product_cat-burc-ve-mill-grubu","8":"product_cat-mil-grubu","10":"first","11":"instock","12":"taxable","13":"shipping-taxable","14":"purchasable","15":"product-type-simple"},"_links":{"self":[{"href":"https:\/\/ceoparts.com\/fr\/wp-json\/wp\/v2\/product\/12375","targetHints":{"allow":["GET"]}}],"collection":[{"href":"https:\/\/ceoparts.com\/fr\/wp-json\/wp\/v2\/product"}],"about":[{"href":"https:\/\/ceoparts.com\/fr\/wp-json\/wp\/v2\/types\/product"}],"wp:featuredmedia":[{"embeddable":true,"href":"https:\/\/ceoparts.com\/fr\/wp-json\/wp\/v2\/media\/12377"}],"wp:attachment":[{"href":"https:\/\/ceoparts.com\/fr\/wp-json\/wp\/v2\/media?parent=12375"}],"wp:term":[{"taxonomy":"product_brand","embeddable":true,"href":"https:\/\/ceoparts.com\/fr\/wp-json\/wp\/v2\/product_brand?post=12375"},{"taxonomy":"product_cat","embeddable":true,"href":"https:\/\/ceoparts.com\/fr\/wp-json\/wp\/v2\/product_cat?post=12375"},{"taxonomy":"product_tag","embeddable":true,"href":"https:\/\/ceoparts.com\/fr\/wp-json\/wp\/v2\/product_tag?post=12375"}],"curies":[{"name":"wp","href":"https:\/\/api.w.org\/{rel}","templated":true}]}}