{"id":12383,"date":"2024-12-28T13:48:13","date_gmt":"2024-12-28T10:48:13","guid":{"rendered":"https:\/\/ceoparts.com\/?post_type=product&#038;p=12383"},"modified":"2026-05-16T17:47:00","modified_gmt":"2026-05-16T14:47:00","slug":"yale-mpc15-yuruyus-tekeri-mili-12906504-582128074","status":"publish","type":"product","link":"https:\/\/ceoparts.com\/fr\/urun\/yale-mpc15-yuruyus-tekeri-mili-12906504-582128074\/","title":{"rendered":"Yale MPC15 Arbre de roue de marche &#8211; 12906504 , 582128074"},"content":{"rendered":"<p>Yale MPC15 Arbre de roue de marche &#8211; 12906504 , 582128074<\/p>","protected":false},"excerpt":{"rendered":"<p data-start=\"77\" data-end=\"401\"><br data-start=\"2548\" data-end=\"2551\" \/>L\u2019arbre de roue motrice Yale MPC15 est un composant robuste qui assure la rotation correcte et stable des roues motrices dans les chariots \u00e9l\u00e9vateurs et gerbeurs. Fabriqu\u00e9 en acier de haute qualit\u00e9, il r\u00e9siste \u00e0 l\u2019usure et aux contraintes m\u00e9caniques. Il am\u00e9liore les performances du chariot \u00e9l\u00e9vateur et offre une longue dur\u00e9e de vie.<\/p>\n<p data-start=\"2887\" data-end=\"3209\"><strong data-start=\"2887\" data-end=\"2909\">Caract\u00e9ristiques :<\/strong><br data-start=\"2909\" data-end=\"2912\" \/><strong data-start=\"2912\" data-end=\"2932\">Nom du produit :<\/strong> Arbre de roue motrice Yale MPC15<br data-start=\"2965\" data-end=\"2968\" \/><strong data-start=\"2968\" data-end=\"2984\">Code pi\u00e8ce :<\/strong> 12906504, 582128074<br data-start=\"3004\" data-end=\"3007\" \/><strong data-start=\"3007\" data-end=\"3021\">Mat\u00e9riau :<\/strong> Acier haute r\u00e9sistance<br data-start=\"3044\" data-end=\"3047\" \/><strong data-start=\"3047\" data-end=\"3073\">Domaine d\u2019utilisation:<\/strong> Roues motrices des chariots Yale MPC15<br data-start=\"3112\" data-end=\"3115\" \/><strong data-start=\"3115\" data-end=\"3128\">Avantage:<\/strong> Structure robuste, haute r\u00e9sistance, r\u00e9sistance \u00e0 l\u2019usure, longue dur\u00e9e de vie<\/p>\n<p data-start=\"3211\" data-end=\"3562\">\n","protected":false},"featured_media":12386,"template":"","meta":[],"product_brand":[],"product_cat":[441,464,467],"product_tag":[],"class_list":{"0":"post-12383","1":"product","2":"type-product","3":"status-publish","4":"has-post-thumbnail","6":"product_cat-yedek-parca","7":"product_cat-burc-ve-mill-grubu","8":"product_cat-mil-grubu","10":"first","11":"instock","12":"taxable","13":"shipping-taxable","14":"purchasable","15":"product-type-simple"},"_links":{"self":[{"href":"https:\/\/ceoparts.com\/fr\/wp-json\/wp\/v2\/product\/12383","targetHints":{"allow":["GET"]}}],"collection":[{"href":"https:\/\/ceoparts.com\/fr\/wp-json\/wp\/v2\/product"}],"about":[{"href":"https:\/\/ceoparts.com\/fr\/wp-json\/wp\/v2\/types\/product"}],"wp:featuredmedia":[{"embeddable":true,"href":"https:\/\/ceoparts.com\/fr\/wp-json\/wp\/v2\/media\/12386"}],"wp:attachment":[{"href":"https:\/\/ceoparts.com\/fr\/wp-json\/wp\/v2\/media?parent=12383"}],"wp:term":[{"taxonomy":"product_brand","embeddable":true,"href":"https:\/\/ceoparts.com\/fr\/wp-json\/wp\/v2\/product_brand?post=12383"},{"taxonomy":"product_cat","embeddable":true,"href":"https:\/\/ceoparts.com\/fr\/wp-json\/wp\/v2\/product_cat?post=12383"},{"taxonomy":"product_tag","embeddable":true,"href":"https:\/\/ceoparts.com\/fr\/wp-json\/wp\/v2\/product_tag?post=12383"}],"curies":[{"name":"wp","href":"https:\/\/api.w.org\/{rel}","templated":true}]}}