{"id":12403,"date":"2024-12-30T11:14:36","date_gmt":"2024-12-30T08:14:36","guid":{"rendered":"https:\/\/ceoparts.com\/?post_type=product&#038;p=12403"},"modified":"2026-05-16T17:05:37","modified_gmt":"2026-05-16T14:05:37","slug":"hyster-denge-mekanizma-civatasi-ve-somunu","status":"publish","type":"product","link":"https:\/\/ceoparts.com\/fr\/urun\/hyster-denge-mekanizma-civatasi-ve-somunu\/","title":{"rendered":"Hyster Vis et \u00e9crou du m\u00e9canisme d&#8217;\u00e9quilibre"},"content":{"rendered":"<p>Hyster Vis et \u00e9crou du m\u00e9canisme d&#8217;\u00e9quilibre<\/p>","protected":false},"excerpt":{"rendered":"<p data-start=\"80\" data-end=\"432\"><br data-start=\"2618\" data-end=\"2621\" \/>Le boulon et l\u2019\u00e9crou du m\u00e9canisme d\u2019\u00e9quilibrage Hyster sont des composants de fixation utilis\u00e9s pour fixer solidement le m\u00e9canisme d\u2019\u00e9quilibrage dans les chariots \u00e9l\u00e9vateurs. Fabriqu\u00e9s en acier haute r\u00e9sistance, ils garantissent le bon fonctionnement et la stabilit\u00e9 du syst\u00e8me. Le kit boulon et \u00e9crou offre une installation facile et une performance durable.<\/p>\n<p data-start=\"2982\" data-end=\"3317\"><strong data-start=\"2982\" data-end=\"3004\">Caract\u00e9ristiques :<\/strong><br data-start=\"3004\" data-end=\"3007\" \/><strong data-start=\"3007\" data-end=\"3027\">Nom du produit :<\/strong> Boulon et \u00e9crou du m\u00e9canisme d\u2019\u00e9quilibrage Hyster<br data-start=\"3077\" data-end=\"3080\" \/><strong data-start=\"3080\" data-end=\"3096\">Code pi\u00e8ce :<\/strong> &#8211;<br data-start=\"3098\" data-end=\"3101\" \/><strong data-start=\"3101\" data-end=\"3115\">Mat\u00e9riau :<\/strong> Acier haute r\u00e9sistance<br data-start=\"3138\" data-end=\"3141\" \/><strong data-start=\"3141\" data-end=\"3167\">Domaine d\u2019utilisation:<\/strong> Connexion du m\u00e9canisme d\u2019\u00e9quilibrage des chariots Hyster<br data-start=\"3224\" data-end=\"3227\" \/><strong data-start=\"3227\" data-end=\"3240\">Avantage:<\/strong> Grande solidit\u00e9, montage facile, longue dur\u00e9e de vie, stabilit\u00e9 du syst\u00e8me<\/p>\n<p data-start=\"3319\" data-end=\"3691\">\n","protected":false},"featured_media":12405,"template":"","meta":[],"product_brand":[],"product_cat":[256,464,467,520],"product_tag":[],"class_list":{"0":"post-12403","1":"product","2":"type-product","3":"status-publish","4":"has-post-thumbnail","6":"product_cat-hyster","7":"product_cat-burc-ve-mill-grubu","8":"product_cat-mil-grubu","9":"product_cat-yedek-parca-hyster","11":"first","12":"instock","13":"taxable","14":"shipping-taxable","15":"purchasable","16":"product-type-simple"},"_links":{"self":[{"href":"https:\/\/ceoparts.com\/fr\/wp-json\/wp\/v2\/product\/12403","targetHints":{"allow":["GET"]}}],"collection":[{"href":"https:\/\/ceoparts.com\/fr\/wp-json\/wp\/v2\/product"}],"about":[{"href":"https:\/\/ceoparts.com\/fr\/wp-json\/wp\/v2\/types\/product"}],"wp:featuredmedia":[{"embeddable":true,"href":"https:\/\/ceoparts.com\/fr\/wp-json\/wp\/v2\/media\/12405"}],"wp:attachment":[{"href":"https:\/\/ceoparts.com\/fr\/wp-json\/wp\/v2\/media?parent=12403"}],"wp:term":[{"taxonomy":"product_brand","embeddable":true,"href":"https:\/\/ceoparts.com\/fr\/wp-json\/wp\/v2\/product_brand?post=12403"},{"taxonomy":"product_cat","embeddable":true,"href":"https:\/\/ceoparts.com\/fr\/wp-json\/wp\/v2\/product_cat?post=12403"},{"taxonomy":"product_tag","embeddable":true,"href":"https:\/\/ceoparts.com\/fr\/wp-json\/wp\/v2\/product_tag?post=12403"}],"curies":[{"name":"wp","href":"https:\/\/api.w.org\/{rel}","templated":true}]}}