{"id":12408,"date":"2024-12-30T11:27:50","date_gmt":"2024-12-30T08:27:50","guid":{"rendered":"https:\/\/ceoparts.com\/?post_type=product&#038;p=12408"},"modified":"2026-05-16T10:46:41","modified_gmt":"2026-05-16T07:46:41","slug":"jungheinrich-ere-120-m12x110-imbus-civata-51238358","status":"publish","type":"product","link":"https:\/\/ceoparts.com\/fr\/urun\/jungheinrich-ere-120-m12x110-imbus-civata-51238358\/","title":{"rendered":"Vis \u00e0 t\u00eate hexagonale Jungheinrich, ERE 120 M12x110 &#8211; 51238358"},"content":{"rendered":"<p>Vis \u00e0 t\u00eate hexagonale Jungheinrich, ERE 120 M12x110 &#8211; 51238358<\/p>","protected":false},"excerpt":{"rendered":"<p data-start=\"100\" data-end=\"508\"><br data-start=\"3041\" data-end=\"3044\" \/>Le boulon \u00e0 t\u00eate hexagonale creuse Jungheinrich ERE 120 M12x110 est un \u00e9l\u00e9ment de fixation haute r\u00e9sistance utilis\u00e9 pour fixer solidement les m\u00e9canismes d\u2019\u00e9quilibrage et les points de connexion dans les chariots \u00e9l\u00e9vateurs et transpalettes. Gr\u00e2ce \u00e0 sa t\u00eate imbus, il permet un montage serr\u00e9 et \u00e9vite tout desserrage sous fort couple. Solution durable pour la maintenance et les pi\u00e8ces d\u00e9tach\u00e9es de chariots.<\/p>\n<p data-start=\"3453\" data-end=\"3797\"><strong data-start=\"3453\" data-end=\"3475\">Caract\u00e9ristiques :<\/strong><br data-start=\"3475\" data-end=\"3478\" \/><strong data-start=\"3478\" data-end=\"3498\">Nom du produit :<\/strong> Boulon \u00e0 t\u00eate hexagonale creuse Jungheinrich ERE 120 M12x110<br data-start=\"3559\" data-end=\"3562\" \/><strong data-start=\"3562\" data-end=\"3578\">Code pi\u00e8ce :<\/strong> 51238358<br data-start=\"3587\" data-end=\"3590\" \/><strong data-start=\"3590\" data-end=\"3604\">Mat\u00e9riau :<\/strong> Acier haute r\u00e9sistance<br data-start=\"3627\" data-end=\"3630\" \/><strong data-start=\"3630\" data-end=\"3656\">Domaine d\u2019utilisation:<\/strong> Points de connexion des chariots Jungheinrich ERE 120<br data-start=\"3710\" data-end=\"3713\" \/><strong data-start=\"3713\" data-end=\"3726\">Avantage:<\/strong> Haute r\u00e9sistance, anti-corrosion, montage serr\u00e9, longue dur\u00e9e de vie<\/p>\n<p data-start=\"3799\" data-end=\"4211\">\n","protected":false},"featured_media":12411,"template":"","meta":[],"product_brand":[],"product_cat":[236,464,467,522],"product_tag":[],"class_list":{"0":"post-12408","1":"product","2":"type-product","3":"status-publish","4":"has-post-thumbnail","6":"product_cat-jungheinrich","7":"product_cat-burc-ve-mill-grubu","8":"product_cat-mil-grubu","9":"product_cat-yedek-parca-jungheinrich","11":"first","12":"instock","13":"taxable","14":"shipping-taxable","15":"purchasable","16":"product-type-simple"},"_links":{"self":[{"href":"https:\/\/ceoparts.com\/fr\/wp-json\/wp\/v2\/product\/12408","targetHints":{"allow":["GET"]}}],"collection":[{"href":"https:\/\/ceoparts.com\/fr\/wp-json\/wp\/v2\/product"}],"about":[{"href":"https:\/\/ceoparts.com\/fr\/wp-json\/wp\/v2\/types\/product"}],"wp:featuredmedia":[{"embeddable":true,"href":"https:\/\/ceoparts.com\/fr\/wp-json\/wp\/v2\/media\/12411"}],"wp:attachment":[{"href":"https:\/\/ceoparts.com\/fr\/wp-json\/wp\/v2\/media?parent=12408"}],"wp:term":[{"taxonomy":"product_brand","embeddable":true,"href":"https:\/\/ceoparts.com\/fr\/wp-json\/wp\/v2\/product_brand?post=12408"},{"taxonomy":"product_cat","embeddable":true,"href":"https:\/\/ceoparts.com\/fr\/wp-json\/wp\/v2\/product_cat?post=12408"},{"taxonomy":"product_tag","embeddable":true,"href":"https:\/\/ceoparts.com\/fr\/wp-json\/wp\/v2\/product_tag?post=12408"}],"curies":[{"name":"wp","href":"https:\/\/api.w.org\/{rel}","templated":true}]}}