{"id":12412,"date":"2024-12-30T11:37:59","date_gmt":"2024-12-30T08:37:59","guid":{"rendered":"https:\/\/ceoparts.com\/?post_type=product&#038;p=12412"},"modified":"2026-05-16T15:34:19","modified_gmt":"2026-05-16T12:34:19","slug":"yeni-kasa-denge-mekanizmasi-baglanti-civatasi","status":"publish","type":"product","link":"https:\/\/ceoparts.com\/fr\/urun\/yeni-kasa-denge-mekanizmasi-baglanti-civatasi\/","title":{"rendered":"Vis de connexion du m\u00e9canisme d&#8217;\u00e9quilibre du nouveau bo\u00eetier"},"content":{"rendered":"<p>Vis de connexion du m\u00e9canisme d&#8217;\u00e9quilibre du nouveau bo\u00eetier<\/p>","protected":false},"excerpt":{"rendered":"<p data-start=\"88\" data-end=\"485\"><br data-start=\"2972\" data-end=\"2975\" \/>Le boulon de fixation du m\u00e9canisme d\u2019\u00e9quilibrage M10x35 est un \u00e9l\u00e9ment de fixation solide et durable utilis\u00e9 pour fixer le m\u00e9canisme d\u2019\u00e9quilibrage au ch\u00e2ssis ou aux pi\u00e8ces de connexion des chariots \u00e9l\u00e9vateurs et gerbeurs. Son filetage standard et son acier haute r\u00e9sistance assurent un maintien s\u00e9curis\u00e9 sous charge. Il joue un r\u00f4le essentiel dans le bon fonctionnement du m\u00e9canisme et la stabilit\u00e9 globale du syst\u00e8me.<\/p>\n<p data-start=\"3395\" data-end=\"3755\"><strong data-start=\"3395\" data-end=\"3417\">Caract\u00e9ristiques :<\/strong><br data-start=\"3417\" data-end=\"3420\" \/><strong data-start=\"3420\" data-end=\"3440\">Nom du produit :<\/strong> Boulon de fixation du m\u00e9canisme d\u2019\u00e9quilibrage M10x35<br data-start=\"3493\" data-end=\"3496\" \/><strong data-start=\"3496\" data-end=\"3512\">Code pi\u00e8ce :<\/strong> &#8211;<br data-start=\"3514\" data-end=\"3517\" \/><strong data-start=\"3517\" data-end=\"3531\">Mat\u00e9riau :<\/strong> Acier haute r\u00e9sistance<br data-start=\"3554\" data-end=\"3557\" \/><strong data-start=\"3557\" data-end=\"3583\">Domaine d\u2019utilisation:<\/strong> M\u00e9canismes d\u2019\u00e9quilibrage des chariots \u00e9l\u00e9vateurs et gerbeurs<br data-start=\"3644\" data-end=\"3647\" \/><strong data-start=\"3647\" data-end=\"3660\">Avantage:<\/strong> Grande solidit\u00e9, montage facile, longue dur\u00e9e de vie, contribution \u00e0 la stabilit\u00e9 du syst\u00e8me<\/p>\n<p data-start=\"3757\" data-end=\"4218\">\n","protected":false},"featured_media":12417,"template":"","meta":[],"product_brand":[],"product_cat":[464,467],"product_tag":[],"class_list":{"0":"post-12412","1":"product","2":"type-product","3":"status-publish","4":"has-post-thumbnail","6":"product_cat-burc-ve-mill-grubu","7":"product_cat-mil-grubu","9":"first","10":"instock","11":"taxable","12":"shipping-taxable","13":"purchasable","14":"product-type-simple"},"_links":{"self":[{"href":"https:\/\/ceoparts.com\/fr\/wp-json\/wp\/v2\/product\/12412","targetHints":{"allow":["GET"]}}],"collection":[{"href":"https:\/\/ceoparts.com\/fr\/wp-json\/wp\/v2\/product"}],"about":[{"href":"https:\/\/ceoparts.com\/fr\/wp-json\/wp\/v2\/types\/product"}],"wp:featuredmedia":[{"embeddable":true,"href":"https:\/\/ceoparts.com\/fr\/wp-json\/wp\/v2\/media\/12417"}],"wp:attachment":[{"href":"https:\/\/ceoparts.com\/fr\/wp-json\/wp\/v2\/media?parent=12412"}],"wp:term":[{"taxonomy":"product_brand","embeddable":true,"href":"https:\/\/ceoparts.com\/fr\/wp-json\/wp\/v2\/product_brand?post=12412"},{"taxonomy":"product_cat","embeddable":true,"href":"https:\/\/ceoparts.com\/fr\/wp-json\/wp\/v2\/product_cat?post=12412"},{"taxonomy":"product_tag","embeddable":true,"href":"https:\/\/ceoparts.com\/fr\/wp-json\/wp\/v2\/product_tag?post=12412"}],"curies":[{"name":"wp","href":"https:\/\/api.w.org\/{rel}","templated":true}]}}