{"id":12420,"date":"2024-12-30T11:45:46","date_gmt":"2024-12-30T08:45:46","guid":{"rendered":"https:\/\/ceoparts.com\/?post_type=product&#038;p=12420"},"modified":"2026-05-16T16:33:52","modified_gmt":"2026-05-16T13:33:52","slug":"bt-lpe200-denge-mekanizma-pim-7563305","status":"publish","type":"product","link":"https:\/\/ceoparts.com\/fr\/urun\/bt-lpe200-denge-mekanizma-pim-7563305\/","title":{"rendered":"BT Lpe200 Goupille de m\u00e9canisme d&#8217;\u00e9quilibrage &#8211; 7563305"},"content":{"rendered":"<p>BT Lpe200 Goupille de m\u00e9canisme d&#8217;\u00e9quilibrage &#8211; 7563305<\/p>\n<p>LPE200 LPE220\u00a0 LPE250<\/p>","protected":false},"excerpt":{"rendered":"<p data-start=\"99\" data-end=\"471\"><br data-start=\"2742\" data-end=\"2745\" \/>L\u2019axe de m\u00e9canisme d\u2019\u00e9quilibrage BT LPE200 est un \u00e9l\u00e9ment de connexion essentiel qui garantit le bon fonctionnement des m\u00e9canismes d\u2019\u00e9quilibrage des chariots \u00e9l\u00e9vateurs et \u00e9quipements de magasinage. Con\u00e7u pour fixer les pi\u00e8ces mobiles sous charge et maintenir le contr\u00f4le de l\u2019\u00e9quilibre. Sa structure en acier r\u00e9sistant offre des performances durables face \u00e0 l\u2019usure et aux chocs.<\/p>\n<p data-start=\"3127\" data-end=\"3433\"><strong data-start=\"3127\" data-end=\"3149\">Caract\u00e9ristiques :<\/strong><br data-start=\"3149\" data-end=\"3152\" \/><strong data-start=\"3152\" data-end=\"3172\">Nom du produit :<\/strong> Axe de m\u00e9canisme d\u2019\u00e9quilibrage BT LPE200<br data-start=\"3213\" data-end=\"3216\" \/><strong data-start=\"3216\" data-end=\"3232\">Code pi\u00e8ce :<\/strong> 7563305<br data-start=\"3240\" data-end=\"3243\" \/><strong data-start=\"3243\" data-end=\"3257\">Mat\u00e9riau :<\/strong> Acier<br data-start=\"3263\" data-end=\"3266\" \/><strong data-start=\"3266\" data-end=\"3292\">Domaine d\u2019utilisation:<\/strong> M\u00e9canismes d\u2019\u00e9quilibrage des chariots BT LPE200<br data-start=\"3340\" data-end=\"3343\" \/><strong data-start=\"3343\" data-end=\"3356\">Avantage:<\/strong> Structure r\u00e9sistante, grande solidit\u00e9, montage facile, longue dur\u00e9e de vie<\/p>\n<p data-start=\"3435\" data-end=\"3867\">\n","protected":false},"featured_media":12421,"template":"","meta":[],"product_brand":[],"product_cat":[251,464,467,518],"product_tag":[],"class_list":{"0":"post-12420","1":"product","2":"type-product","3":"status-publish","4":"has-post-thumbnail","6":"product_cat-bt","7":"product_cat-burc-ve-mill-grubu","8":"product_cat-mil-grubu","9":"product_cat-yedek-parca-bt","11":"first","12":"instock","13":"taxable","14":"shipping-taxable","15":"purchasable","16":"product-type-simple"},"_links":{"self":[{"href":"https:\/\/ceoparts.com\/fr\/wp-json\/wp\/v2\/product\/12420","targetHints":{"allow":["GET"]}}],"collection":[{"href":"https:\/\/ceoparts.com\/fr\/wp-json\/wp\/v2\/product"}],"about":[{"href":"https:\/\/ceoparts.com\/fr\/wp-json\/wp\/v2\/types\/product"}],"wp:featuredmedia":[{"embeddable":true,"href":"https:\/\/ceoparts.com\/fr\/wp-json\/wp\/v2\/media\/12421"}],"wp:attachment":[{"href":"https:\/\/ceoparts.com\/fr\/wp-json\/wp\/v2\/media?parent=12420"}],"wp:term":[{"taxonomy":"product_brand","embeddable":true,"href":"https:\/\/ceoparts.com\/fr\/wp-json\/wp\/v2\/product_brand?post=12420"},{"taxonomy":"product_cat","embeddable":true,"href":"https:\/\/ceoparts.com\/fr\/wp-json\/wp\/v2\/product_cat?post=12420"},{"taxonomy":"product_tag","embeddable":true,"href":"https:\/\/ceoparts.com\/fr\/wp-json\/wp\/v2\/product_tag?post=12420"}],"curies":[{"name":"wp","href":"https:\/\/api.w.org\/{rel}","templated":true}]}}