{"id":12424,"date":"2024-12-30T11:54:17","date_gmt":"2024-12-30T08:54:17","guid":{"rendered":"https:\/\/ceoparts.com\/?post_type=product&#038;p=12424"},"modified":"2026-05-16T11:47:14","modified_gmt":"2026-05-16T08:47:14","slug":"yarikli-pim-m-530","status":"publish","type":"product","link":"https:\/\/ceoparts.com\/fr\/urun\/yarikli-pim-m-530\/","title":{"rendered":"Goupille fendue M 5*30"},"content":{"rendered":"<p>Goupille fendue M 5*30<\/p>","protected":false},"excerpt":{"rendered":"<p data-start=\"99\" data-end=\"431\"><br data-start=\"2506\" data-end=\"2509\" \/>La goupille fendue M 5\u00d730 est un \u00e9l\u00e9ment de fixation robuste et pratique utilis\u00e9 pour le raccordement et le verrouillage dans les chariots \u00e9l\u00e9vateurs et engins industriels. Sa structure en acier offre une grande r\u00e9sistance. Le design fendu permet un montage et d\u00e9montage facile, id\u00e9al pour les zones n\u00e9cessitant un entretien fr\u00e9quent.<\/p>\n<p data-start=\"2845\" data-end=\"3139\"><strong data-start=\"2845\" data-end=\"2867\">Caract\u00e9ristiques :<\/strong><br data-start=\"2867\" data-end=\"2870\" \/><strong data-start=\"2870\" data-end=\"2890\">Nom du produit :<\/strong> Goupille fendue M 5\u00d730<br data-start=\"2913\" data-end=\"2916\" \/><strong data-start=\"2916\" data-end=\"2932\">Code pi\u00e8ce :<\/strong> &#8211;<br data-start=\"2934\" data-end=\"2937\" \/><strong data-start=\"2937\" data-end=\"2951\">Mat\u00e9riau :<\/strong> Acier<br data-start=\"2957\" data-end=\"2960\" \/><strong data-start=\"2960\" data-end=\"2986\">Domaine d\u2019utilisation:<\/strong> Points de connexion pour chariots \u00e9l\u00e9vateurs et engins industriels<br data-start=\"3053\" data-end=\"3056\" \/><strong data-start=\"3056\" data-end=\"3069\">Avantage:<\/strong> Haute r\u00e9sistance, montage et d\u00e9montage faciles, longue dur\u00e9e de vie<\/p>\n<p data-start=\"3141\" data-end=\"3502\">\n","protected":false},"featured_media":12428,"template":"","meta":[],"product_brand":[],"product_cat":[464,467],"product_tag":[],"class_list":{"0":"post-12424","1":"product","2":"type-product","3":"status-publish","4":"has-post-thumbnail","6":"product_cat-burc-ve-mill-grubu","7":"product_cat-mil-grubu","9":"first","10":"instock","11":"taxable","12":"shipping-taxable","13":"purchasable","14":"product-type-simple"},"_links":{"self":[{"href":"https:\/\/ceoparts.com\/fr\/wp-json\/wp\/v2\/product\/12424","targetHints":{"allow":["GET"]}}],"collection":[{"href":"https:\/\/ceoparts.com\/fr\/wp-json\/wp\/v2\/product"}],"about":[{"href":"https:\/\/ceoparts.com\/fr\/wp-json\/wp\/v2\/types\/product"}],"wp:featuredmedia":[{"embeddable":true,"href":"https:\/\/ceoparts.com\/fr\/wp-json\/wp\/v2\/media\/12428"}],"wp:attachment":[{"href":"https:\/\/ceoparts.com\/fr\/wp-json\/wp\/v2\/media?parent=12424"}],"wp:term":[{"taxonomy":"product_brand","embeddable":true,"href":"https:\/\/ceoparts.com\/fr\/wp-json\/wp\/v2\/product_brand?post=12424"},{"taxonomy":"product_cat","embeddable":true,"href":"https:\/\/ceoparts.com\/fr\/wp-json\/wp\/v2\/product_cat?post=12424"},{"taxonomy":"product_tag","embeddable":true,"href":"https:\/\/ceoparts.com\/fr\/wp-json\/wp\/v2\/product_tag?post=12424"}],"curies":[{"name":"wp","href":"https:\/\/api.w.org\/{rel}","templated":true}]}}