{"id":12429,"date":"2024-12-30T12:01:52","date_gmt":"2024-12-30T09:01:52","guid":{"rendered":"https:\/\/ceoparts.com\/?post_type=product&#038;p=12429"},"modified":"2026-05-16T17:29:26","modified_gmt":"2026-05-16T14:29:26","slug":"yeni-kasa-denge-tekeri-borusu","status":"publish","type":"product","link":"https:\/\/ceoparts.com\/fr\/urun\/yeni-kasa-denge-tekeri-borusu\/","title":{"rendered":"Tube de roue d&#8217;\u00e9quilibre du nouveau bo\u00eetier"},"content":{"rendered":"<p>Tube de roue d&#8217;\u00e9quilibre du nouveau bo\u00eetier<\/p>","protected":false},"excerpt":{"rendered":"<p data-start=\"87\" data-end=\"489\"><br data-start=\"3142\" data-end=\"3145\" \/>La roue d\u2019\u00e9quilibrage 125\u00d750\/60-20 avec douille M12 est une roue robuste et durable utilis\u00e9e sur les chariots \u00e9l\u00e9vateurs et gerbeurs pour assurer la stabilit\u00e9 et le contr\u00f4le directionnel. Sa connexion par douille M12 permet une installation facile et garantit une stabilit\u00e9 sous charge, soutenant ainsi le bon fonctionnement de la machine. Sa structure r\u00e9sistante \u00e0 l\u2019usure assure des performances durables m\u00eame en usage intensif.<\/p>\n<p data-start=\"3577\" data-end=\"3991\"><strong data-start=\"3577\" data-end=\"3599\">Caract\u00e9ristiques :<\/strong><br data-start=\"3599\" data-end=\"3602\" \/><strong data-start=\"3602\" data-end=\"3622\">Nom du produit :<\/strong> Roue d\u2019\u00e9quilibrage 125\u00d750\/60-20 avec douille M12<br data-start=\"3671\" data-end=\"3674\" \/><strong data-start=\"3674\" data-end=\"3690\">Code pi\u00e8ce :<\/strong> &#8211;<br data-start=\"3692\" data-end=\"3695\" \/><strong data-start=\"3695\" data-end=\"3709\">Mat\u00e9riau :<\/strong> Corps en acier avec rev\u00eatement en polyur\u00e9thane<br data-start=\"3756\" data-end=\"3759\" \/><strong data-start=\"3759\" data-end=\"3785\">Domaine d\u2019utilisation:<\/strong> Syst\u00e8mes d\u2019\u00e9quilibrage et de direction pour chariots \u00e9l\u00e9vateurs et gerbeurs<br data-start=\"3861\" data-end=\"3864\" \/><strong data-start=\"3864\" data-end=\"3877\">Avantage:<\/strong> R\u00e9sistance \u00e0 l\u2019usure, montage facile avec douille M12, fonctionnement silencieux et stable, longue dur\u00e9e de vie<\/p>\n<p data-start=\"3993\" data-end=\"4462\">\n","protected":false},"featured_media":12431,"template":"","meta":[],"product_brand":[],"product_cat":[466],"product_tag":[],"class_list":{"0":"post-12429","1":"product","2":"type-product","3":"status-publish","4":"has-post-thumbnail","6":"product_cat-denge-teker-burcu","8":"first","9":"instock","10":"taxable","11":"shipping-taxable","12":"purchasable","13":"product-type-simple"},"_links":{"self":[{"href":"https:\/\/ceoparts.com\/fr\/wp-json\/wp\/v2\/product\/12429","targetHints":{"allow":["GET"]}}],"collection":[{"href":"https:\/\/ceoparts.com\/fr\/wp-json\/wp\/v2\/product"}],"about":[{"href":"https:\/\/ceoparts.com\/fr\/wp-json\/wp\/v2\/types\/product"}],"wp:featuredmedia":[{"embeddable":true,"href":"https:\/\/ceoparts.com\/fr\/wp-json\/wp\/v2\/media\/12431"}],"wp:attachment":[{"href":"https:\/\/ceoparts.com\/fr\/wp-json\/wp\/v2\/media?parent=12429"}],"wp:term":[{"taxonomy":"product_brand","embeddable":true,"href":"https:\/\/ceoparts.com\/fr\/wp-json\/wp\/v2\/product_brand?post=12429"},{"taxonomy":"product_cat","embeddable":true,"href":"https:\/\/ceoparts.com\/fr\/wp-json\/wp\/v2\/product_cat?post=12429"},{"taxonomy":"product_tag","embeddable":true,"href":"https:\/\/ceoparts.com\/fr\/wp-json\/wp\/v2\/product_tag?post=12429"}],"curies":[{"name":"wp","href":"https:\/\/api.w.org\/{rel}","templated":true}]}}