{"id":12434,"date":"2024-12-30T17:36:52","date_gmt":"2024-12-30T14:36:52","guid":{"rendered":"https:\/\/ceoparts.com\/?post_type=product&#038;p=12434"},"modified":"2026-05-16T09:34:17","modified_gmt":"2026-05-16T06:34:17","slug":"jungheinrich-ere-120-catal-mekanizmasi-bos-takim-51448827","status":"publish","type":"product","link":"https:\/\/ceoparts.com\/fr\/urun\/jungheinrich-ere-120-catal-mekanizmasi-bos-takim-51448827\/","title":{"rendered":"Ensemble vide du m\u00e9canisme de fourche Jungheinrich ERE 120 (Sans roues) &#8211; 51448827"},"content":{"rendered":"<p>Ensemble vide du m\u00e9canisme de fourche Jungheinrich ERE 120 (Sans roues) &#8211; 51448827<\/p>\n<p>&nbsp;<\/p>\n<p>Jungheinrich 51448827<\/p>\n<p>ERE 120 \/ 125 \/ 225\u00a010.16 \u2013<br \/>\nERE 120 \/ 125 \/ 225 (US)\u00a010.16 \u2013<br \/>\nEJE 114 \/ 116 \/ 118 \/ 120\u00a03.18 \u2013<br \/>\nEJE 120 US\u00a03.18 \u2013<br \/>\nPW23P\u00a03.18 \u2013<br \/>\n2WP4500\u00a03.18 \u2013<br \/>\nEJE 222\/225\u00a08.18 \u2013<br \/>\nEJE 225 (USA)\u00a08.18 \u2013<br \/>\nPW30P\u00a08.18 \u2013<br \/>\n2WP6000\u00a08.18 \u2013<br \/>\nEJE 230-235\u00a02.20 \u2013<br \/>\nERE 225i\u00a010.21 \u2013<br \/>\nERE 225i (US)\u00a010.21<\/p>","protected":false},"excerpt":{"rendered":"<p data-start=\"78\" data-end=\"415\"><br data-start=\"2883\" data-end=\"2886\" \/>Le Kit de M\u00e9canisme de Fourche Jungheinrich ERE 120 (Sans Roues) est un ensemble de m\u00e9canismes de haute qualit\u00e9 sp\u00e9cialement con\u00e7u pour les chariots \u00e9l\u00e9vateurs et transpalettes. Il assure une connexion s\u00fbre et robuste lors des op\u00e9rations de levage et de manutention. Son design sans roues permet une compatibilit\u00e9 avec les roues existantes et une installation facile.<\/p>\n<p data-start=\"3255\" data-end=\"3663\"><strong data-start=\"3255\" data-end=\"3277\">Caract\u00e9ristiques :<\/strong><br data-start=\"3277\" data-end=\"3280\" \/><strong data-start=\"3280\" data-end=\"3300\">Nom du produit :<\/strong> Kit de M\u00e9canisme de Fourche Jungheinrich ERE 120 (Sans Roues)<br data-start=\"3362\" data-end=\"3365\" \/><strong data-start=\"3365\" data-end=\"3381\">Code pi\u00e8ce :<\/strong> 51448827<br data-start=\"3390\" data-end=\"3393\" \/><strong data-start=\"3393\" data-end=\"3407\">Mat\u00e9riau :<\/strong> Acier haute r\u00e9sistance et \u00e9l\u00e9ments de fixation<br data-start=\"3454\" data-end=\"3457\" \/><strong data-start=\"3457\" data-end=\"3483\">Domaine d\u2019utilisation:<\/strong> Chariots \u00e9l\u00e9vateurs et transpalettes Jungheinrich ERE 120<br data-start=\"3541\" data-end=\"3544\" \/><strong data-start=\"3544\" data-end=\"3557\">Avantage:<\/strong> Structure solide, installation facile, longue dur\u00e9e de vie, montage flexible gr\u00e2ce au design sans roues<\/p>\n<p data-start=\"3665\" data-end=\"4034\">\n","protected":false},"featured_media":12435,"template":"","meta":[],"product_brand":[],"product_cat":[236,406,408,522],"product_tag":[],"class_list":{"0":"post-12434","1":"product","2":"type-product","3":"status-publish","4":"has-post-thumbnail","6":"product_cat-jungheinrich","7":"product_cat-catal-mekanizma","8":"product_cat-jungheinrich-catal-mekanizma","9":"product_cat-yedek-parca-jungheinrich","11":"first","12":"instock","13":"taxable","14":"shipping-taxable","15":"purchasable","16":"product-type-simple"},"_links":{"self":[{"href":"https:\/\/ceoparts.com\/fr\/wp-json\/wp\/v2\/product\/12434","targetHints":{"allow":["GET"]}}],"collection":[{"href":"https:\/\/ceoparts.com\/fr\/wp-json\/wp\/v2\/product"}],"about":[{"href":"https:\/\/ceoparts.com\/fr\/wp-json\/wp\/v2\/types\/product"}],"wp:featuredmedia":[{"embeddable":true,"href":"https:\/\/ceoparts.com\/fr\/wp-json\/wp\/v2\/media\/12435"}],"wp:attachment":[{"href":"https:\/\/ceoparts.com\/fr\/wp-json\/wp\/v2\/media?parent=12434"}],"wp:term":[{"taxonomy":"product_brand","embeddable":true,"href":"https:\/\/ceoparts.com\/fr\/wp-json\/wp\/v2\/product_brand?post=12434"},{"taxonomy":"product_cat","embeddable":true,"href":"https:\/\/ceoparts.com\/fr\/wp-json\/wp\/v2\/product_cat?post=12434"},{"taxonomy":"product_tag","embeddable":true,"href":"https:\/\/ceoparts.com\/fr\/wp-json\/wp\/v2\/product_tag?post=12434"}],"curies":[{"name":"wp","href":"https:\/\/api.w.org\/{rel}","templated":true}]}}