{"id":12445,"date":"2025-01-03T14:44:28","date_gmt":"2025-01-03T11:44:28","guid":{"rendered":"https:\/\/ceoparts.com\/?post_type=product&#038;p=12445"},"modified":"2026-05-16T17:22:48","modified_gmt":"2026-05-16T14:22:48","slug":"85x95-97-25-wicke-yuk-tekeri-253072-7509449","status":"publish","type":"product","link":"https:\/\/ceoparts.com\/fr\/urun\/85x95-97-25-wicke-yuk-tekeri-253072-7509449\/","title":{"rendered":"85&#215;95\/97-25 Wicke Roulettes charge &#8211; 253072 , 7509449"},"content":{"rendered":"<p>85&#215;95\/97-25 Wicke Roulettes charge &#8211; 253072 , 7509449<\/p>\n<p>BT TOYOTA<\/p>\n<p>BT SWE 120L<\/p>\n<p>BT SWE 140L<\/p>\n<p>LPE220 \/ LPE250 \/ LWE200<\/p>","protected":false},"excerpt":{"rendered":"<p data-start=\"89\" data-end=\"402\"><br data-start=\"2733\" data-end=\"2736\" \/>La roue de charge Wicke 85\u00d795\/97-25 est une roue de haute qualit\u00e9 con\u00e7ue pour offrir des performances fiables sous de fortes charges dans les chariots \u00e9l\u00e9vateurs et gerbeurs. Sa structure compacte permet une grande maniabilit\u00e9 dans les espaces restreints. Son rev\u00eatement en Vulkollan r\u00e9sistant \u00e0 l\u2019usure assure un fonctionnement durable et silencieux.<\/p>\n<p data-start=\"3089\" data-end=\"3480\"><strong data-start=\"3089\" data-end=\"3111\">Caract\u00e9ristiques :<\/strong><br data-start=\"3111\" data-end=\"3114\" \/><strong data-start=\"3114\" data-end=\"3134\">Nom du produit :<\/strong> Roue de charge Wicke 85\u00d795\/97-25<br data-start=\"3167\" data-end=\"3170\" \/><strong data-start=\"3170\" data-end=\"3186\">Code pi\u00e8ce :<\/strong> 253072, 7509449<br data-start=\"3202\" data-end=\"3205\" \/><strong data-start=\"3205\" data-end=\"3219\">Mat\u00e9riau :<\/strong> Corps en fonte avec rev\u00eatement en Vulkollan<br data-start=\"3263\" data-end=\"3266\" \/><strong data-start=\"3266\" data-end=\"3292\">Domaine d\u2019utilisation:<\/strong> Syst\u00e8mes de manutention pour chariots \u00e9l\u00e9vateurs et gerbeurs<br data-start=\"3353\" data-end=\"3356\" \/><strong data-start=\"3356\" data-end=\"3369\">Avantage:<\/strong> Grande capacit\u00e9 de charge, r\u00e9sistance \u00e0 l\u2019usure, fonctionnement silencieux et stable, excellente maniabilit\u00e9<\/p>\n<p data-start=\"3482\" data-end=\"3844\">\n","protected":false},"featured_media":12449,"template":"","meta":[],"product_brand":[],"product_cat":[251,253,400,401,402,521,526],"product_tag":[],"class_list":{"0":"post-12445","1":"product","2":"type-product","3":"status-publish","4":"has-post-thumbnail","6":"product_cat-bt","7":"product_cat-catal-tekeri-bt","8":"product_cat-catal-tekeri","9":"product_cat-wicke","10":"product_cat-catal-tekeri-wicke","11":"product_cat-toyota","12":"product_cat-catal-tekeri-toyota","14":"first","15":"instock","16":"taxable","17":"shipping-taxable","18":"purchasable","19":"product-type-simple"},"_links":{"self":[{"href":"https:\/\/ceoparts.com\/fr\/wp-json\/wp\/v2\/product\/12445","targetHints":{"allow":["GET"]}}],"collection":[{"href":"https:\/\/ceoparts.com\/fr\/wp-json\/wp\/v2\/product"}],"about":[{"href":"https:\/\/ceoparts.com\/fr\/wp-json\/wp\/v2\/types\/product"}],"wp:featuredmedia":[{"embeddable":true,"href":"https:\/\/ceoparts.com\/fr\/wp-json\/wp\/v2\/media\/12449"}],"wp:attachment":[{"href":"https:\/\/ceoparts.com\/fr\/wp-json\/wp\/v2\/media?parent=12445"}],"wp:term":[{"taxonomy":"product_brand","embeddable":true,"href":"https:\/\/ceoparts.com\/fr\/wp-json\/wp\/v2\/product_brand?post=12445"},{"taxonomy":"product_cat","embeddable":true,"href":"https:\/\/ceoparts.com\/fr\/wp-json\/wp\/v2\/product_cat?post=12445"},{"taxonomy":"product_tag","embeddable":true,"href":"https:\/\/ceoparts.com\/fr\/wp-json\/wp\/v2\/product_tag?post=12445"}],"curies":[{"name":"wp","href":"https:\/\/api.w.org\/{rel}","templated":true}]}}