{"id":12469,"date":"2025-01-03T16:57:37","date_gmt":"2025-01-03T13:57:37","guid":{"rendered":"https:\/\/ceoparts.com\/?post_type=product&#038;p=12469"},"modified":"2026-05-16T10:57:28","modified_gmt":"2026-05-16T07:57:28","slug":"250x100-80x28-wicke-yuk-tekeri-181314-1499031","status":"publish","type":"product","link":"https:\/\/ceoparts.com\/fr\/urun\/250x100-80x28-wicke-yuk-tekeri-181314-1499031\/","title":{"rendered":"250&#215;100 (80&#215;28) Wicke Roue de charge &#8211; 1499031"},"content":{"rendered":"<p>250&#215;100 (80&#215;28) Wicke Roue de charge &#8211; 1499031<\/p>","protected":false},"excerpt":{"rendered":"<p data-start=\"0\" data-end=\"325\"><br data-start=\"2468\" data-end=\"2471\" \/>La roue de charge Wicke 250\u00d7100 (80\u00d728) est une roue de haute qualit\u00e9 assurant un d\u00e9placement s\u00fbr et stable des chariots \u00e9l\u00e9vateurs lors du transport de charges. Gr\u00e2ce \u00e0 sa structure robuste et son rev\u00eatement de qualit\u00e9, elle offre une excellente r\u00e9sistance \u00e0 l&#8217;usure. Id\u00e9ale pour un usage intensif avec une grande capacit\u00e9 de charge.<\/p>\n<p data-start=\"2807\" data-end=\"3161\"><strong data-start=\"2807\" data-end=\"2829\">Caract\u00e9ristiques :<\/strong><br data-start=\"2829\" data-end=\"2832\" \/><strong data-start=\"2832\" data-end=\"2852\">Nom du produit :<\/strong> Roue de charge Wicke 250\u00d7100 (80\u00d728)<br data-start=\"2889\" data-end=\"2892\" \/><strong data-start=\"2892\" data-end=\"2908\">Code pi\u00e8ce :<\/strong> 1499031<br data-start=\"2916\" data-end=\"2919\" \/><strong data-start=\"2919\" data-end=\"2933\">Mat\u00e9riau :<\/strong> Corps en fonte avec rev\u00eatement en polyur\u00e9thane<br data-start=\"2980\" data-end=\"2983\" \/><strong data-start=\"2983\" data-end=\"3009\">Domaine d\u2019utilisation:<\/strong> Syst\u00e8mes de manutention pour chariots \u00e9l\u00e9vateurs<br data-start=\"3058\" data-end=\"3061\" \/><strong data-start=\"3061\" data-end=\"3074\">Avantage:<\/strong> Grande capacit\u00e9 de charge, r\u00e9sistance \u00e0 l\u2019usure, fonctionnement silencieux et stable<\/p>\n<p data-start=\"3163\" data-end=\"3511\">\n","protected":false},"featured_media":12476,"template":"","meta":[],"product_brand":[],"product_cat":[405,256,261,401,194],"product_tag":[],"class_list":{"0":"post-12469","1":"product","2":"type-product","3":"status-publish","4":"has-post-thumbnail","6":"product_cat-yuk-tekeri-wicke","7":"product_cat-hyster","8":"product_cat-yuk-tekeri-hyster","9":"product_cat-wicke","10":"product_cat-yuk-tekeri","12":"first","13":"instock","14":"taxable","15":"shipping-taxable","16":"purchasable","17":"product-type-simple"},"_links":{"self":[{"href":"https:\/\/ceoparts.com\/fr\/wp-json\/wp\/v2\/product\/12469","targetHints":{"allow":["GET"]}}],"collection":[{"href":"https:\/\/ceoparts.com\/fr\/wp-json\/wp\/v2\/product"}],"about":[{"href":"https:\/\/ceoparts.com\/fr\/wp-json\/wp\/v2\/types\/product"}],"wp:featuredmedia":[{"embeddable":true,"href":"https:\/\/ceoparts.com\/fr\/wp-json\/wp\/v2\/media\/12476"}],"wp:attachment":[{"href":"https:\/\/ceoparts.com\/fr\/wp-json\/wp\/v2\/media?parent=12469"}],"wp:term":[{"taxonomy":"product_brand","embeddable":true,"href":"https:\/\/ceoparts.com\/fr\/wp-json\/wp\/v2\/product_brand?post=12469"},{"taxonomy":"product_cat","embeddable":true,"href":"https:\/\/ceoparts.com\/fr\/wp-json\/wp\/v2\/product_cat?post=12469"},{"taxonomy":"product_tag","embeddable":true,"href":"https:\/\/ceoparts.com\/fr\/wp-json\/wp\/v2\/product_tag?post=12469"}],"curies":[{"name":"wp","href":"https:\/\/api.w.org\/{rel}","templated":true}]}}