{"id":12480,"date":"2025-01-04T09:11:38","date_gmt":"2025-01-04T06:11:38","guid":{"rendered":"https:\/\/ceoparts.com\/?post_type=product&#038;p=12480"},"modified":"2026-05-16T08:36:46","modified_gmt":"2026-05-16T05:36:46","slug":"285x100-80x28-wicke-yuk-tekeri-1499032","status":"publish","type":"product","link":"https:\/\/ceoparts.com\/fr\/urun\/285x100-80x28-wicke-yuk-tekeri-1499032\/","title":{"rendered":"285&#215;100 (80&#215;28) Wicke Vulkollan  Roue de charge &#8211; 1499032 , 580026052"},"content":{"rendered":"<p>285&#215;100 (80&#215;28) Wicke Vulkollan  Roue de charge &#8211; 1499032 , 580026052<\/p>","protected":false},"excerpt":{"rendered":"<article class=\"text-token-text-primary w-full\" dir=\"auto\" data-testid=\"conversation-turn-146\" data-scroll-anchor=\"true\">\n<div class=\"text-base my-auto mx-auto py-5 [--thread-content-margin:--spacing(4)] @[37rem]:[--thread-content-margin:--spacing(6)] @[72rem]:[--thread-content-margin:--spacing(16)] px-(--thread-content-margin)\">\n<div class=\"[--thread-content-max-width:32rem] @[34rem]:[--thread-content-max-width:40rem] @[64rem]:[--thread-content-max-width:48rem] mx-auto flex max-w-(--thread-content-max-width) flex-1 text-base gap-4 md:gap-5 lg:gap-6 group\/turn-messages focus-visible:outline-hidden\" tabindex=\"-1\">\n<div class=\"group\/conversation-turn relative flex w-full min-w-0 flex-col agent-turn\">\n<div class=\"relative flex-col gap-1 md:gap-3\">\n<div class=\"flex max-w-full flex-col grow\">\n<div class=\"min-h-8 text-message relative flex w-full flex-col items-end gap-2 text-start break-words whitespace-normal [.text-message+&amp;]:mt-5\" dir=\"auto\" data-message-author-role=\"assistant\" data-message-id=\"3950ea0d-4ac0-497a-b783-9401ea675f29\" data-message-model-slug=\"gpt-4-1-mini\">\n<div class=\"flex w-full flex-col gap-1 empty:hidden first:pt-[3px]\">\n<div class=\"markdown prose dark:prose-invert w-full break-words light\">\n<p data-start=\"0\" data-end=\"286\"><br data-start=\"2353\" data-end=\"2356\" \/>La roue de charge Wicke 285\u00d7100 (80\u00d728) Vulkollan est une roue tr\u00e8s durable utilis\u00e9e dans les chariots \u00e9l\u00e9vateurs. Fabriqu\u00e9e en Vulkollan, elle offre une r\u00e9sistance \u00e0 l\u2019usure et un fonctionnement silencieux. Sa grande capacit\u00e9 de charge contribue \u00e0 une op\u00e9ration s\u00fbre et efficace du chariot.<\/p>\n<p data-start=\"2649\" data-end=\"3019\"><strong data-start=\"2649\" data-end=\"2671\">Caract\u00e9ristiques :<\/strong><br data-start=\"2671\" data-end=\"2674\" \/><strong data-start=\"2674\" data-end=\"2694\">Nom du produit :<\/strong> Roue de charge Wicke 285\u00d7100 (80\u00d728) Vulkollan<br data-start=\"2741\" data-end=\"2744\" \/><strong data-start=\"2744\" data-end=\"2760\">Code pi\u00e8ce :<\/strong> 1499032, 580026052<br data-start=\"2779\" data-end=\"2782\" \/><strong data-start=\"2782\" data-end=\"2796\">Mat\u00e9riau :<\/strong> Vulkollan (polyur\u00e9thane thermoplastique)<br data-start=\"2837\" data-end=\"2840\" \/><strong data-start=\"2840\" data-end=\"2866\">Domaine d\u2019utilisation:<\/strong> Roue de charge pour chariots \u00e9l\u00e9vateurs<br data-start=\"2906\" data-end=\"2909\" \/><strong data-start=\"2909\" data-end=\"2922\">Avantage:<\/strong> R\u00e9sistant \u00e0 l\u2019usure, fonctionnement silencieux, grande capacit\u00e9 de charge, longue dur\u00e9e de vie<\/p>\n<p data-start=\"3021\" data-end=\"3338\">\n","protected":false},"featured_media":12481,"template":"","meta":[],"product_brand":[],"product_cat":[401,405,256,261,194],"product_tag":[],"class_list":{"0":"post-12480","1":"product","2":"type-product","3":"status-publish","4":"has-post-thumbnail","6":"product_cat-wicke","7":"product_cat-yuk-tekeri-wicke","8":"product_cat-hyster","9":"product_cat-yuk-tekeri-hyster","10":"product_cat-yuk-tekeri","12":"first","13":"instock","14":"taxable","15":"shipping-taxable","16":"purchasable","17":"product-type-simple"},"_links":{"self":[{"href":"https:\/\/ceoparts.com\/fr\/wp-json\/wp\/v2\/product\/12480","targetHints":{"allow":["GET"]}}],"collection":[{"href":"https:\/\/ceoparts.com\/fr\/wp-json\/wp\/v2\/product"}],"about":[{"href":"https:\/\/ceoparts.com\/fr\/wp-json\/wp\/v2\/types\/product"}],"wp:featuredmedia":[{"embeddable":true,"href":"https:\/\/ceoparts.com\/fr\/wp-json\/wp\/v2\/media\/12481"}],"wp:attachment":[{"href":"https:\/\/ceoparts.com\/fr\/wp-json\/wp\/v2\/media?parent=12480"}],"wp:term":[{"taxonomy":"product_brand","embeddable":true,"href":"https:\/\/ceoparts.com\/fr\/wp-json\/wp\/v2\/product_brand?post=12480"},{"taxonomy":"product_cat","embeddable":true,"href":"https:\/\/ceoparts.com\/fr\/wp-json\/wp\/v2\/product_cat?post=12480"},{"taxonomy":"product_tag","embeddable":true,"href":"https:\/\/ceoparts.com\/fr\/wp-json\/wp\/v2\/product_tag?post=12480"}],"curies":[{"name":"wp","href":"https:\/\/api.w.org\/{rel}","templated":true}]}}