{"id":12485,"date":"2025-01-04T10:33:42","date_gmt":"2025-01-04T07:33:42","guid":{"rendered":"https:\/\/ceoparts.com\/?post_type=product&#038;p=12485"},"modified":"2026-05-16T10:57:21","modified_gmt":"2026-05-16T07:57:21","slug":"360x130-90-wicke-yuruyus-tekeri-8428189","status":"publish","type":"product","link":"https:\/\/ceoparts.com\/fr\/urun\/360x130-90-wicke-yuruyus-tekeri-8428189\/","title":{"rendered":"360&#215;130-90 Wicke Roue de marche &#8211; 8428189"},"content":{"rendered":"<p>360&#215;130-90 Wicke Roue de marche &#8211; 8428189<\/p>\n<p>Still FM-X,<\/p>\n<p>STILL FM-XN,<\/p>\n<p>STILL FS-X33<\/p>","protected":false},"excerpt":{"rendered":"<p data-start=\"0\" data-end=\"247\"><br data-start=\"2134\" data-end=\"2137\" \/>La roue motrice Wicke 360\u00d7130-90 est une roue durable et de haute qualit\u00e9 utilis\u00e9e dans les chariots \u00e9l\u00e9vateurs. Elle assure un mouvement stable et s\u00fbr du chariot avec une grande capacit\u00e9 de charge et une construction robuste. Fabriqu\u00e9e \u00e0 partir de mat\u00e9riaux durables.<\/p>\n<p data-start=\"2407\" data-end=\"2721\"><strong data-start=\"2407\" data-end=\"2429\">Caract\u00e9ristiques :<\/strong><br data-start=\"2429\" data-end=\"2432\" \/><strong data-start=\"2432\" data-end=\"2452\">Nom du produit :<\/strong> Roue motrice Wicke 360\u00d7130-90<br data-start=\"2482\" data-end=\"2485\" \/><strong data-start=\"2485\" data-end=\"2501\">Code pi\u00e8ce :<\/strong> 8428189<br data-start=\"2509\" data-end=\"2512\" \/><strong data-start=\"2512\" data-end=\"2526\">Mat\u00e9riau :<\/strong> Caoutchouc durable et alliage m\u00e9tallique<br data-start=\"2567\" data-end=\"2570\" \/><strong data-start=\"2570\" data-end=\"2596\">Domaine d\u2019utilisation:<\/strong> Roue motrice pour chariots \u00e9l\u00e9vateurs<br data-start=\"2634\" data-end=\"2637\" \/><strong data-start=\"2637\" data-end=\"2650\">Avantage:<\/strong> Grande capacit\u00e9 de charge, construction robuste, utilisation durable<\/p>\n<p data-start=\"2723\" data-end=\"2990\">\n","protected":false},"featured_media":12487,"template":"","meta":[],"product_brand":[],"product_cat":[241,244,401,404,193],"product_tag":[],"class_list":{"0":"post-12485","1":"product","2":"type-product","3":"status-publish","4":"has-post-thumbnail","6":"product_cat-still","7":"product_cat-yuruyus-tekeri-still","8":"product_cat-wicke","9":"product_cat-yuruyus-tekeri-wicke","10":"product_cat-yuruyus-tekeri","12":"first","13":"instock","14":"taxable","15":"shipping-taxable","16":"purchasable","17":"product-type-simple"},"_links":{"self":[{"href":"https:\/\/ceoparts.com\/fr\/wp-json\/wp\/v2\/product\/12485","targetHints":{"allow":["GET"]}}],"collection":[{"href":"https:\/\/ceoparts.com\/fr\/wp-json\/wp\/v2\/product"}],"about":[{"href":"https:\/\/ceoparts.com\/fr\/wp-json\/wp\/v2\/types\/product"}],"wp:featuredmedia":[{"embeddable":true,"href":"https:\/\/ceoparts.com\/fr\/wp-json\/wp\/v2\/media\/12487"}],"wp:attachment":[{"href":"https:\/\/ceoparts.com\/fr\/wp-json\/wp\/v2\/media?parent=12485"}],"wp:term":[{"taxonomy":"product_brand","embeddable":true,"href":"https:\/\/ceoparts.com\/fr\/wp-json\/wp\/v2\/product_brand?post=12485"},{"taxonomy":"product_cat","embeddable":true,"href":"https:\/\/ceoparts.com\/fr\/wp-json\/wp\/v2\/product_cat?post=12485"},{"taxonomy":"product_tag","embeddable":true,"href":"https:\/\/ceoparts.com\/fr\/wp-json\/wp\/v2\/product_tag?post=12485"}],"curies":[{"name":"wp","href":"https:\/\/api.w.org\/{rel}","templated":true}]}}