{"id":12496,"date":"2025-01-04T11:45:27","date_gmt":"2025-01-04T08:45:27","guid":{"rendered":"https:\/\/ceoparts.com\/?post_type=product&#038;p=12496"},"modified":"2026-05-16T11:50:42","modified_gmt":"2026-05-16T08:50:42","slug":"linde-16-wicke-denge-mekanizmasi-3794505500","status":"publish","type":"product","link":"https:\/\/ceoparts.com\/fr\/urun\/linde-16-wicke-denge-mekanizmasi-3794505500\/","title":{"rendered":"M\u00e9canisme d&#8217;\u00c9quilibrage Linde 16 Wicke &#8211; 3794505500"},"content":{"rendered":"<p>M\u00e9canisme d&#8217;\u00c9quilibrage Linde 16 Wicke &#8211; 3794505500<\/p>","protected":false},"excerpt":{"rendered":"<p data-start=\"0\" data-end=\"268\"><br data-start=\"2229\" data-end=\"2232\" \/>Le m\u00e9canisme d&#8217;\u00e9quilibre Linde 16 Wicke est un m\u00e9canisme durable et pr\u00e9cis utilis\u00e9 dans les chariots \u00e9l\u00e9vateurs. Il garantit une op\u00e9ration s\u00fbre et contr\u00f4l\u00e9e tout en am\u00e9liorant les performances d&#8217;\u00e9quilibre du chariot. Fabriqu\u00e9 avec des mat\u00e9riaux de haute qualit\u00e9 pour une longue dur\u00e9e de vie.<\/p>\n<p data-start=\"2525\" data-end=\"2838\"><strong data-start=\"2525\" data-end=\"2547\">Caract\u00e9ristiques :<\/strong><br data-start=\"2547\" data-end=\"2550\" \/><strong data-start=\"2550\" data-end=\"2570\">Nom du produit :<\/strong> M\u00e9canisme d&#8217;\u00e9quilibre Linde 16 Wicke<br data-start=\"2607\" data-end=\"2610\" \/><strong data-start=\"2610\" data-end=\"2626\">Code pi\u00e8ce :<\/strong> 3794505500<br data-start=\"2637\" data-end=\"2640\" \/><strong data-start=\"2640\" data-end=\"2654\">Mat\u00e9riau :<\/strong> Alliage m\u00e9tallique durable<br data-start=\"2681\" data-end=\"2684\" \/><strong data-start=\"2684\" data-end=\"2710\">Domaine d\u2019utilisation:<\/strong> Syst\u00e8me d&#8217;\u00e9quilibrage des chariots \u00e9l\u00e9vateurs Linde<br data-start=\"2762\" data-end=\"2765\" \/><strong data-start=\"2765\" data-end=\"2778\">Avantage:<\/strong> Haute durabilit\u00e9, \u00e9quilibrage pr\u00e9cis, performance durable<\/p>\n<p data-start=\"2840\" data-end=\"3133\">\n","protected":false},"featured_media":13791,"template":"","meta":[],"product_brand":[],"product_cat":[532,246,247,401,420,424],"product_tag":[],"class_list":{"0":"post-12496","1":"product","2":"type-product","3":"status-publish","4":"has-post-thumbnail","6":"product_cat-mekanizmalar-wicke","7":"product_cat-linde","8":"product_cat-denge-tekeri-linde","9":"product_cat-wicke","10":"product_cat-denge-mekanizmalar","11":"product_cat-wicke-denge-mekanizma","13":"first","14":"instock","15":"taxable","16":"shipping-taxable","17":"purchasable","18":"product-type-simple"},"_links":{"self":[{"href":"https:\/\/ceoparts.com\/fr\/wp-json\/wp\/v2\/product\/12496","targetHints":{"allow":["GET"]}}],"collection":[{"href":"https:\/\/ceoparts.com\/fr\/wp-json\/wp\/v2\/product"}],"about":[{"href":"https:\/\/ceoparts.com\/fr\/wp-json\/wp\/v2\/types\/product"}],"wp:featuredmedia":[{"embeddable":true,"href":"https:\/\/ceoparts.com\/fr\/wp-json\/wp\/v2\/media\/13791"}],"wp:attachment":[{"href":"https:\/\/ceoparts.com\/fr\/wp-json\/wp\/v2\/media?parent=12496"}],"wp:term":[{"taxonomy":"product_brand","embeddable":true,"href":"https:\/\/ceoparts.com\/fr\/wp-json\/wp\/v2\/product_brand?post=12496"},{"taxonomy":"product_cat","embeddable":true,"href":"https:\/\/ceoparts.com\/fr\/wp-json\/wp\/v2\/product_cat?post=12496"},{"taxonomy":"product_tag","embeddable":true,"href":"https:\/\/ceoparts.com\/fr\/wp-json\/wp\/v2\/product_tag?post=12496"}],"curies":[{"name":"wp","href":"https:\/\/api.w.org\/{rel}","templated":true}]}}