{"id":12505,"date":"2025-01-06T11:17:15","date_gmt":"2025-01-06T08:17:15","guid":{"rendered":"https:\/\/ceoparts.com\/?post_type=product&#038;p=12505"},"modified":"2026-05-16T10:52:12","modified_gmt":"2026-05-16T07:52:12","slug":"rema-80a-aku-soketi-fisi-erkek","status":"publish","type":"product","link":"https:\/\/ceoparts.com\/fr\/urun\/rema-80a-aku-soketi-fisi-erkek\/","title":{"rendered":"Prise \/ Fiche de Batterie Rema 80A &#8211; M\u00e2le"},"content":{"rendered":"<p>Prise \/ Fiche de Batterie Rema 80A &#8211; M\u00e2le<\/p>","protected":false},"excerpt":{"rendered":"<p data-start=\"0\" data-end=\"311\"><br data-start=\"2787\" data-end=\"2790\" \/>Connecteur \/ prise m\u00e2le Rema 80A est un connecteur de batterie durable et de haute qualit\u00e9 utilis\u00e9 pour les connexions dans les chariots \u00e9l\u00e9vateurs et v\u00e9hicules industriels. Il assure une transmission d\u2019\u00e9nergie s\u00e9curis\u00e9e et ininterrompue avec une grande capacit\u00e9 de courant. Sa construction robuste et sa facilit\u00e9 d\u2019installation offrent une utilisation durable et pratique.<\/p>\n<p data-start=\"3165\" data-end=\"3559\"><strong data-start=\"3165\" data-end=\"3187\">Caract\u00e9ristiques :<\/strong><br data-start=\"3187\" data-end=\"3190\" \/><strong data-start=\"3190\" data-end=\"3210\">Nom du produit :<\/strong> Connecteur \/ prise m\u00e2le Rema 80A<br data-start=\"3243\" data-end=\"3246\" \/><strong data-start=\"3246\" data-end=\"3262\">Code pi\u00e8ce :<\/strong> &#8211;<br data-start=\"3264\" data-end=\"3267\" \/><strong data-start=\"3267\" data-end=\"3281\">Mat\u00e9riau :<\/strong> Plastique de haute qualit\u00e9 et contacts conducteurs en cuivre<br data-start=\"3342\" data-end=\"3345\" \/><strong data-start=\"3345\" data-end=\"3371\">Domaine d\u2019utilisation:<\/strong> Connexions de batterie pour chariots \u00e9l\u00e9vateurs, syst\u00e8mes \u00e9lectriques industriels<br data-start=\"3453\" data-end=\"3456\" \/><strong data-start=\"3456\" data-end=\"3469\">Avantage:<\/strong> Grande capacit\u00e9 de courant, construction robuste, installation facile, connexion fiable<\/p>\n<p data-start=\"3561\" data-end=\"3908\">\n","protected":false},"featured_media":15531,"template":"","meta":[],"product_brand":[],"product_cat":[442,444],"product_tag":[],"class_list":{"0":"post-12505","1":"product","2":"type-product","3":"status-publish","4":"has-post-thumbnail","6":"product_cat-aku-yedek-parcalari","7":"product_cat-aku-fisi","9":"first","10":"instock","11":"taxable","12":"shipping-taxable","13":"purchasable","14":"product-type-simple"},"_links":{"self":[{"href":"https:\/\/ceoparts.com\/fr\/wp-json\/wp\/v2\/product\/12505","targetHints":{"allow":["GET"]}}],"collection":[{"href":"https:\/\/ceoparts.com\/fr\/wp-json\/wp\/v2\/product"}],"about":[{"href":"https:\/\/ceoparts.com\/fr\/wp-json\/wp\/v2\/types\/product"}],"wp:featuredmedia":[{"embeddable":true,"href":"https:\/\/ceoparts.com\/fr\/wp-json\/wp\/v2\/media\/15531"}],"wp:attachment":[{"href":"https:\/\/ceoparts.com\/fr\/wp-json\/wp\/v2\/media?parent=12505"}],"wp:term":[{"taxonomy":"product_brand","embeddable":true,"href":"https:\/\/ceoparts.com\/fr\/wp-json\/wp\/v2\/product_brand?post=12505"},{"taxonomy":"product_cat","embeddable":true,"href":"https:\/\/ceoparts.com\/fr\/wp-json\/wp\/v2\/product_cat?post=12505"},{"taxonomy":"product_tag","embeddable":true,"href":"https:\/\/ceoparts.com\/fr\/wp-json\/wp\/v2\/product_tag?post=12505"}],"curies":[{"name":"wp","href":"https:\/\/api.w.org\/{rel}","templated":true}]}}