{"id":12512,"date":"2025-01-06T11:25:00","date_gmt":"2025-01-06T08:25:00","guid":{"rendered":"https:\/\/ceoparts.com\/?post_type=product&#038;p=12512"},"modified":"2026-05-03T16:17:44","modified_gmt":"2026-05-03T13:17:44","slug":"rema-80a-aku-soketi-fisi-disi","status":"publish","type":"product","link":"https:\/\/ceoparts.com\/fr\/urun\/rema-80a-aku-soketi-fisi-disi\/","title":{"rendered":"Prise \/ Fiche de Batterie Rema 80A &#8211; Femelle"},"content":{"rendered":"<p>Prise \/ Fiche de Batterie Rema 80A &#8211; Femelle<\/p>","protected":false},"excerpt":{"rendered":"<p data-start=\"0\" data-end=\"311\"><br data-start=\"2795\" data-end=\"2798\" \/>Connecteur \/ prise femelle Rema 80A est un connecteur de batterie de haute qualit\u00e9 et durable utilis\u00e9 pour les connexions de batterie dans les chariots \u00e9l\u00e9vateurs et les v\u00e9hicules industriels. Il assure une transmission d\u2019\u00e9nergie s\u00e9curis\u00e9e avec une grande capacit\u00e9 de courant. Sa construction robuste et sa facilit\u00e9 d\u2019installation offrent une utilisation durable et pratique.<\/p>\n<p data-start=\"3175\" data-end=\"3572\"><strong data-start=\"3175\" data-end=\"3197\">Caract\u00e9ristiques :<\/strong><br data-start=\"3197\" data-end=\"3200\" \/><strong data-start=\"3200\" data-end=\"3220\">Nom du produit :<\/strong> Connecteur \/ prise femelle Rema 80A<br data-start=\"3256\" data-end=\"3259\" \/><strong data-start=\"3259\" data-end=\"3275\">Code pi\u00e8ce :<\/strong> &#8211;<br data-start=\"3277\" data-end=\"3280\" \/><strong data-start=\"3280\" data-end=\"3294\">Mat\u00e9riau :<\/strong> Plastique de haute qualit\u00e9 et contacts conducteurs en cuivre<br data-start=\"3355\" data-end=\"3358\" \/><strong data-start=\"3358\" data-end=\"3384\">Domaine d\u2019utilisation:<\/strong> Connexions de batterie pour chariots \u00e9l\u00e9vateurs, syst\u00e8mes \u00e9lectriques industriels<br data-start=\"3466\" data-end=\"3469\" \/><strong data-start=\"3469\" data-end=\"3482\">Avantage:<\/strong> Grande capacit\u00e9 de courant, construction robuste, installation facile, connexion fiable<\/p>\n<p data-start=\"3574\" data-end=\"3922\">\n","protected":false},"featured_media":15532,"template":"","meta":[],"product_brand":[],"product_cat":[442,444],"product_tag":[],"class_list":{"0":"post-12512","1":"product","2":"type-product","3":"status-publish","4":"has-post-thumbnail","6":"product_cat-aku-yedek-parcalari","7":"product_cat-aku-fisi","9":"first","10":"instock","11":"taxable","12":"shipping-taxable","13":"purchasable","14":"product-type-simple"},"_links":{"self":[{"href":"https:\/\/ceoparts.com\/fr\/wp-json\/wp\/v2\/product\/12512","targetHints":{"allow":["GET"]}}],"collection":[{"href":"https:\/\/ceoparts.com\/fr\/wp-json\/wp\/v2\/product"}],"about":[{"href":"https:\/\/ceoparts.com\/fr\/wp-json\/wp\/v2\/types\/product"}],"wp:featuredmedia":[{"embeddable":true,"href":"https:\/\/ceoparts.com\/fr\/wp-json\/wp\/v2\/media\/15532"}],"wp:attachment":[{"href":"https:\/\/ceoparts.com\/fr\/wp-json\/wp\/v2\/media?parent=12512"}],"wp:term":[{"taxonomy":"product_brand","embeddable":true,"href":"https:\/\/ceoparts.com\/fr\/wp-json\/wp\/v2\/product_brand?post=12512"},{"taxonomy":"product_cat","embeddable":true,"href":"https:\/\/ceoparts.com\/fr\/wp-json\/wp\/v2\/product_cat?post=12512"},{"taxonomy":"product_tag","embeddable":true,"href":"https:\/\/ceoparts.com\/fr\/wp-json\/wp\/v2\/product_tag?post=12512"}],"curies":[{"name":"wp","href":"https:\/\/api.w.org\/{rel}","templated":true}]}}