{"id":12544,"date":"2025-01-06T13:08:44","date_gmt":"2025-01-06T10:08:44","guid":{"rendered":"https:\/\/ceoparts.com\/?post_type=product&#038;p=12544"},"modified":"2026-05-16T18:58:26","modified_gmt":"2026-05-16T15:58:26","slug":"anderson-power-sbe320-aku-soketi-mavi","status":"publish","type":"product","link":"https:\/\/ceoparts.com\/fr\/urun\/anderson-power-sbe320-aku-soketi-mavi\/","title":{"rendered":"Prise de Batterie Anderson Power SBE320 Bleue"},"content":{"rendered":"<p>Prise de Batterie Anderson Power SBE320 Bleue<\/p>","protected":false},"excerpt":{"rendered":"<p data-start=\"0\" data-end=\"386\"><br data-start=\"3046\" data-end=\"3049\" \/>Connecteur de batterie Anderson Power SBE320 bleu est un connecteur durable avec une grande capacit\u00e9 de courant utilis\u00e9 dans les chariots \u00e9l\u00e9vateurs et v\u00e9hicules industriels. Le code couleur bleu facilite l\u2019identification de la borne n\u00e9gative. Sa construction robuste et ses mat\u00e9riaux de qualit\u00e9 offrent une connexion fiable et durable. Le design permet une installation et un retrait faciles.<\/p>\n<p data-start=\"3444\" data-end=\"3869\"><strong data-start=\"3444\" data-end=\"3466\">Caract\u00e9ristiques :<\/strong><br data-start=\"3466\" data-end=\"3469\" \/><strong data-start=\"3469\" data-end=\"3489\">Nom du produit :<\/strong> Connecteur de batterie Anderson Power SBE320 bleu<br data-start=\"3539\" data-end=\"3542\" \/><strong data-start=\"3542\" data-end=\"3558\">Code pi\u00e8ce :<\/strong> &#8211;<br data-start=\"3560\" data-end=\"3563\" \/><strong data-start=\"3563\" data-end=\"3577\">Mat\u00e9riau :<\/strong> Corps en plastique robuste, contacts conducteurs en cuivre<br data-start=\"3636\" data-end=\"3639\" \/><strong data-start=\"3639\" data-end=\"3665\">Domaine d\u2019utilisation:<\/strong> Chariots \u00e9l\u00e9vateurs, v\u00e9hicules \u00e9lectriques industriels, circuits haute intensit\u00e9<br data-start=\"3746\" data-end=\"3749\" \/><strong data-start=\"3749\" data-end=\"3762\">Avantage:<\/strong> Grande capacit\u00e9 de courant, connexion s\u00e9curis\u00e9e et robuste, installation facile, design cod\u00e9 par couleur<\/p>\n<p data-start=\"3871\" data-end=\"4263\">\n","protected":false},"featured_media":12697,"template":"","meta":[],"product_brand":[],"product_cat":[442,444],"product_tag":[],"class_list":{"0":"post-12544","1":"product","2":"type-product","3":"status-publish","4":"has-post-thumbnail","6":"product_cat-aku-yedek-parcalari","7":"product_cat-aku-fisi","9":"first","10":"instock","11":"taxable","12":"shipping-taxable","13":"purchasable","14":"product-type-simple"},"_links":{"self":[{"href":"https:\/\/ceoparts.com\/fr\/wp-json\/wp\/v2\/product\/12544","targetHints":{"allow":["GET"]}}],"collection":[{"href":"https:\/\/ceoparts.com\/fr\/wp-json\/wp\/v2\/product"}],"about":[{"href":"https:\/\/ceoparts.com\/fr\/wp-json\/wp\/v2\/types\/product"}],"wp:featuredmedia":[{"embeddable":true,"href":"https:\/\/ceoparts.com\/fr\/wp-json\/wp\/v2\/media\/12697"}],"wp:attachment":[{"href":"https:\/\/ceoparts.com\/fr\/wp-json\/wp\/v2\/media?parent=12544"}],"wp:term":[{"taxonomy":"product_brand","embeddable":true,"href":"https:\/\/ceoparts.com\/fr\/wp-json\/wp\/v2\/product_brand?post=12544"},{"taxonomy":"product_cat","embeddable":true,"href":"https:\/\/ceoparts.com\/fr\/wp-json\/wp\/v2\/product_cat?post=12544"},{"taxonomy":"product_tag","embeddable":true,"href":"https:\/\/ceoparts.com\/fr\/wp-json\/wp\/v2\/product_tag?post=12544"}],"curies":[{"name":"wp","href":"https:\/\/api.w.org\/{rel}","templated":true}]}}