{"id":12551,"date":"2025-01-06T13:18:59","date_gmt":"2025-01-06T10:18:59","guid":{"rendered":"https:\/\/ceoparts.com\/?post_type=product&#038;p=12551"},"modified":"2026-05-16T10:58:39","modified_gmt":"2026-05-16T07:58:39","slug":"anderson-power-sb175-aku-soketi-fisi-kirmizi","status":"publish","type":"product","link":"https:\/\/ceoparts.com\/fr\/urun\/anderson-power-sb175-aku-soketi-fisi-kirmizi\/","title":{"rendered":"Prise \/ Fiche de Batterie Anderson Power SB175 Rouge"},"content":{"rendered":"<p>Prise \/ Fiche de Batterie Anderson Power SB175 Rouge<\/p>","protected":false},"excerpt":{"rendered":"<p data-start=\"0\" data-end=\"359\"><br data-start=\"3006\" data-end=\"3009\" \/>Connecteur \/ prise de batterie Anderson Power SB175 rouge est un connecteur durable con\u00e7u pour des performances \u00e9lev\u00e9es dans les chariots \u00e9l\u00e9vateurs et v\u00e9hicules industriels. Il assure une transmission d\u2019\u00e9nergie s\u00fbre et ininterrompue avec une grande capacit\u00e9 de courant. Le code couleur rouge facilite l\u2019identification de la borne positive. Sa fonction d\u2019enfichage facile offre une utilisation pratique.<\/p>\n<p data-start=\"3414\" data-end=\"3838\"><strong data-start=\"3414\" data-end=\"3436\">Caract\u00e9ristiques :<\/strong><br data-start=\"3436\" data-end=\"3439\" \/><strong data-start=\"3439\" data-end=\"3459\">Nom du produit :<\/strong> Connecteur \/ prise de batterie Anderson Power SB175 rouge<br data-start=\"3517\" data-end=\"3520\" \/><strong data-start=\"3520\" data-end=\"3536\">Code pi\u00e8ce :<\/strong> &#8211;<br data-start=\"3538\" data-end=\"3541\" \/><strong data-start=\"3541\" data-end=\"3555\">Mat\u00e9riau :<\/strong> Corps en plastique robuste et contacts conducteurs en cuivre<br data-start=\"3616\" data-end=\"3619\" \/><strong data-start=\"3619\" data-end=\"3645\">Domaine d\u2019utilisation:<\/strong> Chariots \u00e9l\u00e9vateurs, v\u00e9hicules \u00e9lectriques industriels, circuits haute intensit\u00e9<br data-start=\"3726\" data-end=\"3729\" \/><strong data-start=\"3729\" data-end=\"3742\">Avantage:<\/strong> Grande capacit\u00e9 de courant, connexion s\u00e9curis\u00e9e, installation facile, design cod\u00e9 par couleur<\/p>\n<p data-start=\"3840\" data-end=\"4238\">\n","protected":false},"featured_media":12698,"template":"","meta":[],"product_brand":[],"product_cat":[442,444],"product_tag":[],"class_list":{"0":"post-12551","1":"product","2":"type-product","3":"status-publish","4":"has-post-thumbnail","6":"product_cat-aku-yedek-parcalari","7":"product_cat-aku-fisi","9":"first","10":"instock","11":"taxable","12":"shipping-taxable","13":"purchasable","14":"product-type-simple"},"_links":{"self":[{"href":"https:\/\/ceoparts.com\/fr\/wp-json\/wp\/v2\/product\/12551","targetHints":{"allow":["GET"]}}],"collection":[{"href":"https:\/\/ceoparts.com\/fr\/wp-json\/wp\/v2\/product"}],"about":[{"href":"https:\/\/ceoparts.com\/fr\/wp-json\/wp\/v2\/types\/product"}],"wp:featuredmedia":[{"embeddable":true,"href":"https:\/\/ceoparts.com\/fr\/wp-json\/wp\/v2\/media\/12698"}],"wp:attachment":[{"href":"https:\/\/ceoparts.com\/fr\/wp-json\/wp\/v2\/media?parent=12551"}],"wp:term":[{"taxonomy":"product_brand","embeddable":true,"href":"https:\/\/ceoparts.com\/fr\/wp-json\/wp\/v2\/product_brand?post=12551"},{"taxonomy":"product_cat","embeddable":true,"href":"https:\/\/ceoparts.com\/fr\/wp-json\/wp\/v2\/product_cat?post=12551"},{"taxonomy":"product_tag","embeddable":true,"href":"https:\/\/ceoparts.com\/fr\/wp-json\/wp\/v2\/product_tag?post=12551"}],"curies":[{"name":"wp","href":"https:\/\/api.w.org\/{rel}","templated":true}]}}