{"id":12559,"date":"2025-01-06T13:21:58","date_gmt":"2025-01-06T10:21:58","guid":{"rendered":"https:\/\/ceoparts.com\/?post_type=product&#038;p=12559"},"modified":"2026-05-16T16:34:14","modified_gmt":"2026-05-16T13:34:14","slug":"anderson-power-sb120-aku-soketi-fisi-kirmizi","status":"publish","type":"product","link":"https:\/\/ceoparts.com\/fr\/urun\/anderson-power-sb120-aku-soketi-fisi-kirmizi\/","title":{"rendered":"Prise \/ Fiche de Batterie Anderson Power SB120 Rouge"},"content":{"rendered":"<p>Prise \/ Fiche de Batterie Anderson Power SB120 Rouge<\/p>","protected":false},"excerpt":{"rendered":"<p data-start=\"0\" data-end=\"366\"><br data-start=\"3030\" data-end=\"3033\" \/>Connecteur \/ prise de batterie Anderson Power SB120 rouge est un connecteur durable et performant utilis\u00e9 dans les chariots \u00e9l\u00e9vateurs et v\u00e9hicules industriels. Il assure une transmission d\u2019\u00e9nergie fiable avec une grande capacit\u00e9 de courant. La couleur rouge facilite l\u2019identification de la borne positive. Sa fonction d\u2019enfichage facile offre une utilisation pratique.<\/p>\n<p data-start=\"3404\" data-end=\"3846\"><strong data-start=\"3404\" data-end=\"3426\">Caract\u00e9ristiques :<\/strong><br data-start=\"3426\" data-end=\"3429\" \/><strong data-start=\"3429\" data-end=\"3449\">Nom du produit :<\/strong> Connecteur \/ prise de batterie Anderson Power SB120 rouge<br data-start=\"3507\" data-end=\"3510\" \/><strong data-start=\"3510\" data-end=\"3526\">Code pi\u00e8ce :<\/strong> &#8211;<br data-start=\"3528\" data-end=\"3531\" \/><strong data-start=\"3531\" data-end=\"3545\">Mat\u00e9riau :<\/strong> Corps en plastique de haute qualit\u00e9, contacts conducteurs en cuivre<br data-start=\"3613\" data-end=\"3616\" \/><strong data-start=\"3616\" data-end=\"3642\">Domaine d\u2019utilisation:<\/strong> Chariots \u00e9l\u00e9vateurs, v\u00e9hicules \u00e9lectriques industriels, circuits haute intensit\u00e9<br data-start=\"3723\" data-end=\"3726\" \/><strong data-start=\"3726\" data-end=\"3739\">Avantage:<\/strong> Grande capacit\u00e9 de courant, connexion durable et s\u00e9curis\u00e9e, installation facile, design cod\u00e9 par couleur<\/p>\n<p data-start=\"3848\" data-end=\"4229\">\n","protected":false},"featured_media":12568,"template":"","meta":[],"product_brand":[],"product_cat":[442,444],"product_tag":[],"class_list":{"0":"post-12559","1":"product","2":"type-product","3":"status-publish","4":"has-post-thumbnail","6":"product_cat-aku-yedek-parcalari","7":"product_cat-aku-fisi","9":"first","10":"instock","11":"taxable","12":"shipping-taxable","13":"purchasable","14":"product-type-simple"},"_links":{"self":[{"href":"https:\/\/ceoparts.com\/fr\/wp-json\/wp\/v2\/product\/12559","targetHints":{"allow":["GET"]}}],"collection":[{"href":"https:\/\/ceoparts.com\/fr\/wp-json\/wp\/v2\/product"}],"about":[{"href":"https:\/\/ceoparts.com\/fr\/wp-json\/wp\/v2\/types\/product"}],"wp:featuredmedia":[{"embeddable":true,"href":"https:\/\/ceoparts.com\/fr\/wp-json\/wp\/v2\/media\/12568"}],"wp:attachment":[{"href":"https:\/\/ceoparts.com\/fr\/wp-json\/wp\/v2\/media?parent=12559"}],"wp:term":[{"taxonomy":"product_brand","embeddable":true,"href":"https:\/\/ceoparts.com\/fr\/wp-json\/wp\/v2\/product_brand?post=12559"},{"taxonomy":"product_cat","embeddable":true,"href":"https:\/\/ceoparts.com\/fr\/wp-json\/wp\/v2\/product_cat?post=12559"},{"taxonomy":"product_tag","embeddable":true,"href":"https:\/\/ceoparts.com\/fr\/wp-json\/wp\/v2\/product_tag?post=12559"}],"curies":[{"name":"wp","href":"https:\/\/api.w.org\/{rel}","templated":true}]}}