{"id":12569,"date":"2025-01-06T13:48:23","date_gmt":"2025-01-06T10:48:23","guid":{"rendered":"https:\/\/ceoparts.com\/?post_type=product&#038;p=12569"},"modified":"2026-05-16T21:02:46","modified_gmt":"2026-05-16T18:02:46","slug":"anderson-power-sbe160-aku-soketi-fisi-kirmizi","status":"publish","type":"product","link":"https:\/\/ceoparts.com\/fr\/urun\/anderson-power-sbe160-aku-soketi-fisi-kirmizi\/","title":{"rendered":"Prise \/ Fiche de Batterie Anderson Power SBE160A Rouge"},"content":{"rendered":"<p>Prise \/ Fiche de Batterie Anderson Power SBE160A Rouge<\/p>","protected":false},"excerpt":{"rendered":"<p data-start=\"0\" data-end=\"393\"><br data-start=\"3088\" data-end=\"3091\" \/>Connecteur \/ prise de batterie Anderson Power SBE160A rouge est une prise de connexion haute qualit\u00e9 et durable utilis\u00e9e dans les chariots \u00e9l\u00e9vateurs et v\u00e9hicules industriels. Sa capacit\u00e9 de transport de courant \u00e9lev\u00e9e assure une transmission d&#8217;\u00e9nergie s\u00fbre et ininterrompue. Le code couleur rouge facilite l&#8217;identification de la borne positive. Le design permet une installation et un retrait faciles.<\/p>\n<p data-start=\"3495\" data-end=\"3939\"><strong data-start=\"3495\" data-end=\"3517\">Caract\u00e9ristiques :<\/strong><br data-start=\"3517\" data-end=\"3520\" \/><strong data-start=\"3520\" data-end=\"3540\">Nom du produit :<\/strong> Connecteur \/ prise de batterie Anderson Power SBE160A rouge<br data-start=\"3600\" data-end=\"3603\" \/><strong data-start=\"3603\" data-end=\"3619\">Code pi\u00e8ce :<\/strong> &#8211;<br data-start=\"3621\" data-end=\"3624\" \/><strong data-start=\"3624\" data-end=\"3638\">Mat\u00e9riau :<\/strong> Corps en plastique de haute qualit\u00e9, contacts conducteurs en cuivre<br data-start=\"3706\" data-end=\"3709\" \/><strong data-start=\"3709\" data-end=\"3735\">Domaine d\u2019utilisation:<\/strong> Chariots \u00e9l\u00e9vateurs, v\u00e9hicules \u00e9lectriques industriels, circuits haute intensit\u00e9<br data-start=\"3816\" data-end=\"3819\" \/><strong data-start=\"3819\" data-end=\"3832\">Avantage:<\/strong> Grande capacit\u00e9 de courant, connexion durable et s\u00e9curis\u00e9e, installation facile, design cod\u00e9 par couleur<\/p>\n<p data-start=\"3941\" data-end=\"4352\">\n","protected":false},"featured_media":12699,"template":"","meta":[],"product_brand":[],"product_cat":[442,444],"product_tag":[],"class_list":{"0":"post-12569","1":"product","2":"type-product","3":"status-publish","4":"has-post-thumbnail","6":"product_cat-aku-yedek-parcalari","7":"product_cat-aku-fisi","9":"first","10":"instock","11":"taxable","12":"shipping-taxable","13":"purchasable","14":"product-type-simple"},"_links":{"self":[{"href":"https:\/\/ceoparts.com\/fr\/wp-json\/wp\/v2\/product\/12569","targetHints":{"allow":["GET"]}}],"collection":[{"href":"https:\/\/ceoparts.com\/fr\/wp-json\/wp\/v2\/product"}],"about":[{"href":"https:\/\/ceoparts.com\/fr\/wp-json\/wp\/v2\/types\/product"}],"wp:featuredmedia":[{"embeddable":true,"href":"https:\/\/ceoparts.com\/fr\/wp-json\/wp\/v2\/media\/12699"}],"wp:attachment":[{"href":"https:\/\/ceoparts.com\/fr\/wp-json\/wp\/v2\/media?parent=12569"}],"wp:term":[{"taxonomy":"product_brand","embeddable":true,"href":"https:\/\/ceoparts.com\/fr\/wp-json\/wp\/v2\/product_brand?post=12569"},{"taxonomy":"product_cat","embeddable":true,"href":"https:\/\/ceoparts.com\/fr\/wp-json\/wp\/v2\/product_cat?post=12569"},{"taxonomy":"product_tag","embeddable":true,"href":"https:\/\/ceoparts.com\/fr\/wp-json\/wp\/v2\/product_tag?post=12569"}],"curies":[{"name":"wp","href":"https:\/\/api.w.org\/{rel}","templated":true}]}}