{"id":12596,"date":"2025-01-06T15:41:18","date_gmt":"2025-01-06T12:41:18","guid":{"rendered":"https:\/\/ceoparts.com\/?post_type=product&#038;p=12596"},"modified":"2026-05-16T13:15:48","modified_gmt":"2026-05-16T10:15:48","slug":"125a-forklift-sigortasi","status":"publish","type":"product","link":"https:\/\/ceoparts.com\/fr\/urun\/125a-forklift-sigortasi\/","title":{"rendered":"Fusible 125 A ANL"},"content":{"rendered":"<p>Fusible 125 A ANL<\/p>","protected":false},"excerpt":{"rendered":"<p data-start=\"0\" data-end=\"390\"><br data-start=\"3067\" data-end=\"3070\" \/>Le fusible 125 ANL est un fusible haute intensit\u00e9 robuste utilis\u00e9 pour prot\u00e9ger les circuits \u00e9lectriques des chariots \u00e9l\u00e9vateurs et v\u00e9hicules industriels \u00e9lectriques. Il coupe le circuit en cas de court-circuit ou de surintensit\u00e9 dans les syst\u00e8mes \u00e0 batterie et \u00e0 forte intensit\u00e9, pr\u00e9venant ainsi les dommages. Sa structure solide et rempla\u00e7able assure une utilisation s\u00fbre et durable en milieu industriel.<\/p>\n<p data-start=\"3478\" data-end=\"3942\"><strong data-start=\"3478\" data-end=\"3500\">Caract\u00e9ristiques :<\/strong><br data-start=\"3500\" data-end=\"3503\" \/><strong data-start=\"3503\" data-end=\"3523\">Nom du produit :<\/strong> Fusible 125 ANL<br data-start=\"3539\" data-end=\"3542\" \/><strong data-start=\"3542\" data-end=\"3558\">Code pi\u00e8ce :<\/strong> &#8211;<br data-start=\"3560\" data-end=\"3563\" \/><strong data-start=\"3563\" data-end=\"3577\">Mat\u00e9riau :<\/strong> Connexions terminales en m\u00e9tal nickel\u00e9, corps en plastique composite r\u00e9sistant \u00e0 la chaleur<br data-start=\"3669\" data-end=\"3672\" \/><strong data-start=\"3672\" data-end=\"3698\">Domaine d\u2019utilisation:<\/strong> Syst\u00e8mes de batterie pour chariots \u00e9l\u00e9vateurs, transpalettes \u00e9lectriques, circuits industriels DC<br data-start=\"3796\" data-end=\"3799\" \/><strong data-start=\"3799\" data-end=\"3812\">Avantage:<\/strong> Protection haute intensit\u00e9, s\u00e9curit\u00e9 contre courts-circuits, installation et remplacement faciles, structure robuste et durable<\/p>\n<p data-start=\"3944\" data-end=\"4340\">\n","protected":false},"featured_media":12597,"template":"","meta":[],"product_brand":[],"product_cat":[442,443],"product_tag":[],"class_list":{"0":"post-12596","1":"product","2":"type-product","3":"status-publish","4":"has-post-thumbnail","6":"product_cat-aku-yedek-parcalari","7":"product_cat-aku-parcalari","9":"first","10":"instock","11":"taxable","12":"shipping-taxable","13":"purchasable","14":"product-type-simple"},"_links":{"self":[{"href":"https:\/\/ceoparts.com\/fr\/wp-json\/wp\/v2\/product\/12596","targetHints":{"allow":["GET"]}}],"collection":[{"href":"https:\/\/ceoparts.com\/fr\/wp-json\/wp\/v2\/product"}],"about":[{"href":"https:\/\/ceoparts.com\/fr\/wp-json\/wp\/v2\/types\/product"}],"wp:featuredmedia":[{"embeddable":true,"href":"https:\/\/ceoparts.com\/fr\/wp-json\/wp\/v2\/media\/12597"}],"wp:attachment":[{"href":"https:\/\/ceoparts.com\/fr\/wp-json\/wp\/v2\/media?parent=12596"}],"wp:term":[{"taxonomy":"product_brand","embeddable":true,"href":"https:\/\/ceoparts.com\/fr\/wp-json\/wp\/v2\/product_brand?post=12596"},{"taxonomy":"product_cat","embeddable":true,"href":"https:\/\/ceoparts.com\/fr\/wp-json\/wp\/v2\/product_cat?post=12596"},{"taxonomy":"product_tag","embeddable":true,"href":"https:\/\/ceoparts.com\/fr\/wp-json\/wp\/v2\/product_tag?post=12596"}],"curies":[{"name":"wp","href":"https:\/\/api.w.org\/{rel}","templated":true}]}}