{"id":12630,"date":"2025-01-06T17:20:22","date_gmt":"2025-01-06T14:20:22","guid":{"rendered":"https:\/\/ceoparts.com\/?post_type=product&#038;p=12630"},"modified":"2026-05-16T11:50:29","modified_gmt":"2026-05-16T08:50:29","slug":"forklift-dc-dc-konverter-voltaj-dusurucu-48v-24v-15a","status":"publish","type":"product","link":"https:\/\/ceoparts.com\/fr\/urun\/forklift-dc-dc-konverter-voltaj-dusurucu-48v-24v-15a\/","title":{"rendered":"R\u00e9ducteur de tension DC-DC pour chariot \u00e9l\u00e9vateur 48V vers 24V 15A"},"content":{"rendered":"<p>R\u00e9ducteur de tension DC-DC pour chariot \u00e9l\u00e9vateur 48V vers 24V 15A<\/p>","protected":false},"excerpt":{"rendered":"<p data-start=\"0\" data-end=\"284\"><br data-start=\"2492\" data-end=\"2495\" \/>Convertisseur DC-DC pour chariot \u00e9l\u00e9vateur abaisseur de tension 48V-24V 15A est un dispositif de conversion de haute qualit\u00e9 utilis\u00e9 dans les chariots \u00e9l\u00e9vateurs et machines. Il convertit une tension d\u2019entr\u00e9e de 48V en une sortie de 24V avec une capacit\u00e9 de courant de 15 amp\u00e8res. Supporte un fonctionnement stable et s\u00e9curis\u00e9 des syst\u00e8mes \u00e9lectroniques.<\/p>\n<p data-start=\"2851\" data-end=\"3230\"><strong data-start=\"2851\" data-end=\"2873\">Caract\u00e9ristiques :<\/strong><br data-start=\"2873\" data-end=\"2876\" \/><strong data-start=\"2876\" data-end=\"2896\">Nom du produit :<\/strong> Convertisseur DC-DC pour chariot \u00e9l\u00e9vateur abaisseur de tension 48V-24V 15A<br data-start=\"2972\" data-end=\"2975\" \/><strong data-start=\"2975\" data-end=\"2991\">Code pi\u00e8ce :<\/strong> &#8211;<br data-start=\"2993\" data-end=\"2996\" \/><strong data-start=\"2996\" data-end=\"3010\">Mat\u00e9riau :<\/strong> Composants \u00e9lectroniques durables<br data-start=\"3044\" data-end=\"3047\" \/><strong data-start=\"3047\" data-end=\"3073\">Domaine d\u2019utilisation:<\/strong> Syst\u00e8mes \u00e9lectroniques des chariots \u00e9l\u00e9vateurs et machines<br data-start=\"3132\" data-end=\"3135\" \/><strong data-start=\"3135\" data-end=\"3148\">Avantage:<\/strong> Haute efficacit\u00e9, sortie de tension stable, protection contre les surintensit\u00e9s<\/p>\n<p data-start=\"3232\" data-end=\"3574\">\n","protected":false},"featured_media":12636,"template":"","meta":[],"product_brand":[],"product_cat":[442,448],"product_tag":[],"class_list":{"0":"post-12630","1":"product","2":"type-product","3":"status-publish","4":"has-post-thumbnail","6":"product_cat-aku-yedek-parcalari","7":"product_cat-guc-kaynaklari","9":"first","10":"instock","11":"taxable","12":"shipping-taxable","13":"purchasable","14":"product-type-simple"},"_links":{"self":[{"href":"https:\/\/ceoparts.com\/fr\/wp-json\/wp\/v2\/product\/12630","targetHints":{"allow":["GET"]}}],"collection":[{"href":"https:\/\/ceoparts.com\/fr\/wp-json\/wp\/v2\/product"}],"about":[{"href":"https:\/\/ceoparts.com\/fr\/wp-json\/wp\/v2\/types\/product"}],"wp:featuredmedia":[{"embeddable":true,"href":"https:\/\/ceoparts.com\/fr\/wp-json\/wp\/v2\/media\/12636"}],"wp:attachment":[{"href":"https:\/\/ceoparts.com\/fr\/wp-json\/wp\/v2\/media?parent=12630"}],"wp:term":[{"taxonomy":"product_brand","embeddable":true,"href":"https:\/\/ceoparts.com\/fr\/wp-json\/wp\/v2\/product_brand?post=12630"},{"taxonomy":"product_cat","embeddable":true,"href":"https:\/\/ceoparts.com\/fr\/wp-json\/wp\/v2\/product_cat?post=12630"},{"taxonomy":"product_tag","embeddable":true,"href":"https:\/\/ceoparts.com\/fr\/wp-json\/wp\/v2\/product_tag?post=12630"}],"curies":[{"name":"wp","href":"https:\/\/api.w.org\/{rel}","templated":true}]}}