{"id":12652,"date":"2025-01-06T18:22:51","date_gmt":"2025-01-06T15:22:51","guid":{"rendered":"https:\/\/ceoparts.com\/?post_type=product&#038;p=12652"},"modified":"2026-05-16T15:15:16","modified_gmt":"2026-05-16T12:15:16","slug":"still-aku-kilit-mekanizmasi-0531035","status":"publish","type":"product","link":"https:\/\/ceoparts.com\/fr\/urun\/still-aku-kilit-mekanizmasi-0531035\/","title":{"rendered":"M\u00e9canisme de verrouillage de batterie Still &#8211; 0531035"},"content":{"rendered":"<p>M\u00e9canisme de verrouillage de batterie Still &#8211; 0531035<\/p>","protected":false},"excerpt":{"rendered":"<p data-start=\"0\" data-end=\"198\"><br data-start=\"1927\" data-end=\"1930\" \/>M\u00e9canisme de verrouillage de batterie Still \u2013 0531035 est une pi\u00e8ce d\u2019origine utilis\u00e9e dans les chariots \u00e9l\u00e9vateurs et machines Still. Assure la fermeture s\u00e9curis\u00e9e et \u00e9tanche des couvercles du compartiment batterie.<\/p>\n<p data-start=\"2148\" data-end=\"2468\"><strong data-start=\"2148\" data-end=\"2170\">Caract\u00e9ristiques :<\/strong><br data-start=\"2170\" data-end=\"2173\" \/><strong data-start=\"2173\" data-end=\"2193\">Nom du produit :<\/strong> M\u00e9canisme de verrouillage de batterie Still<br data-start=\"2237\" data-end=\"2240\" \/><strong data-start=\"2240\" data-end=\"2256\">Code pi\u00e8ce :<\/strong> 0531035<br data-start=\"2264\" data-end=\"2267\" \/><strong data-start=\"2267\" data-end=\"2281\">Mat\u00e9riau :<\/strong> Alliage m\u00e9tallique et plastique durable<br data-start=\"2321\" data-end=\"2324\" \/><strong data-start=\"2324\" data-end=\"2350\">Domaine d\u2019utilisation:<\/strong> Compartiment batterie des chariots Still<br data-start=\"2391\" data-end=\"2394\" \/><strong data-start=\"2394\" data-end=\"2407\">Avantage:<\/strong> Verrouillage s\u00e9curis\u00e9, conception robuste, pi\u00e8ce d\u2019origine<\/p>\n<p data-start=\"2470\" data-end=\"2670\">\n","protected":false},"featured_media":17537,"template":"","meta":[],"product_brand":[],"product_cat":[524,236,241,441,442,443],"product_tag":[],"class_list":{"0":"post-12652","1":"product","2":"type-product","3":"status-publish","4":"has-post-thumbnail","6":"product_cat-yedek-parca-still","7":"product_cat-jungheinrich","8":"product_cat-still","9":"product_cat-yedek-parca","10":"product_cat-aku-yedek-parcalari","11":"product_cat-aku-parcalari","13":"first","14":"instock","15":"taxable","16":"shipping-taxable","17":"purchasable","18":"product-type-simple"},"_links":{"self":[{"href":"https:\/\/ceoparts.com\/fr\/wp-json\/wp\/v2\/product\/12652","targetHints":{"allow":["GET"]}}],"collection":[{"href":"https:\/\/ceoparts.com\/fr\/wp-json\/wp\/v2\/product"}],"about":[{"href":"https:\/\/ceoparts.com\/fr\/wp-json\/wp\/v2\/types\/product"}],"wp:featuredmedia":[{"embeddable":true,"href":"https:\/\/ceoparts.com\/fr\/wp-json\/wp\/v2\/media\/17537"}],"wp:attachment":[{"href":"https:\/\/ceoparts.com\/fr\/wp-json\/wp\/v2\/media?parent=12652"}],"wp:term":[{"taxonomy":"product_brand","embeddable":true,"href":"https:\/\/ceoparts.com\/fr\/wp-json\/wp\/v2\/product_brand?post=12652"},{"taxonomy":"product_cat","embeddable":true,"href":"https:\/\/ceoparts.com\/fr\/wp-json\/wp\/v2\/product_cat?post=12652"},{"taxonomy":"product_tag","embeddable":true,"href":"https:\/\/ceoparts.com\/fr\/wp-json\/wp\/v2\/product_tag?post=12652"}],"curies":[{"name":"wp","href":"https:\/\/api.w.org\/{rel}","templated":true}]}}