{"id":12659,"date":"2025-01-07T09:38:04","date_gmt":"2025-01-07T06:38:04","guid":{"rendered":"https:\/\/ceoparts.com\/?post_type=product&#038;p=12659"},"modified":"2026-05-16T14:33:54","modified_gmt":"2026-05-16T11:33:54","slug":"megaval-sigorta-100a-sari","status":"publish","type":"product","link":"https:\/\/ceoparts.com\/fr\/urun\/megaval-sigorta-100a-sari\/","title":{"rendered":"Megaval Assurance 100A Jaune"},"content":{"rendered":"<p>Megaval Assurance 100A Jaune<\/p>","protected":false},"excerpt":{"rendered":"<p data-start=\"0\" data-end=\"183\"><br data-start=\"1988\" data-end=\"1991\" \/>Fusible Megaval 100A Jaune est un fusible automobile durable con\u00e7u pour la protection contre les courants \u00e9lev\u00e9s. Utilis\u00e9 surtout dans les chariots \u00e9l\u00e9vateurs et machines pour prot\u00e9ger les batteries et circuits \u00e9lectriques.<\/p>\n<p data-start=\"2216\" data-end=\"2550\"><strong data-start=\"2216\" data-end=\"2238\">Caract\u00e9ristiques :<\/strong><br data-start=\"2238\" data-end=\"2241\" \/><strong data-start=\"2241\" data-end=\"2261\">Nom du produit :<\/strong> Fusible Megaval 100A Jaune<br data-start=\"2288\" data-end=\"2291\" \/><strong data-start=\"2291\" data-end=\"2307\">Code pi\u00e8ce :<\/strong> &#8211;<br data-start=\"2309\" data-end=\"2312\" \/><strong data-start=\"2312\" data-end=\"2326\">Mat\u00e9riau :<\/strong> Plastique durable et alliage m\u00e9tallique<br data-start=\"2366\" data-end=\"2369\" \/><strong data-start=\"2369\" data-end=\"2395\">Domaine d\u2019utilisation:<\/strong> Circuits \u00e9lectriques des chariots \u00e9l\u00e9vateurs et machines<br data-start=\"2452\" data-end=\"2455\" \/><strong data-start=\"2455\" data-end=\"2468\">Avantage:<\/strong> Protection contre les courants \u00e9lev\u00e9s, construction fiable, longue dur\u00e9e de vie<\/p>\n<p data-start=\"2552\" data-end=\"2781\">\n","protected":false},"featured_media":12660,"template":"","meta":[],"product_brand":[],"product_cat":[442,443],"product_tag":[],"class_list":{"0":"post-12659","1":"product","2":"type-product","3":"status-publish","4":"has-post-thumbnail","6":"product_cat-aku-yedek-parcalari","7":"product_cat-aku-parcalari","9":"first","10":"instock","11":"taxable","12":"shipping-taxable","13":"purchasable","14":"product-type-simple"},"_links":{"self":[{"href":"https:\/\/ceoparts.com\/fr\/wp-json\/wp\/v2\/product\/12659","targetHints":{"allow":["GET"]}}],"collection":[{"href":"https:\/\/ceoparts.com\/fr\/wp-json\/wp\/v2\/product"}],"about":[{"href":"https:\/\/ceoparts.com\/fr\/wp-json\/wp\/v2\/types\/product"}],"wp:featuredmedia":[{"embeddable":true,"href":"https:\/\/ceoparts.com\/fr\/wp-json\/wp\/v2\/media\/12660"}],"wp:attachment":[{"href":"https:\/\/ceoparts.com\/fr\/wp-json\/wp\/v2\/media?parent=12659"}],"wp:term":[{"taxonomy":"product_brand","embeddable":true,"href":"https:\/\/ceoparts.com\/fr\/wp-json\/wp\/v2\/product_brand?post=12659"},{"taxonomy":"product_cat","embeddable":true,"href":"https:\/\/ceoparts.com\/fr\/wp-json\/wp\/v2\/product_cat?post=12659"},{"taxonomy":"product_tag","embeddable":true,"href":"https:\/\/ceoparts.com\/fr\/wp-json\/wp\/v2\/product_tag?post=12659"}],"curies":[{"name":"wp","href":"https:\/\/api.w.org\/{rel}","templated":true}]}}