{"id":12664,"date":"2025-01-07T09:48:45","date_gmt":"2025-01-07T06:48:45","guid":{"rendered":"https:\/\/ceoparts.com\/?post_type=product&#038;p=12664"},"modified":"2026-05-16T13:10:39","modified_gmt":"2026-05-16T10:10:39","slug":"megaval-sigorta-250a-pembe","status":"publish","type":"product","link":"https:\/\/ceoparts.com\/fr\/urun\/megaval-sigorta-250a-pembe\/","title":{"rendered":"Megaval Assurance 250A Rose"},"content":{"rendered":"<p>Megaval Assurance 250A Rose<\/p>","protected":false},"excerpt":{"rendered":"<p data-start=\"0\" data-end=\"174\"><br data-start=\"1886\" data-end=\"1889\" \/>Fusible Megaval 250A Rose est un fusible durable utilis\u00e9 dans les chariots \u00e9l\u00e9vateurs et machines pour fournir une protection contre les courants \u00e9lev\u00e9s. Il am\u00e9liore la s\u00e9curit\u00e9 des circuits \u00e9lectriques.<\/p>\n<p data-start=\"2094\" data-end=\"2427\"><strong data-start=\"2094\" data-end=\"2116\">Caract\u00e9ristiques :<\/strong><br data-start=\"2116\" data-end=\"2119\" \/><strong data-start=\"2119\" data-end=\"2139\">Nom du produit :<\/strong> Fusible Megaval 250A Rose<br data-start=\"2165\" data-end=\"2168\" \/><strong data-start=\"2168\" data-end=\"2184\">Code pi\u00e8ce :<\/strong> &#8211;<br data-start=\"2186\" data-end=\"2189\" \/><strong data-start=\"2189\" data-end=\"2203\">Mat\u00e9riau :<\/strong> Plastique durable et alliage m\u00e9tallique<br data-start=\"2243\" data-end=\"2246\" \/><strong data-start=\"2246\" data-end=\"2272\">Domaine d\u2019utilisation:<\/strong> Circuits \u00e9lectriques des chariots \u00e9l\u00e9vateurs et machines<br data-start=\"2329\" data-end=\"2332\" \/><strong data-start=\"2332\" data-end=\"2345\">Avantage:<\/strong> Protection contre les courants \u00e9lev\u00e9s, construction fiable, longue dur\u00e9e de vie<\/p>\n<p data-start=\"2429\" data-end=\"2622\">\n","protected":false},"featured_media":12665,"template":"","meta":[],"product_brand":[],"product_cat":[442,443],"product_tag":[],"class_list":{"0":"post-12664","1":"product","2":"type-product","3":"status-publish","4":"has-post-thumbnail","6":"product_cat-aku-yedek-parcalari","7":"product_cat-aku-parcalari","9":"first","10":"instock","11":"taxable","12":"shipping-taxable","13":"purchasable","14":"product-type-simple"},"_links":{"self":[{"href":"https:\/\/ceoparts.com\/fr\/wp-json\/wp\/v2\/product\/12664","targetHints":{"allow":["GET"]}}],"collection":[{"href":"https:\/\/ceoparts.com\/fr\/wp-json\/wp\/v2\/product"}],"about":[{"href":"https:\/\/ceoparts.com\/fr\/wp-json\/wp\/v2\/types\/product"}],"wp:featuredmedia":[{"embeddable":true,"href":"https:\/\/ceoparts.com\/fr\/wp-json\/wp\/v2\/media\/12665"}],"wp:attachment":[{"href":"https:\/\/ceoparts.com\/fr\/wp-json\/wp\/v2\/media?parent=12664"}],"wp:term":[{"taxonomy":"product_brand","embeddable":true,"href":"https:\/\/ceoparts.com\/fr\/wp-json\/wp\/v2\/product_brand?post=12664"},{"taxonomy":"product_cat","embeddable":true,"href":"https:\/\/ceoparts.com\/fr\/wp-json\/wp\/v2\/product_cat?post=12664"},{"taxonomy":"product_tag","embeddable":true,"href":"https:\/\/ceoparts.com\/fr\/wp-json\/wp\/v2\/product_tag?post=12664"}],"curies":[{"name":"wp","href":"https:\/\/api.w.org\/{rel}","templated":true}]}}