{"id":12668,"date":"2025-01-07T14:45:33","date_gmt":"2025-01-07T11:45:33","guid":{"rendered":"https:\/\/ceoparts.com\/?post_type=product&#038;p=12668"},"modified":"2026-05-16T11:59:38","modified_gmt":"2026-05-16T08:59:38","slug":"megaval-sigorta-300a-gri","status":"publish","type":"product","link":"https:\/\/ceoparts.com\/fr\/urun\/megaval-sigorta-300a-gri\/","title":{"rendered":"Megaval Assurance 300A Gris"},"content":{"rendered":"<p>Megaval Assurance 300A Gris<\/p>","protected":false},"excerpt":{"rendered":"<p data-start=\"0\" data-end=\"172\"><br data-start=\"1878\" data-end=\"1881\" \/>Fusible Megaval 300A Gris est un fusible durable utilis\u00e9 dans les chariots \u00e9l\u00e9vateurs et machines pour fournir une protection contre les courants \u00e9lev\u00e9s. Il am\u00e9liore la s\u00e9curit\u00e9 des circuits \u00e9lectriques.<\/p>\n<p data-start=\"2086\" data-end=\"2419\"><strong data-start=\"2086\" data-end=\"2108\">Caract\u00e9ristiques :<\/strong><br data-start=\"2108\" data-end=\"2111\" \/><strong data-start=\"2111\" data-end=\"2131\">Nom du produit :<\/strong> Fusible Megaval 300A Gris<br data-start=\"2157\" data-end=\"2160\" \/><strong data-start=\"2160\" data-end=\"2176\">Code pi\u00e8ce :<\/strong> &#8211;<br data-start=\"2178\" data-end=\"2181\" \/><strong data-start=\"2181\" data-end=\"2195\">Mat\u00e9riau :<\/strong> Plastique durable et alliage m\u00e9tallique<br data-start=\"2235\" data-end=\"2238\" \/><strong data-start=\"2238\" data-end=\"2264\">Domaine d\u2019utilisation:<\/strong> Circuits \u00e9lectriques des chariots \u00e9l\u00e9vateurs et machines<br data-start=\"2321\" data-end=\"2324\" \/><strong data-start=\"2324\" data-end=\"2337\">Avantage:<\/strong> Protection contre les courants \u00e9lev\u00e9s, construction fiable, longue dur\u00e9e de vie<\/p>\n<p data-start=\"2421\" data-end=\"2616\">\n","protected":false},"featured_media":12669,"template":"","meta":[],"product_brand":[],"product_cat":[442,443],"product_tag":[],"class_list":{"0":"post-12668","1":"product","2":"type-product","3":"status-publish","4":"has-post-thumbnail","6":"product_cat-aku-yedek-parcalari","7":"product_cat-aku-parcalari","9":"first","10":"instock","11":"taxable","12":"shipping-taxable","13":"purchasable","14":"product-type-simple"},"_links":{"self":[{"href":"https:\/\/ceoparts.com\/fr\/wp-json\/wp\/v2\/product\/12668","targetHints":{"allow":["GET"]}}],"collection":[{"href":"https:\/\/ceoparts.com\/fr\/wp-json\/wp\/v2\/product"}],"about":[{"href":"https:\/\/ceoparts.com\/fr\/wp-json\/wp\/v2\/types\/product"}],"wp:featuredmedia":[{"embeddable":true,"href":"https:\/\/ceoparts.com\/fr\/wp-json\/wp\/v2\/media\/12669"}],"wp:attachment":[{"href":"https:\/\/ceoparts.com\/fr\/wp-json\/wp\/v2\/media?parent=12668"}],"wp:term":[{"taxonomy":"product_brand","embeddable":true,"href":"https:\/\/ceoparts.com\/fr\/wp-json\/wp\/v2\/product_brand?post=12668"},{"taxonomy":"product_cat","embeddable":true,"href":"https:\/\/ceoparts.com\/fr\/wp-json\/wp\/v2\/product_cat?post=12668"},{"taxonomy":"product_tag","embeddable":true,"href":"https:\/\/ceoparts.com\/fr\/wp-json\/wp\/v2\/product_tag?post=12668"}],"curies":[{"name":"wp","href":"https:\/\/api.w.org\/{rel}","templated":true}]}}