{"id":12674,"date":"2025-01-07T16:29:35","date_gmt":"2025-01-07T13:29:35","guid":{"rendered":"https:\/\/ceoparts.com\/?post_type=product&#038;p=12674"},"modified":"2026-05-16T11:59:07","modified_gmt":"2026-05-16T08:59:07","slug":"anderson-power-sb175-600v-aku-soketi-gri","status":"publish","type":"product","link":"https:\/\/ceoparts.com\/fr\/urun\/anderson-power-sb175-600v-aku-soketi-gri\/","title":{"rendered":"Anderson Power SB175 &#8211; 600V Connecteur de Batterie Gris"},"content":{"rendered":"<p>Anderson Power SB175 &#8211; 600V Connecteur de Batterie Gris<\/p>","protected":false},"excerpt":{"rendered":"<p data-start=\"0\" data-end=\"208\"><br data-start=\"2113\" data-end=\"2116\" \/>Connecteur de batterie Anderson Power SB175 \u2013 600V gris est un connecteur fiable et durable avec une grande capacit\u00e9 de transport de courant. Utilis\u00e9 couramment dans les applications industrielles et v\u00e9hicules \u00e9lectriques.<\/p>\n<p data-start=\"2340\" data-end=\"2720\"><strong data-start=\"2340\" data-end=\"2362\">Caract\u00e9ristiques :<\/strong><br data-start=\"2362\" data-end=\"2365\" \/><strong data-start=\"2365\" data-end=\"2385\">Nom du produit :<\/strong> Connecteur de batterie Anderson Power SB175 \u2013 600V gris<br data-start=\"2441\" data-end=\"2444\" \/><strong data-start=\"2444\" data-end=\"2460\">Code pi\u00e8ce :<\/strong> SB175<br data-start=\"2466\" data-end=\"2469\" \/><strong data-start=\"2469\" data-end=\"2483\">Mat\u00e9riau :<\/strong> M\u00e9lange PBT\/PC r\u00e9sistant aux produits chimiques<br data-start=\"2531\" data-end=\"2534\" \/><strong data-start=\"2534\" data-end=\"2560\">Domaine d\u2019utilisation:<\/strong> Chariots \u00e9l\u00e9vateurs \u00e9lectriques, machines, syst\u00e8mes de stockage d\u2019\u00e9nergie<br data-start=\"2634\" data-end=\"2637\" \/><strong data-start=\"2637\" data-end=\"2650\">Avantage:<\/strong> Grande capacit\u00e9 de courant, conception robuste, installation facile<\/p>\n<p data-start=\"2722\" data-end=\"2938\">\n","protected":false},"featured_media":12688,"template":"","meta":[],"product_brand":[],"product_cat":[251,442,444,518],"product_tag":[],"class_list":{"0":"post-12674","1":"product","2":"type-product","3":"status-publish","4":"has-post-thumbnail","6":"product_cat-bt","7":"product_cat-aku-yedek-parcalari","8":"product_cat-aku-fisi","9":"product_cat-yedek-parca-bt","11":"first","12":"instock","13":"taxable","14":"shipping-taxable","15":"purchasable","16":"product-type-simple"},"_links":{"self":[{"href":"https:\/\/ceoparts.com\/fr\/wp-json\/wp\/v2\/product\/12674","targetHints":{"allow":["GET"]}}],"collection":[{"href":"https:\/\/ceoparts.com\/fr\/wp-json\/wp\/v2\/product"}],"about":[{"href":"https:\/\/ceoparts.com\/fr\/wp-json\/wp\/v2\/types\/product"}],"wp:featuredmedia":[{"embeddable":true,"href":"https:\/\/ceoparts.com\/fr\/wp-json\/wp\/v2\/media\/12688"}],"wp:attachment":[{"href":"https:\/\/ceoparts.com\/fr\/wp-json\/wp\/v2\/media?parent=12674"}],"wp:term":[{"taxonomy":"product_brand","embeddable":true,"href":"https:\/\/ceoparts.com\/fr\/wp-json\/wp\/v2\/product_brand?post=12674"},{"taxonomy":"product_cat","embeddable":true,"href":"https:\/\/ceoparts.com\/fr\/wp-json\/wp\/v2\/product_cat?post=12674"},{"taxonomy":"product_tag","embeddable":true,"href":"https:\/\/ceoparts.com\/fr\/wp-json\/wp\/v2\/product_tag?post=12674"}],"curies":[{"name":"wp","href":"https:\/\/api.w.org\/{rel}","templated":true}]}}