{"id":12690,"date":"2025-01-07T17:03:29","date_gmt":"2025-01-07T14:03:29","guid":{"rendered":"https:\/\/ceoparts.com\/?post_type=product&#038;p=12690"},"modified":"2026-05-03T15:25:41","modified_gmt":"2026-05-03T12:25:41","slug":"anderson-power-sb50-600v-aku-soketi-gri","status":"publish","type":"product","link":"https:\/\/ceoparts.com\/fr\/urun\/anderson-power-sb50-600v-aku-soketi-gri\/","title":{"rendered":"Anderson Power SB50 600V Connecteur de Batterie Gris"},"content":{"rendered":"<p>Anderson Power SB50 600V Connecteur de Batterie Gris<\/p>","protected":false},"excerpt":{"rendered":"<p data-start=\"0\" data-end=\"202\"><br data-start=\"2098\" data-end=\"2101\" \/>Connecteur de batterie Anderson Power SB50 600V gris est un connecteur durable et fiable con\u00e7u pour des applications \u00e0 courant faible \u00e0 moyen. Utilis\u00e9 dans les v\u00e9hicules \u00e9lectriques et \u00e9quipements industriels.<\/p>\n<p data-start=\"2312\" data-end=\"2672\"><strong data-start=\"2312\" data-end=\"2334\">Caract\u00e9ristiques :<\/strong><br data-start=\"2334\" data-end=\"2337\" \/><strong data-start=\"2337\" data-end=\"2357\">Nom du produit :<\/strong> Connecteur de batterie Anderson Power SB50 600V gris<br data-start=\"2410\" data-end=\"2413\" \/><strong data-start=\"2413\" data-end=\"2429\">Code pi\u00e8ce :<\/strong> SB50<br data-start=\"2434\" data-end=\"2437\" \/><strong data-start=\"2437\" data-end=\"2451\">Mat\u00e9riau :<\/strong> M\u00e9lange PBT\/PC r\u00e9sistant aux produits chimiques<br data-start=\"2499\" data-end=\"2502\" \/><strong data-start=\"2502\" data-end=\"2528\">Domaine d\u2019utilisation:<\/strong> Chariots \u00e9l\u00e9vateurs \u00e9lectriques, machines, v\u00e9hicules industriels l\u00e9gers<br data-start=\"2600\" data-end=\"2603\" \/><strong data-start=\"2603\" data-end=\"2616\">Avantage:<\/strong> Design compact, connexion fiable, installation facile<\/p>\n<p data-start=\"2674\" data-end=\"2885\">\n","protected":false},"featured_media":12700,"template":"","meta":[],"product_brand":[],"product_cat":[444,518,251,442],"product_tag":[],"class_list":{"0":"post-12690","1":"product","2":"type-product","3":"status-publish","4":"has-post-thumbnail","6":"product_cat-aku-fisi","7":"product_cat-yedek-parca-bt","8":"product_cat-bt","9":"product_cat-aku-yedek-parcalari","11":"first","12":"instock","13":"taxable","14":"shipping-taxable","15":"purchasable","16":"product-type-simple"},"_links":{"self":[{"href":"https:\/\/ceoparts.com\/fr\/wp-json\/wp\/v2\/product\/12690","targetHints":{"allow":["GET"]}}],"collection":[{"href":"https:\/\/ceoparts.com\/fr\/wp-json\/wp\/v2\/product"}],"about":[{"href":"https:\/\/ceoparts.com\/fr\/wp-json\/wp\/v2\/types\/product"}],"wp:featuredmedia":[{"embeddable":true,"href":"https:\/\/ceoparts.com\/fr\/wp-json\/wp\/v2\/media\/12700"}],"wp:attachment":[{"href":"https:\/\/ceoparts.com\/fr\/wp-json\/wp\/v2\/media?parent=12690"}],"wp:term":[{"taxonomy":"product_brand","embeddable":true,"href":"https:\/\/ceoparts.com\/fr\/wp-json\/wp\/v2\/product_brand?post=12690"},{"taxonomy":"product_cat","embeddable":true,"href":"https:\/\/ceoparts.com\/fr\/wp-json\/wp\/v2\/product_cat?post=12690"},{"taxonomy":"product_tag","embeddable":true,"href":"https:\/\/ceoparts.com\/fr\/wp-json\/wp\/v2\/product_tag?post=12690"}],"curies":[{"name":"wp","href":"https:\/\/api.w.org\/{rel}","templated":true}]}}