{"id":12701,"date":"2025-01-08T10:01:11","date_gmt":"2025-01-08T07:01:11","guid":{"rendered":"https:\/\/ceoparts.com\/?post_type=product&#038;p=12701"},"modified":"2026-05-16T12:10:49","modified_gmt":"2026-05-16T09:10:49","slug":"anderson-power-sb50a-600v-aku-soketi-fisi-kirmizi","status":"publish","type":"product","link":"https:\/\/ceoparts.com\/fr\/urun\/anderson-power-sb50a-600v-aku-soketi-fisi-kirmizi\/","title":{"rendered":"Prise \/ Fiche de Batterie Anderson Power SB50A  600V Rouge"},"content":{"rendered":"<p>Prise \/ Fiche de Batterie Anderson Power SB50A  600V Rouge<\/p>\n<p>Prise \/ Fiche de Batterie Anderson Power SB50A  600V Rouge<\/p>\n<p><\/p>","protected":false},"excerpt":{"rendered":"<p data-start=\"1564\" data-end=\"1905\">Le connecteur\/prise batterie Anderson Power SB50A 600V offre une haute capacit\u00e9 de courant et est sp\u00e9cialement con\u00e7u pour les connexions de batteries de chariots \u00e9l\u00e9vateurs et d&#8217;\u00e9quipements industriels. Sa structure robuste et ses mat\u00e9riaux de qualit\u00e9 garantissent une longue dur\u00e9e de vie. Le codage couleur \u00e9vite les erreurs de branchement.<\/p>\n<p data-start=\"1907\" data-end=\"2106\"><strong data-start=\"1907\" data-end=\"1929\">Caract\u00e9ristiques :<\/strong><br data-start=\"1929\" data-end=\"1932\" \/>Mod\u00e8le : SB50A<br data-start=\"1946\" data-end=\"1949\" \/>Tension : 600V<br data-start=\"1963\" data-end=\"1966\" \/>Couleur : Rouge<br data-start=\"1981\" data-end=\"1984\" \/>Utilisation : Chariots \u00e9l\u00e9vateurs, connexions de batteries industrielles<br data-start=\"2056\" data-end=\"2059\" \/>Durabilit\u00e9 : R\u00e9sistant aux chocs et \u00e0 l&#8217;usure<\/p>\n","protected":false},"featured_media":12707,"template":"","meta":[],"product_brand":[],"product_cat":[442,444],"product_tag":[],"class_list":{"0":"post-12701","1":"product","2":"type-product","3":"status-publish","4":"has-post-thumbnail","6":"product_cat-aku-yedek-parcalari","7":"product_cat-aku-fisi","9":"first","10":"instock","11":"taxable","12":"shipping-taxable","13":"purchasable","14":"product-type-simple"},"_links":{"self":[{"href":"https:\/\/ceoparts.com\/fr\/wp-json\/wp\/v2\/product\/12701","targetHints":{"allow":["GET"]}}],"collection":[{"href":"https:\/\/ceoparts.com\/fr\/wp-json\/wp\/v2\/product"}],"about":[{"href":"https:\/\/ceoparts.com\/fr\/wp-json\/wp\/v2\/types\/product"}],"wp:featuredmedia":[{"embeddable":true,"href":"https:\/\/ceoparts.com\/fr\/wp-json\/wp\/v2\/media\/12707"}],"wp:attachment":[{"href":"https:\/\/ceoparts.com\/fr\/wp-json\/wp\/v2\/media?parent=12701"}],"wp:term":[{"taxonomy":"product_brand","embeddable":true,"href":"https:\/\/ceoparts.com\/fr\/wp-json\/wp\/v2\/product_brand?post=12701"},{"taxonomy":"product_cat","embeddable":true,"href":"https:\/\/ceoparts.com\/fr\/wp-json\/wp\/v2\/product_cat?post=12701"},{"taxonomy":"product_tag","embeddable":true,"href":"https:\/\/ceoparts.com\/fr\/wp-json\/wp\/v2\/product_tag?post=12701"}],"curies":[{"name":"wp","href":"https:\/\/api.w.org\/{rel}","templated":true}]}}