{"id":12708,"date":"2025-01-08T10:22:47","date_gmt":"2025-01-08T07:22:47","guid":{"rendered":"https:\/\/ceoparts.com\/?post_type=product&#038;p=12708"},"modified":"2026-05-16T14:03:57","modified_gmt":"2026-05-16T11:03:57","slug":"anderson-power-sb350a-600v-aku-soketi-fisi-kirmizi","status":"publish","type":"product","link":"https:\/\/ceoparts.com\/fr\/urun\/anderson-power-sb350a-600v-aku-soketi-fisi-kirmizi\/","title":{"rendered":"Prise \/ Fiche de Batterie Anderson Power SB350A  600V Rouge"},"content":{"rendered":"<p>Prise \/ Fiche de Batterie Anderson Power SB350A  600V Rouge<\/p>","protected":false},"excerpt":{"rendered":"<article class=\"text-token-text-primary w-full\" dir=\"auto\" data-testid=\"conversation-turn-197\" data-scroll-anchor=\"true\">\n<div class=\"text-base my-auto mx-auto py-5 [--thread-content-margin:--spacing(4)] @[37rem]:[--thread-content-margin:--spacing(6)] @[72rem]:[--thread-content-margin:--spacing(16)] px-(--thread-content-margin)\">\n<div class=\"[--thread-content-max-width:32rem] @[34rem]:[--thread-content-max-width:40rem] @[64rem]:[--thread-content-max-width:48rem] mx-auto flex max-w-(--thread-content-max-width) flex-1 text-base gap-4 md:gap-5 lg:gap-6 group\/turn-messages focus-visible:outline-hidden\" tabindex=\"-1\">\n<div class=\"group\/conversation-turn relative flex w-full min-w-0 flex-col agent-turn\">\n<div class=\"relative flex-col gap-1 md:gap-3\">\n<div class=\"flex max-w-full flex-col grow\">\n<div class=\"min-h-8 text-message relative flex w-full flex-col items-end gap-2 text-start break-words whitespace-normal [.text-message+&amp;]:mt-5\" dir=\"auto\" data-message-author-role=\"assistant\" data-message-id=\"46fa3fe1-29ed-4e1d-802f-7f836266ed83\" data-message-model-slug=\"gpt-4-1-mini\">\n<div class=\"flex w-full flex-col gap-1 empty:hidden first:pt-[3px]\">\n<div class=\"markdown prose dark:prose-invert w-full break-words light\">\n<p data-start=\"0\" data-end=\"228\"><br data-start=\"2259\" data-end=\"2262\" \/>Connecteur batterie Anderson Power SB350A 600V rouge est un connecteur durable et \u00e0 haute tension utilis\u00e9 dans les chariots \u00e9l\u00e9vateurs et machines. Il fournit une connexion s\u00fbre et fiable avec prise en charge 600V.<\/p>\n<p data-start=\"2478\" data-end=\"2848\"><strong data-start=\"2478\" data-end=\"2500\">Caract\u00e9ristiques :<\/strong><br data-start=\"2500\" data-end=\"2503\" \/><strong data-start=\"2503\" data-end=\"2523\">Nom du produit :<\/strong> Connecteur batterie Anderson Power SB350A 600V rouge<br data-start=\"2576\" data-end=\"2579\" \/><strong data-start=\"2579\" data-end=\"2595\">Code pi\u00e8ce :<\/strong> SB350A<br data-start=\"2602\" data-end=\"2605\" \/><strong data-start=\"2605\" data-end=\"2619\">Mat\u00e9riau :<\/strong> Plastique de haute qualit\u00e9 et alliage m\u00e9tallique<br data-start=\"2668\" data-end=\"2671\" \/><strong data-start=\"2671\" data-end=\"2697\">Domaine d\u2019utilisation:<\/strong> Connexion de batterie pour chariots \u00e9l\u00e9vateurs et machines<br data-start=\"2756\" data-end=\"2759\" \/><strong data-start=\"2759\" data-end=\"2772\">Avantage:<\/strong> Haute prise en charge de tension, conception robuste, connexion s\u00e9curis\u00e9e<\/p>\n<p data-start=\"2850\" data-end=\"3067\">\n","protected":false},"featured_media":12714,"template":"","meta":[],"product_brand":[],"product_cat":[442,444],"product_tag":[],"class_list":{"0":"post-12708","1":"product","2":"type-product","3":"status-publish","4":"has-post-thumbnail","6":"product_cat-aku-yedek-parcalari","7":"product_cat-aku-fisi","9":"first","10":"instock","11":"taxable","12":"shipping-taxable","13":"purchasable","14":"product-type-simple"},"_links":{"self":[{"href":"https:\/\/ceoparts.com\/fr\/wp-json\/wp\/v2\/product\/12708","targetHints":{"allow":["GET"]}}],"collection":[{"href":"https:\/\/ceoparts.com\/fr\/wp-json\/wp\/v2\/product"}],"about":[{"href":"https:\/\/ceoparts.com\/fr\/wp-json\/wp\/v2\/types\/product"}],"wp:featuredmedia":[{"embeddable":true,"href":"https:\/\/ceoparts.com\/fr\/wp-json\/wp\/v2\/media\/12714"}],"wp:attachment":[{"href":"https:\/\/ceoparts.com\/fr\/wp-json\/wp\/v2\/media?parent=12708"}],"wp:term":[{"taxonomy":"product_brand","embeddable":true,"href":"https:\/\/ceoparts.com\/fr\/wp-json\/wp\/v2\/product_brand?post=12708"},{"taxonomy":"product_cat","embeddable":true,"href":"https:\/\/ceoparts.com\/fr\/wp-json\/wp\/v2\/product_cat?post=12708"},{"taxonomy":"product_tag","embeddable":true,"href":"https:\/\/ceoparts.com\/fr\/wp-json\/wp\/v2\/product_tag?post=12708"}],"curies":[{"name":"wp","href":"https:\/\/api.w.org\/{rel}","templated":true}]}}