{"id":12715,"date":"2025-01-08T10:42:55","date_gmt":"2025-01-08T07:42:55","guid":{"rendered":"https:\/\/ceoparts.com\/?post_type=product&#038;p=12715"},"modified":"2026-05-16T09:34:41","modified_gmt":"2026-05-16T06:34:41","slug":"anderson-power-sb320-600v-aku-soketi-gri","status":"publish","type":"product","link":"https:\/\/ceoparts.com\/fr\/urun\/anderson-power-sb320-600v-aku-soketi-gri\/","title":{"rendered":"Anderson Power SBE320 600V Connecteur de Batterie Gris"},"content":{"rendered":"<p>Anderson Power SBE320 600V Connecteur de Batterie Gris<\/p>","protected":false},"excerpt":{"rendered":"<p data-start=\"0\" data-end=\"213\"><br data-start=\"2198\" data-end=\"2201\" \/>Connecteur batterie Anderson Power SBE320 600V gris est un connecteur durable et \u00e0 haute tension utilis\u00e9 dans les chariots \u00e9l\u00e9vateurs et machines. Fournit une connexion s\u00fbre et fiable avec prise en charge 600V.<\/p>\n<p data-start=\"2413\" data-end=\"2782\"><strong data-start=\"2413\" data-end=\"2435\">Caract\u00e9ristiques :<\/strong><br data-start=\"2435\" data-end=\"2438\" \/><strong data-start=\"2438\" data-end=\"2458\">Nom du produit :<\/strong> Connecteur batterie Anderson Power SBE320 600V gris<br data-start=\"2510\" data-end=\"2513\" \/><strong data-start=\"2513\" data-end=\"2529\">Code pi\u00e8ce :<\/strong> SBE320<br data-start=\"2536\" data-end=\"2539\" \/><strong data-start=\"2539\" data-end=\"2553\">Mat\u00e9riau :<\/strong> Plastique de haute qualit\u00e9 et alliage m\u00e9tallique<br data-start=\"2602\" data-end=\"2605\" \/><strong data-start=\"2605\" data-end=\"2631\">Domaine d\u2019utilisation:<\/strong> Connexion de batterie pour chariots \u00e9l\u00e9vateurs et machines<br data-start=\"2690\" data-end=\"2693\" \/><strong data-start=\"2693\" data-end=\"2706\">Avantage:<\/strong> Haute prise en charge de tension, conception robuste, connexion s\u00e9curis\u00e9e<\/p>\n<p data-start=\"2784\" data-end=\"3002\">\n","protected":false},"featured_media":12721,"template":"","meta":[],"product_brand":[],"product_cat":[442,444],"product_tag":[],"class_list":{"0":"post-12715","1":"product","2":"type-product","3":"status-publish","4":"has-post-thumbnail","6":"product_cat-aku-yedek-parcalari","7":"product_cat-aku-fisi","9":"first","10":"instock","11":"taxable","12":"shipping-taxable","13":"purchasable","14":"product-type-simple"},"_links":{"self":[{"href":"https:\/\/ceoparts.com\/fr\/wp-json\/wp\/v2\/product\/12715","targetHints":{"allow":["GET"]}}],"collection":[{"href":"https:\/\/ceoparts.com\/fr\/wp-json\/wp\/v2\/product"}],"about":[{"href":"https:\/\/ceoparts.com\/fr\/wp-json\/wp\/v2\/types\/product"}],"wp:featuredmedia":[{"embeddable":true,"href":"https:\/\/ceoparts.com\/fr\/wp-json\/wp\/v2\/media\/12721"}],"wp:attachment":[{"href":"https:\/\/ceoparts.com\/fr\/wp-json\/wp\/v2\/media?parent=12715"}],"wp:term":[{"taxonomy":"product_brand","embeddable":true,"href":"https:\/\/ceoparts.com\/fr\/wp-json\/wp\/v2\/product_brand?post=12715"},{"taxonomy":"product_cat","embeddable":true,"href":"https:\/\/ceoparts.com\/fr\/wp-json\/wp\/v2\/product_cat?post=12715"},{"taxonomy":"product_tag","embeddable":true,"href":"https:\/\/ceoparts.com\/fr\/wp-json\/wp\/v2\/product_tag?post=12715"}],"curies":[{"name":"wp","href":"https:\/\/api.w.org\/{rel}","templated":true}]}}