{"id":12722,"date":"2025-01-08T11:01:48","date_gmt":"2025-01-08T08:01:48","guid":{"rendered":"https:\/\/ceoparts.com\/?post_type=product&#038;p=12722"},"modified":"2026-05-16T10:53:11","modified_gmt":"2026-05-16T07:53:11","slug":"anderson-power-sbe320-aku-soketi-fisi-kirmizi","status":"publish","type":"product","link":"https:\/\/ceoparts.com\/fr\/urun\/anderson-power-sbe320-aku-soketi-fisi-kirmizi\/","title":{"rendered":"Prise \/ Fiche de Batterie Anderson Power SBE 320 Rouge"},"content":{"rendered":"<p>Prise \/ Fiche de Batterie Anderson Power SBE 320 Rouge<\/p>","protected":false},"excerpt":{"rendered":"<p data-start=\"0\" data-end=\"213\"><br data-start=\"2169\" data-end=\"2172\" \/>Connecteur \/ prise batterie Anderson Power SBE 320 rouge est un connecteur durable et \u00e0 haute capacit\u00e9 de courant utilis\u00e9 dans les chariots \u00e9l\u00e9vateurs et machines. De couleur rouge, il assure une connexion s\u00fbre et fiable.<\/p>\n<p data-start=\"2395\" data-end=\"2762\"><strong data-start=\"2395\" data-end=\"2417\">Caract\u00e9ristiques :<\/strong><br data-start=\"2417\" data-end=\"2420\" \/><strong data-start=\"2420\" data-end=\"2440\">Nom du produit :<\/strong> Connecteur \/ prise batterie Anderson Power SBE 320 rouge<br data-start=\"2497\" data-end=\"2500\" \/><strong data-start=\"2500\" data-end=\"2516\">Code pi\u00e8ce :<\/strong> SBE320<br data-start=\"2523\" data-end=\"2526\" \/><strong data-start=\"2526\" data-end=\"2540\">Mat\u00e9riau :<\/strong> Plastique de haute qualit\u00e9 et alliage m\u00e9tallique<br data-start=\"2589\" data-end=\"2592\" \/><strong data-start=\"2592\" data-end=\"2618\">Domaine d\u2019utilisation:<\/strong> Connexion de batterie pour chariots \u00e9l\u00e9vateurs et machines<br data-start=\"2677\" data-end=\"2680\" \/><strong data-start=\"2680\" data-end=\"2693\">Avantage:<\/strong> Haute capacit\u00e9 de courant, conception robuste, connexion s\u00e9curis\u00e9e<\/p>\n<p data-start=\"2764\" data-end=\"2994\">\n","protected":false},"featured_media":12728,"template":"","meta":[],"product_brand":[],"product_cat":[442,444],"product_tag":[],"class_list":{"0":"post-12722","1":"product","2":"type-product","3":"status-publish","4":"has-post-thumbnail","6":"product_cat-aku-yedek-parcalari","7":"product_cat-aku-fisi","9":"first","10":"instock","11":"taxable","12":"shipping-taxable","13":"purchasable","14":"product-type-simple"},"_links":{"self":[{"href":"https:\/\/ceoparts.com\/fr\/wp-json\/wp\/v2\/product\/12722","targetHints":{"allow":["GET"]}}],"collection":[{"href":"https:\/\/ceoparts.com\/fr\/wp-json\/wp\/v2\/product"}],"about":[{"href":"https:\/\/ceoparts.com\/fr\/wp-json\/wp\/v2\/types\/product"}],"wp:featuredmedia":[{"embeddable":true,"href":"https:\/\/ceoparts.com\/fr\/wp-json\/wp\/v2\/media\/12728"}],"wp:attachment":[{"href":"https:\/\/ceoparts.com\/fr\/wp-json\/wp\/v2\/media?parent=12722"}],"wp:term":[{"taxonomy":"product_brand","embeddable":true,"href":"https:\/\/ceoparts.com\/fr\/wp-json\/wp\/v2\/product_brand?post=12722"},{"taxonomy":"product_cat","embeddable":true,"href":"https:\/\/ceoparts.com\/fr\/wp-json\/wp\/v2\/product_cat?post=12722"},{"taxonomy":"product_tag","embeddable":true,"href":"https:\/\/ceoparts.com\/fr\/wp-json\/wp\/v2\/product_tag?post=12722"}],"curies":[{"name":"wp","href":"https:\/\/api.w.org\/{rel}","templated":true}]}}