{"id":12729,"date":"2025-01-08T11:38:22","date_gmt":"2025-01-08T08:38:22","guid":{"rendered":"https:\/\/ceoparts.com\/?post_type=product&#038;p=12729"},"modified":"2026-05-16T11:03:20","modified_gmt":"2026-05-16T08:03:20","slug":"anderson-power-sb120-aku-soketi-gri","status":"publish","type":"product","link":"https:\/\/ceoparts.com\/fr\/urun\/anderson-power-sb120-aku-soketi-gri\/","title":{"rendered":"Anderson Power SB120 Connecteur de Batterie Gris"},"content":{"rendered":"<p>Anderson Power SB120 Connecteur de Batterie Gris<\/p>","protected":false},"excerpt":{"rendered":"<p data-start=\"0\" data-end=\"196\"><br data-start=\"2091\" data-end=\"2094\" \/>Connecteur \/ prise batterie Anderson Power SB120 gris est un connecteur durable et \u00e0 haute capacit\u00e9 de courant utilis\u00e9 dans les chariots \u00e9l\u00e9vateurs et machines. De couleur grise, il assure une connexion s\u00fbre et fiable.<\/p>\n<p data-start=\"2314\" data-end=\"2677\"><strong data-start=\"2314\" data-end=\"2336\">Caract\u00e9ristiques :<\/strong><br data-start=\"2336\" data-end=\"2339\" \/><strong data-start=\"2339\" data-end=\"2359\">Nom du produit :<\/strong> Connecteur \/ prise batterie Anderson Power SB120 gris<br data-start=\"2413\" data-end=\"2416\" \/><strong data-start=\"2416\" data-end=\"2432\">Code pi\u00e8ce :<\/strong> SB120<br data-start=\"2438\" data-end=\"2441\" \/><strong data-start=\"2441\" data-end=\"2455\">Mat\u00e9riau :<\/strong> Plastique de haute qualit\u00e9 et alliage m\u00e9tallique<br data-start=\"2504\" data-end=\"2507\" \/><strong data-start=\"2507\" data-end=\"2533\">Domaine d\u2019utilisation:<\/strong> Connexion de batterie pour chariots \u00e9l\u00e9vateurs et machines<br data-start=\"2592\" data-end=\"2595\" \/><strong data-start=\"2595\" data-end=\"2608\">Avantage:<\/strong> Haute capacit\u00e9 de courant, conception robuste, connexion s\u00e9curis\u00e9e<\/p>\n<p data-start=\"2679\" data-end=\"2909\">\n","protected":false},"featured_media":12735,"template":"","meta":[],"product_brand":[],"product_cat":[442,444],"product_tag":[],"class_list":{"0":"post-12729","1":"product","2":"type-product","3":"status-publish","4":"has-post-thumbnail","6":"product_cat-aku-yedek-parcalari","7":"product_cat-aku-fisi","9":"first","10":"instock","11":"taxable","12":"shipping-taxable","13":"purchasable","14":"product-type-simple"},"_links":{"self":[{"href":"https:\/\/ceoparts.com\/fr\/wp-json\/wp\/v2\/product\/12729","targetHints":{"allow":["GET"]}}],"collection":[{"href":"https:\/\/ceoparts.com\/fr\/wp-json\/wp\/v2\/product"}],"about":[{"href":"https:\/\/ceoparts.com\/fr\/wp-json\/wp\/v2\/types\/product"}],"wp:featuredmedia":[{"embeddable":true,"href":"https:\/\/ceoparts.com\/fr\/wp-json\/wp\/v2\/media\/12735"}],"wp:attachment":[{"href":"https:\/\/ceoparts.com\/fr\/wp-json\/wp\/v2\/media?parent=12729"}],"wp:term":[{"taxonomy":"product_brand","embeddable":true,"href":"https:\/\/ceoparts.com\/fr\/wp-json\/wp\/v2\/product_brand?post=12729"},{"taxonomy":"product_cat","embeddable":true,"href":"https:\/\/ceoparts.com\/fr\/wp-json\/wp\/v2\/product_cat?post=12729"},{"taxonomy":"product_tag","embeddable":true,"href":"https:\/\/ceoparts.com\/fr\/wp-json\/wp\/v2\/product_tag?post=12729"}],"curies":[{"name":"wp","href":"https:\/\/api.w.org\/{rel}","templated":true}]}}