{"id":12736,"date":"2025-01-08T12:01:16","date_gmt":"2025-01-08T09:01:16","guid":{"rendered":"https:\/\/ceoparts.com\/?post_type=product&#038;p=12736"},"modified":"2026-05-16T18:47:30","modified_gmt":"2026-05-16T15:47:30","slug":"anderson-power-sb320a-aku-soketi-fisi-siyah","status":"publish","type":"product","link":"https:\/\/ceoparts.com\/fr\/urun\/anderson-power-sb320a-aku-soketi-fisi-siyah\/","title":{"rendered":"Anderson Power SBE320A Prise de Batterie \/ Connecteur Noir"},"content":{"rendered":"<p>Anderson Power SBE320A Prise de Batterie \/ Connecteur Noir<\/p>","protected":false},"excerpt":{"rendered":"<p data-start=\"0\" data-end=\"214\"><br data-start=\"2206\" data-end=\"2209\" \/>Connecteur \/ prise batterie Anderson Power SBE320A noir est un connecteur durable et \u00e0 haute capacit\u00e9 de courant utilis\u00e9 dans les chariots \u00e9l\u00e9vateurs et machines. De couleur noire, il assure une connexion s\u00fbre et fiable.<\/p>\n<p data-start=\"2431\" data-end=\"2798\"><strong data-start=\"2431\" data-end=\"2453\">Caract\u00e9ristiques :<\/strong><br data-start=\"2453\" data-end=\"2456\" \/><strong data-start=\"2456\" data-end=\"2476\">Nom du produit :<\/strong> Connecteur \/ prise batterie Anderson Power SBE320A noir<br data-start=\"2532\" data-end=\"2535\" \/><strong data-start=\"2535\" data-end=\"2551\">Code pi\u00e8ce :<\/strong> SBE320A<br data-start=\"2559\" data-end=\"2562\" \/><strong data-start=\"2562\" data-end=\"2576\">Mat\u00e9riau :<\/strong> Plastique de haute qualit\u00e9 et alliage m\u00e9tallique<br data-start=\"2625\" data-end=\"2628\" \/><strong data-start=\"2628\" data-end=\"2654\">Domaine d\u2019utilisation:<\/strong> Connexion de batterie pour chariots \u00e9l\u00e9vateurs et machines<br data-start=\"2713\" data-end=\"2716\" \/><strong data-start=\"2716\" data-end=\"2729\">Avantage:<\/strong> Haute capacit\u00e9 de courant, conception robuste, connexion s\u00e9curis\u00e9e<\/p>\n<p data-start=\"2800\" data-end=\"3028\">\n","protected":false},"featured_media":12737,"template":"","meta":[],"product_brand":[],"product_cat":[442,444],"product_tag":[],"class_list":{"0":"post-12736","1":"product","2":"type-product","3":"status-publish","4":"has-post-thumbnail","6":"product_cat-aku-yedek-parcalari","7":"product_cat-aku-fisi","9":"first","10":"instock","11":"taxable","12":"shipping-taxable","13":"purchasable","14":"product-type-simple"},"_links":{"self":[{"href":"https:\/\/ceoparts.com\/fr\/wp-json\/wp\/v2\/product\/12736","targetHints":{"allow":["GET"]}}],"collection":[{"href":"https:\/\/ceoparts.com\/fr\/wp-json\/wp\/v2\/product"}],"about":[{"href":"https:\/\/ceoparts.com\/fr\/wp-json\/wp\/v2\/types\/product"}],"wp:featuredmedia":[{"embeddable":true,"href":"https:\/\/ceoparts.com\/fr\/wp-json\/wp\/v2\/media\/12737"}],"wp:attachment":[{"href":"https:\/\/ceoparts.com\/fr\/wp-json\/wp\/v2\/media?parent=12736"}],"wp:term":[{"taxonomy":"product_brand","embeddable":true,"href":"https:\/\/ceoparts.com\/fr\/wp-json\/wp\/v2\/product_brand?post=12736"},{"taxonomy":"product_cat","embeddable":true,"href":"https:\/\/ceoparts.com\/fr\/wp-json\/wp\/v2\/product_cat?post=12736"},{"taxonomy":"product_tag","embeddable":true,"href":"https:\/\/ceoparts.com\/fr\/wp-json\/wp\/v2\/product_tag?post=12736"}],"curies":[{"name":"wp","href":"https:\/\/api.w.org\/{rel}","templated":true}]}}