{"id":12762,"date":"2025-01-08T14:02:10","date_gmt":"2025-01-08T11:02:10","guid":{"rendered":"https:\/\/ceoparts.com\/?post_type=product&#038;p=12762"},"modified":"2026-05-16T14:06:55","modified_gmt":"2026-05-16T11:06:55","slug":"frotek-forklift-aku-baglanti-kablosu-50x150-6105010150","status":"publish","type":"product","link":"https:\/\/ceoparts.com\/fr\/urun\/frotek-forklift-aku-baglanti-kablosu-50x150-6105010150\/","title":{"rendered":"C\u00e2ble de Connexion de Batterie Frotek pour Chariot \u00c9l\u00e9vateur 50&#215;150 &#8211; 6105010150"},"content":{"rendered":"<p>C\u00e2ble de Connexion de Batterie Frotek pour Chariot \u00c9l\u00e9vateur 50&#215;150 &#8211; 6105010150<\/p>","protected":false},"excerpt":{"rendered":"<p data-start=\"0\" data-end=\"234\"><br data-start=\"2269\" data-end=\"2272\" \/>C\u00e2ble de connexion de cellule de batterie Fr\u00f6tek 50\u00d7150 est un c\u00e2ble durable et de haute qualit\u00e9 utilis\u00e9 dans les chariots \u00e9l\u00e9vateurs et machines. Il mesure 50 mm de largeur et 150 mm de longueur, assurant une transmission d\u2019\u00e9nergie s\u00fbre et fiable.<\/p>\n<p data-start=\"2522\" data-end=\"2894\"><strong data-start=\"2522\" data-end=\"2544\">Caract\u00e9ristiques :<\/strong><br data-start=\"2544\" data-end=\"2547\" \/><strong data-start=\"2547\" data-end=\"2567\">Nom du produit :<\/strong> C\u00e2ble de connexion de cellule de batterie Fr\u00f6tek 50\u00d7150<br data-start=\"2623\" data-end=\"2626\" \/><strong data-start=\"2626\" data-end=\"2642\">Code pi\u00e8ce :<\/strong> 6105010150<br data-start=\"2653\" data-end=\"2656\" \/><strong data-start=\"2656\" data-end=\"2670\">Mat\u00e9riau :<\/strong> Alliage m\u00e9tallique durable et c\u00e2ble de qualit\u00e9<br data-start=\"2717\" data-end=\"2720\" \/><strong data-start=\"2720\" data-end=\"2746\">Domaine d\u2019utilisation:<\/strong> Connexion de cellule de batterie pour chariots \u00e9l\u00e9vateurs et machines<br data-start=\"2816\" data-end=\"2819\" \/><strong data-start=\"2819\" data-end=\"2832\">Avantage:<\/strong> Haute conductivit\u00e9, conception robuste, longue dur\u00e9e de vie<\/p>\n<p data-start=\"2896\" data-end=\"3148\">\n","protected":false},"featured_media":12765,"template":"","meta":[],"product_brand":[],"product_cat":[442,446],"product_tag":[],"class_list":{"0":"post-12762","1":"product","2":"type-product","3":"status-publish","4":"has-post-thumbnail","6":"product_cat-aku-yedek-parcalari","7":"product_cat-aku-bar","9":"first","10":"instock","11":"taxable","12":"shipping-taxable","13":"purchasable","14":"product-type-simple"},"_links":{"self":[{"href":"https:\/\/ceoparts.com\/fr\/wp-json\/wp\/v2\/product\/12762","targetHints":{"allow":["GET"]}}],"collection":[{"href":"https:\/\/ceoparts.com\/fr\/wp-json\/wp\/v2\/product"}],"about":[{"href":"https:\/\/ceoparts.com\/fr\/wp-json\/wp\/v2\/types\/product"}],"wp:featuredmedia":[{"embeddable":true,"href":"https:\/\/ceoparts.com\/fr\/wp-json\/wp\/v2\/media\/12765"}],"wp:attachment":[{"href":"https:\/\/ceoparts.com\/fr\/wp-json\/wp\/v2\/media?parent=12762"}],"wp:term":[{"taxonomy":"product_brand","embeddable":true,"href":"https:\/\/ceoparts.com\/fr\/wp-json\/wp\/v2\/product_brand?post=12762"},{"taxonomy":"product_cat","embeddable":true,"href":"https:\/\/ceoparts.com\/fr\/wp-json\/wp\/v2\/product_cat?post=12762"},{"taxonomy":"product_tag","embeddable":true,"href":"https:\/\/ceoparts.com\/fr\/wp-json\/wp\/v2\/product_tag?post=12762"}],"curies":[{"name":"wp","href":"https:\/\/api.w.org\/{rel}","templated":true}]}}