{"id":12784,"date":"2025-01-08T15:54:17","date_gmt":"2025-01-08T12:54:17","guid":{"rendered":"https:\/\/ceoparts.com\/?post_type=product&#038;p=12784"},"modified":"2026-05-16T12:05:52","modified_gmt":"2026-05-16T09:05:52","slug":"35-mm-siyah-bakir-aku-kablosu-25-metre","status":"publish","type":"product","link":"https:\/\/ceoparts.com\/fr\/urun\/35-mm-siyah-bakir-aku-kablosu-25-metre\/","title":{"rendered":"C\u00e2ble de Batterie en Cuivre Noir 35 mm (25 m\u00e8tres)"},"content":{"rendered":"<p>C\u00e2ble de Batterie en Cuivre Noir 35 mm (25 m\u00e8tres)<\/p>","protected":false},"excerpt":{"rendered":"<p data-start=\"0\" data-end=\"217\"><br data-start=\"2164\" data-end=\"2167\" \/>C\u00e2ble de batterie en cuivre noir 35 mm (25 m\u00e8tres) est un c\u00e2ble de batterie en cuivre noir de haute qualit\u00e9 utilis\u00e9 dans les chariots \u00e9l\u00e9vateurs et machines. Il assure une transmission d\u2019\u00e9nergie s\u00fbre gr\u00e2ce \u00e0 sa structure durable et sa longueur de 25 m\u00e8tres.<\/p>\n<p data-start=\"2426\" data-end=\"2764\"><strong data-start=\"2426\" data-end=\"2448\">Caract\u00e9ristiques :<\/strong><br data-start=\"2448\" data-end=\"2451\" \/><strong data-start=\"2451\" data-end=\"2471\">Nom du produit :<\/strong> C\u00e2ble de batterie en cuivre noir 35 mm (25 m\u00e8tres)<br data-start=\"2522\" data-end=\"2525\" \/><strong data-start=\"2525\" data-end=\"2541\">Code pi\u00e8ce :<\/strong> \u2013<br data-start=\"2543\" data-end=\"2546\" \/><strong data-start=\"2546\" data-end=\"2560\">Mat\u00e9riau :<\/strong> Cuivre pur, isolation noire<br data-start=\"2588\" data-end=\"2591\" \/><strong data-start=\"2591\" data-end=\"2617\">Domaine d\u2019utilisation:<\/strong> Syst\u00e8me de connexion de batterie pour chariots \u00e9l\u00e9vateurs et machines<br data-start=\"2687\" data-end=\"2690\" \/><strong data-start=\"2690\" data-end=\"2703\">Avantage:<\/strong> Haute conductivit\u00e9, isolation durable, longue dur\u00e9e de vie<\/p>\n<p data-start=\"2766\" data-end=\"3011\">\n","protected":false},"featured_media":12785,"template":"","meta":[],"product_brand":[],"product_cat":[442,447],"product_tag":[],"class_list":{"0":"post-12784","1":"product","2":"type-product","3":"status-publish","4":"has-post-thumbnail","6":"product_cat-aku-yedek-parcalari","7":"product_cat-aku-kablolari","9":"first","10":"instock","11":"taxable","12":"shipping-taxable","13":"purchasable","14":"product-type-simple"},"_links":{"self":[{"href":"https:\/\/ceoparts.com\/fr\/wp-json\/wp\/v2\/product\/12784","targetHints":{"allow":["GET"]}}],"collection":[{"href":"https:\/\/ceoparts.com\/fr\/wp-json\/wp\/v2\/product"}],"about":[{"href":"https:\/\/ceoparts.com\/fr\/wp-json\/wp\/v2\/types\/product"}],"wp:featuredmedia":[{"embeddable":true,"href":"https:\/\/ceoparts.com\/fr\/wp-json\/wp\/v2\/media\/12785"}],"wp:attachment":[{"href":"https:\/\/ceoparts.com\/fr\/wp-json\/wp\/v2\/media?parent=12784"}],"wp:term":[{"taxonomy":"product_brand","embeddable":true,"href":"https:\/\/ceoparts.com\/fr\/wp-json\/wp\/v2\/product_brand?post=12784"},{"taxonomy":"product_cat","embeddable":true,"href":"https:\/\/ceoparts.com\/fr\/wp-json\/wp\/v2\/product_cat?post=12784"},{"taxonomy":"product_tag","embeddable":true,"href":"https:\/\/ceoparts.com\/fr\/wp-json\/wp\/v2\/product_tag?post=12784"}],"curies":[{"name":"wp","href":"https:\/\/api.w.org\/{rel}","templated":true}]}}