{"id":12794,"date":"2025-01-08T17:19:53","date_gmt":"2025-01-08T14:19:53","guid":{"rendered":"https:\/\/ceoparts.com\/?post_type=product&#038;p=12794"},"modified":"2026-05-16T15:00:43","modified_gmt":"2026-05-16T12:00:43","slug":"m10x18-aku-civatasi","status":"publish","type":"product","link":"https:\/\/ceoparts.com\/fr\/urun\/m10x18-aku-civatasi\/","title":{"rendered":"Boulon de Batterie M10x18"},"content":{"rendered":"<p>Boulon de Batterie M10x18<\/p>","protected":false},"excerpt":{"rendered":"<p data-start=\"0\" data-end=\"178\"><br data-start=\"1764\" data-end=\"1767\" \/>Boulon de batterie M10x18 est un boulon durable de diam\u00e8tre M10 et longueur 18 mm utilis\u00e9 dans les chariots \u00e9l\u00e9vateurs et machines. Sa construction robuste assure des connexions s\u00e9curis\u00e9es.<\/p>\n<p data-start=\"1958\" data-end=\"2243\"><strong data-start=\"1958\" data-end=\"1980\">Caract\u00e9ristiques :<\/strong><br data-start=\"1980\" data-end=\"1983\" \/><strong data-start=\"1983\" data-end=\"2003\">Nom du produit :<\/strong> Boulon de batterie M10x18<br data-start=\"2029\" data-end=\"2032\" \/><strong data-start=\"2032\" data-end=\"2048\">Code pi\u00e8ce :<\/strong> \u2013<br data-start=\"2050\" data-end=\"2053\" \/><strong data-start=\"2053\" data-end=\"2067\">Mat\u00e9riau :<\/strong> Alliage m\u00e9tallique durable<br data-start=\"2094\" data-end=\"2097\" \/><strong data-start=\"2097\" data-end=\"2123\">Domaine d\u2019utilisation:<\/strong> Syst\u00e8mes de connexion de batterie<br data-start=\"2157\" data-end=\"2160\" \/><strong data-start=\"2160\" data-end=\"2173\">Avantage:<\/strong> Construction robuste, r\u00e9sistant \u00e0 la corrosion, connexion s\u00e9curis\u00e9e<\/p>\n<p data-start=\"2245\" data-end=\"2440\">\n","protected":false},"featured_media":13516,"template":"","meta":[],"product_brand":[],"product_cat":[443,442],"product_tag":[],"class_list":{"0":"post-12794","1":"product","2":"type-product","3":"status-publish","4":"has-post-thumbnail","6":"product_cat-aku-parcalari","7":"product_cat-aku-yedek-parcalari","9":"first","10":"instock","11":"taxable","12":"shipping-taxable","13":"purchasable","14":"product-type-simple"},"_links":{"self":[{"href":"https:\/\/ceoparts.com\/fr\/wp-json\/wp\/v2\/product\/12794","targetHints":{"allow":["GET"]}}],"collection":[{"href":"https:\/\/ceoparts.com\/fr\/wp-json\/wp\/v2\/product"}],"about":[{"href":"https:\/\/ceoparts.com\/fr\/wp-json\/wp\/v2\/types\/product"}],"wp:featuredmedia":[{"embeddable":true,"href":"https:\/\/ceoparts.com\/fr\/wp-json\/wp\/v2\/media\/13516"}],"wp:attachment":[{"href":"https:\/\/ceoparts.com\/fr\/wp-json\/wp\/v2\/media?parent=12794"}],"wp:term":[{"taxonomy":"product_brand","embeddable":true,"href":"https:\/\/ceoparts.com\/fr\/wp-json\/wp\/v2\/product_brand?post=12794"},{"taxonomy":"product_cat","embeddable":true,"href":"https:\/\/ceoparts.com\/fr\/wp-json\/wp\/v2\/product_cat?post=12794"},{"taxonomy":"product_tag","embeddable":true,"href":"https:\/\/ceoparts.com\/fr\/wp-json\/wp\/v2\/product_tag?post=12794"}],"curies":[{"name":"wp","href":"https:\/\/api.w.org\/{rel}","templated":true}]}}