{"id":12798,"date":"2025-01-08T17:31:14","date_gmt":"2025-01-08T14:31:14","guid":{"rendered":"https:\/\/ceoparts.com\/?post_type=product&#038;p=12798"},"modified":"2026-05-16T17:33:14","modified_gmt":"2026-05-16T14:33:14","slug":"anderson-kirmizi-tutamak-175-350a-3859560","status":"publish","type":"product","link":"https:\/\/ceoparts.com\/fr\/urun\/anderson-kirmizi-tutamak-175-350a-3859560\/","title":{"rendered":"Poign\u00e9e Rouge Anderson 175\/350A &#8211; 995G3"},"content":{"rendered":"<p>Poign\u00e9e Rouge Anderson 175\/350A &#8211; 995G3<\/p>","protected":false},"excerpt":{"rendered":"<p data-start=\"0\" data-end=\"194\"><br data-start=\"1946\" data-end=\"1949\" \/>Pince rouge Anderson 175\/350A est une pi\u00e8ce de connexion rouge durable avec une grande capacit\u00e9 de courant utilis\u00e9e dans les chariots \u00e9l\u00e9vateurs et machines. Assure une connexion \u00e9lectrique s\u00e9curis\u00e9e.<\/p>\n<p data-start=\"2151\" data-end=\"2475\"><strong data-start=\"2151\" data-end=\"2173\">Caract\u00e9ristiques :<\/strong><br data-start=\"2173\" data-end=\"2176\" \/><strong data-start=\"2176\" data-end=\"2196\">Nom du produit :<\/strong> Pince rouge Anderson 175\/350A<br data-start=\"2226\" data-end=\"2229\" \/><strong data-start=\"2229\" data-end=\"2245\">Code pi\u00e8ce :<\/strong> 995G3<br data-start=\"2251\" data-end=\"2254\" \/><strong data-start=\"2254\" data-end=\"2268\">Mat\u00e9riau :<\/strong> Plastique et m\u00e9tal durables<br data-start=\"2296\" data-end=\"2299\" \/><strong data-start=\"2299\" data-end=\"2325\">Domaine d\u2019utilisation:<\/strong> Syst\u00e8me de connexion \u00e9lectrique pour chariots \u00e9l\u00e9vateurs et machines<br data-start=\"2394\" data-end=\"2397\" \/><strong data-start=\"2397\" data-end=\"2410\">Avantage:<\/strong> Haute capacit\u00e9 de courant, design robuste, connexion s\u00e9curis\u00e9e<\/p>\n<p data-start=\"2477\" data-end=\"2681\">\n","protected":false},"featured_media":12801,"template":"","meta":[],"product_brand":[],"product_cat":[442,443,444],"product_tag":[],"class_list":{"0":"post-12798","1":"product","2":"type-product","3":"status-publish","4":"has-post-thumbnail","6":"product_cat-aku-yedek-parcalari","7":"product_cat-aku-parcalari","8":"product_cat-aku-fisi","10":"first","11":"instock","12":"taxable","13":"shipping-taxable","14":"purchasable","15":"product-type-simple"},"_links":{"self":[{"href":"https:\/\/ceoparts.com\/fr\/wp-json\/wp\/v2\/product\/12798","targetHints":{"allow":["GET"]}}],"collection":[{"href":"https:\/\/ceoparts.com\/fr\/wp-json\/wp\/v2\/product"}],"about":[{"href":"https:\/\/ceoparts.com\/fr\/wp-json\/wp\/v2\/types\/product"}],"wp:featuredmedia":[{"embeddable":true,"href":"https:\/\/ceoparts.com\/fr\/wp-json\/wp\/v2\/media\/12801"}],"wp:attachment":[{"href":"https:\/\/ceoparts.com\/fr\/wp-json\/wp\/v2\/media?parent=12798"}],"wp:term":[{"taxonomy":"product_brand","embeddable":true,"href":"https:\/\/ceoparts.com\/fr\/wp-json\/wp\/v2\/product_brand?post=12798"},{"taxonomy":"product_cat","embeddable":true,"href":"https:\/\/ceoparts.com\/fr\/wp-json\/wp\/v2\/product_cat?post=12798"},{"taxonomy":"product_tag","embeddable":true,"href":"https:\/\/ceoparts.com\/fr\/wp-json\/wp\/v2\/product_tag?post=12798"}],"curies":[{"name":"wp","href":"https:\/\/api.w.org\/{rel}","templated":true}]}}