{"id":12802,"date":"2025-01-08T17:48:09","date_gmt":"2025-01-08T14:48:09","guid":{"rendered":"https:\/\/ceoparts.com\/?post_type=product&#038;p=12802"},"modified":"2026-05-16T15:27:33","modified_gmt":"2026-05-16T12:27:33","slug":"rema-80a-tutamak","status":"publish","type":"product","link":"https:\/\/ceoparts.com\/fr\/urun\/rema-80a-tutamak\/","title":{"rendered":"Poign\u00e9e Rema 80A"},"content":{"rendered":"<p>Poign\u00e9e Rema 80A<\/p>","protected":false},"excerpt":{"rendered":"<p data-start=\"0\" data-end=\"184\"><br data-start=\"1831\" data-end=\"1834\" \/>Pince Rema 80A est une pi\u00e8ce de connexion durable avec une capacit\u00e9 de 80 amp\u00e8res utilis\u00e9e dans les chariots \u00e9l\u00e9vateurs et machines. Elle assure des connexions \u00e9lectriques s\u00fbres et solides.<\/p>\n<p data-start=\"2025\" data-end=\"2330\"><strong data-start=\"2025\" data-end=\"2047\">Caract\u00e9ristiques :<\/strong><br data-start=\"2047\" data-end=\"2050\" \/><strong data-start=\"2050\" data-end=\"2070\">Nom du produit :<\/strong> Pince Rema 80A<br data-start=\"2085\" data-end=\"2088\" \/><strong data-start=\"2088\" data-end=\"2104\">Code pi\u00e8ce :<\/strong> \u2013<br data-start=\"2106\" data-end=\"2109\" \/><strong data-start=\"2109\" data-end=\"2123\">Mat\u00e9riau :<\/strong> M\u00e9tal et plastique durables<br data-start=\"2151\" data-end=\"2154\" \/><strong data-start=\"2154\" data-end=\"2180\">Domaine d\u2019utilisation:<\/strong> Syst\u00e8me de connexion \u00e9lectrique pour chariots \u00e9l\u00e9vateurs et machines<br data-start=\"2249\" data-end=\"2252\" \/><strong data-start=\"2252\" data-end=\"2265\">Avantage:<\/strong> Haute capacit\u00e9 de courant, design robuste, connexion s\u00e9curis\u00e9e<\/p>\n<p data-start=\"2332\" data-end=\"2518\">\n","protected":false},"featured_media":12808,"template":"","meta":[],"product_brand":[],"product_cat":[442,444],"product_tag":[],"class_list":{"0":"post-12802","1":"product","2":"type-product","3":"status-publish","4":"has-post-thumbnail","6":"product_cat-aku-yedek-parcalari","7":"product_cat-aku-fisi","9":"first","10":"instock","11":"taxable","12":"shipping-taxable","13":"purchasable","14":"product-type-simple"},"_links":{"self":[{"href":"https:\/\/ceoparts.com\/fr\/wp-json\/wp\/v2\/product\/12802","targetHints":{"allow":["GET"]}}],"collection":[{"href":"https:\/\/ceoparts.com\/fr\/wp-json\/wp\/v2\/product"}],"about":[{"href":"https:\/\/ceoparts.com\/fr\/wp-json\/wp\/v2\/types\/product"}],"wp:featuredmedia":[{"embeddable":true,"href":"https:\/\/ceoparts.com\/fr\/wp-json\/wp\/v2\/media\/12808"}],"wp:attachment":[{"href":"https:\/\/ceoparts.com\/fr\/wp-json\/wp\/v2\/media?parent=12802"}],"wp:term":[{"taxonomy":"product_brand","embeddable":true,"href":"https:\/\/ceoparts.com\/fr\/wp-json\/wp\/v2\/product_brand?post=12802"},{"taxonomy":"product_cat","embeddable":true,"href":"https:\/\/ceoparts.com\/fr\/wp-json\/wp\/v2\/product_cat?post=12802"},{"taxonomy":"product_tag","embeddable":true,"href":"https:\/\/ceoparts.com\/fr\/wp-json\/wp\/v2\/product_tag?post=12802"}],"curies":[{"name":"wp","href":"https:\/\/api.w.org\/{rel}","templated":true}]}}