{"id":12813,"date":"2025-01-09T09:52:53","date_gmt":"2025-01-09T06:52:53","guid":{"rendered":"https:\/\/ceoparts.com\/?post_type=product&#038;p=12813"},"modified":"2026-05-16T14:16:12","modified_gmt":"2026-05-16T11:16:12","slug":"linde-tasiyici-tekerlek-flansi-kelebek-2619114","status":"publish","type":"product","link":"https:\/\/ceoparts.com\/fr\/urun\/linde-tasiyici-tekerlek-flansi-kelebek-2619114\/","title":{"rendered":"BT Flasque de roue porteuse &#8211; 2619114"},"content":{"rendered":"<p>BT Flasque de roue porteuse &#8211; 2619114<\/p>","protected":false},"excerpt":{"rendered":"<p data-start=\"0\" data-end=\"190\"><br data-start=\"1929\" data-end=\"1932\" \/>Bride de roue porteuse papillon Linde est une pi\u00e8ce de bride de roue porteuse utilis\u00e9e dans les chariots \u00e9l\u00e9vateurs et machines. Sa structure durable et son design papillon offrent des performances \u00e9lev\u00e9es.<\/p>\n<p data-start=\"2140\" data-end=\"2457\"><strong data-start=\"2140\" data-end=\"2162\">Caract\u00e9ristiques :<\/strong><br data-start=\"2162\" data-end=\"2165\" \/><strong data-start=\"2165\" data-end=\"2185\">Nom du produit :<\/strong> Bride de roue porteuse papillon Linde<br data-start=\"2223\" data-end=\"2226\" \/><strong data-start=\"2226\" data-end=\"2242\">Code pi\u00e8ce :<\/strong> 2619114<br data-start=\"2250\" data-end=\"2253\" \/><strong data-start=\"2253\" data-end=\"2267\">Mat\u00e9riau :<\/strong> Alliage m\u00e9tallique solide<br data-start=\"2293\" data-end=\"2296\" \/><strong data-start=\"2296\" data-end=\"2322\">Domaine d\u2019utilisation:<\/strong> Syst\u00e8me de roue porteuse pour chariots \u00e9l\u00e9vateurs et machines<br data-start=\"2384\" data-end=\"2387\" \/><strong data-start=\"2387\" data-end=\"2400\">Avantage:<\/strong> Design durable, installation facile, haute performance<\/p>\n<p data-start=\"2459\" data-end=\"2663\">\n","protected":false},"featured_media":13845,"template":"","meta":[],"product_brand":[],"product_cat":[246,247,251,411],"product_tag":[],"class_list":{"0":"post-12813","1":"product","2":"type-product","3":"status-publish","4":"has-post-thumbnail","6":"product_cat-linde","7":"product_cat-denge-tekeri-linde","8":"product_cat-bt","9":"product_cat-parcalar-catal-mekanizma","11":"first","12":"instock","13":"taxable","14":"shipping-taxable","15":"purchasable","16":"product-type-simple"},"_links":{"self":[{"href":"https:\/\/ceoparts.com\/fr\/wp-json\/wp\/v2\/product\/12813","targetHints":{"allow":["GET"]}}],"collection":[{"href":"https:\/\/ceoparts.com\/fr\/wp-json\/wp\/v2\/product"}],"about":[{"href":"https:\/\/ceoparts.com\/fr\/wp-json\/wp\/v2\/types\/product"}],"wp:featuredmedia":[{"embeddable":true,"href":"https:\/\/ceoparts.com\/fr\/wp-json\/wp\/v2\/media\/13845"}],"wp:attachment":[{"href":"https:\/\/ceoparts.com\/fr\/wp-json\/wp\/v2\/media?parent=12813"}],"wp:term":[{"taxonomy":"product_brand","embeddable":true,"href":"https:\/\/ceoparts.com\/fr\/wp-json\/wp\/v2\/product_brand?post=12813"},{"taxonomy":"product_cat","embeddable":true,"href":"https:\/\/ceoparts.com\/fr\/wp-json\/wp\/v2\/product_cat?post=12813"},{"taxonomy":"product_tag","embeddable":true,"href":"https:\/\/ceoparts.com\/fr\/wp-json\/wp\/v2\/product_tag?post=12813"}],"curies":[{"name":"wp","href":"https:\/\/api.w.org\/{rel}","templated":true}]}}