{"id":12817,"date":"2025-01-09T13:50:35","date_gmt":"2025-01-09T10:50:35","guid":{"rendered":"https:\/\/ceoparts.com\/?post_type=product&#038;p=12817"},"modified":"2026-05-16T18:47:31","modified_gmt":"2026-05-16T15:47:31","slug":"forklift-dikiz-ayna-587202332071","status":"publish","type":"product","link":"https:\/\/ceoparts.com\/fr\/urun\/forklift-dikiz-ayna-587202332071\/","title":{"rendered":"Miroir de r\u00e9troviseur pour chariot \u00e9l\u00e9vateur &#8211; 205&#215;115 mm &#8211; 587202332071"},"content":{"rendered":"<p>Miroir de r\u00e9troviseur pour chariot \u00e9l\u00e9vateur &#8211; 205&#215;115 mm &#8211; 587202332071<\/p>","protected":false},"excerpt":{"rendered":"<article class=\"text-token-text-primary w-full\" dir=\"auto\" data-testid=\"conversation-turn-147\" data-scroll-anchor=\"true\">\n<div class=\"text-base my-auto mx-auto py-5 [--thread-content-margin:--spacing(4)] @[37rem]:[--thread-content-margin:--spacing(6)] @[72rem]:[--thread-content-margin:--spacing(16)] px-(--thread-content-margin)\">\n<div class=\"[--thread-content-max-width:32rem] @[34rem]:[--thread-content-max-width:40rem] @[64rem]:[--thread-content-max-width:48rem] mx-auto flex max-w-(--thread-content-max-width) flex-1 text-base gap-4 md:gap-5 lg:gap-6 group\/turn-messages focus-visible:outline-hidden\" tabindex=\"-1\">\n<div class=\"group\/conversation-turn relative flex w-full min-w-0 flex-col agent-turn\">\n<div class=\"relative flex-col gap-1 md:gap-3\">\n<div class=\"flex max-w-full flex-col grow\">\n<div class=\"min-h-8 text-message relative flex w-full flex-col items-end gap-2 text-start break-words whitespace-normal [.text-message+&amp;]:mt-5\" dir=\"auto\" data-message-author-role=\"assistant\" data-message-id=\"5a8cc671-307f-413c-a9a2-681eacd9c4b3\" data-message-model-slug=\"gpt-4-1-mini\">\n<div class=\"flex w-full flex-col gap-1 empty:hidden first:pt-[3px]\">\n<div class=\"markdown prose dark:prose-invert w-full break-words light\">\n<p data-start=\"0\" data-end=\"178\"><br data-start=\"1874\" data-end=\"1877\" \/>R\u00e9troviseur pour chariot \u00e9l\u00e9vateur de 205\u00d7115 mm, miroir durable utilis\u00e9 dans les chariots \u00e9l\u00e9vateurs et machines. Il am\u00e9liore la visibilit\u00e9 arri\u00e8re de l\u2019op\u00e9rateur pour plus de s\u00e9curit\u00e9.<\/p>\n<p data-start=\"2065\" data-end=\"2390\"><strong data-start=\"2065\" data-end=\"2087\">Caract\u00e9ristiques :<\/strong><br data-start=\"2087\" data-end=\"2090\" \/><strong data-start=\"2090\" data-end=\"2110\">Nom du produit :<\/strong> R\u00e9troviseur pour chariot \u00e9l\u00e9vateur<br data-start=\"2145\" data-end=\"2148\" \/><strong data-start=\"2148\" data-end=\"2164\">Code pi\u00e8ce :<\/strong> 587202332071<br data-start=\"2177\" data-end=\"2180\" \/><strong data-start=\"2180\" data-end=\"2194\">Mat\u00e9riau :<\/strong> Verre durable et cadre en plastique<br data-start=\"2230\" data-end=\"2233\" \/><strong data-start=\"2233\" data-end=\"2259\">Domaine d\u2019utilisation:<\/strong> Syst\u00e8me de vision arri\u00e8re pour chariots \u00e9l\u00e9vateurs et machines<br data-start=\"2322\" data-end=\"2325\" \/><strong data-start=\"2325\" data-end=\"2338\">Avantage:<\/strong> Image claire, design durable, installation facile<\/p>\n<p data-start=\"2392\" data-end=\"2599\">\n","protected":false},"featured_media":12840,"template":"","meta":[],"product_brand":[],"product_cat":[451,452],"product_tag":[],"class_list":{"0":"post-12817","1":"product","2":"type-product","3":"status-publish","4":"has-post-thumbnail","6":"product_cat-aksesuar-grubu","7":"product_cat-aynalar","9":"first","10":"instock","11":"taxable","12":"shipping-taxable","13":"purchasable","14":"product-type-simple"},"_links":{"self":[{"href":"https:\/\/ceoparts.com\/fr\/wp-json\/wp\/v2\/product\/12817","targetHints":{"allow":["GET"]}}],"collection":[{"href":"https:\/\/ceoparts.com\/fr\/wp-json\/wp\/v2\/product"}],"about":[{"href":"https:\/\/ceoparts.com\/fr\/wp-json\/wp\/v2\/types\/product"}],"wp:featuredmedia":[{"embeddable":true,"href":"https:\/\/ceoparts.com\/fr\/wp-json\/wp\/v2\/media\/12840"}],"wp:attachment":[{"href":"https:\/\/ceoparts.com\/fr\/wp-json\/wp\/v2\/media?parent=12817"}],"wp:term":[{"taxonomy":"product_brand","embeddable":true,"href":"https:\/\/ceoparts.com\/fr\/wp-json\/wp\/v2\/product_brand?post=12817"},{"taxonomy":"product_cat","embeddable":true,"href":"https:\/\/ceoparts.com\/fr\/wp-json\/wp\/v2\/product_cat?post=12817"},{"taxonomy":"product_tag","embeddable":true,"href":"https:\/\/ceoparts.com\/fr\/wp-json\/wp\/v2\/product_tag?post=12817"}],"curies":[{"name":"wp","href":"https:\/\/api.w.org\/{rel}","templated":true}]}}